{"id":36619,"date":"2026-03-25T03:52:31","date_gmt":"2026-03-25T07:52:31","guid":{"rendered":"https:\/\/luminairesgregoire.com\/?post_type=product&#038;p=36619"},"modified":"2026-04-18T04:44:50","modified_gmt":"2026-04-18T08:44:50","slug":"suspendu-ceramique-blanche-et-dore-clare-ipl2252b01gd","status":"publish","type":"product","link":"https:\/\/luminairesgregoire.com\/en\/product\/suspendu-ceramique-blanche-et-dore-clare-ipl2252b01gd\/","title":{"rendered":"SUSPENDU C\u00c9RAMIQUE BLANCHE ET DOR\u00c9- CLARE IPL2252B01GD"},"content":{"rendered":"<p data-start=\"0\" data-end=\"356\">La suspension CLARE sur tige apporte une touche de luxe discret et un charme intemporel aux int\u00e9rieurs modernes gr\u00e2ce \u00e0 son \u00e9l\u00e9gant fini dor\u00e9 et \u00e0 son abat-jour en c\u00e9ramique blanche c\u00f4tel\u00e9e. Sa surface textur\u00e9e ajoute de la profondeur et une sensation de calme, tout en diffusant doucement la lumi\u00e8re pour cr\u00e9er une \u00e9l\u00e9gance apaisante aux accents naturels.\u00a0Compacte avec une largeur de 5,5 pouces, mais ajustable en hauteur de 13,82 \u00e0 55,87 pouces, cette suspension \u00e0 1 lumi\u00e8re offre une grande flexibilit\u00e9 pour les cuisines, salles \u00e0 manger ou salles de bain. Con\u00e7ue pour une ampoule Type C de 60W, elle procure un \u00e9clairage fonctionnel dans un format \u00e9pur\u00e9 et contemporain.<\/p>\n","protected":false},"excerpt":{"rendered":"<p>La suspension CLARE sur tige apporte une touche de luxe discret et un charme intemporel aux int\u00e9rieurs modernes gr\u00e2ce \u00e0 son \u00e9l\u00e9gant fini dor\u00e9 et \u00e0 son abat-jour en c\u00e9ramique blanche c\u00f4tel\u00e9e. Sa surface textur\u00e9e ajoute de la profondeur et une sensation de calme, tout en diffusant doucement la lumi\u00e8re pour cr\u00e9er une \u00e9l\u00e9gance apaisante [&hellip;]<\/p>\n","protected":false},"featured_media":37017,"template":"","meta":{"_acf_changed":false},"product_brand":[6009],"product_cat":[8859,5835,5845],"product_tag":[7348],"class_list":{"0":"post-36619","1":"product","2":"type-product","3":"status-publish","4":"has-post-thumbnail","6":"product_brand-canarm","7":"product_cat-nouveautes","8":"product_cat-suspension","9":"product_cat-suspensions-simples","10":"product_tag-nouveaute-2026","11":"pa_couleur-verre-blanc-opalin","12":"pa_diametre-5-5","13":"pa_finis-or","14":"pa_garantie-1-an","16":"first","17":"instock","18":"taxable","19":"shipping-taxable","20":"purchasable","21":"product-type-simple"},"acf":[],"yoast_head":"<!-- This site is optimized with the Yoast SEO plugin v27.4 - https:\/\/yoast.com\/product\/yoast-seo-wordpress\/ -->\n<title>SUSPENDU C\u00c9RAMIQUE BLANCHE ET DOR\u00c9- CLARE IPL2252B01GD - Luminaires Paul Gr\u00e9goire<\/title>\n<meta name=\"description\" content=\"SUSPENDU C\u00c9RAMIQUE BLANCHE ET DOR\u00c9- CLARE IPL2252B01GD - Discover our collection of designer lighting \u2014 pendants, lamps, and ceiling lights \u2014 to brighten every space with style and elegance.\" \/>\n<meta name=\"robots\" content=\"index, follow, max-snippet:-1, max-image-preview:large, max-video-preview:-1\" \/>\n<link rel=\"canonical\" href=\"https:\/\/luminairesgregoire.com\/en\/product\/suspendu-ceramique-blanche-et-dore-clare-ipl2252b01gd\/\" \/>\n<meta property=\"og:locale\" content=\"en_US\" \/>\n<meta property=\"og:type\" content=\"article\" \/>\n<meta property=\"og:title\" content=\"SUSPENDU C\u00c9RAMIQUE BLANCHE ET DOR\u00c9- CLARE IPL2252B01GD - Luminaires Paul Gr\u00e9goire\" \/>\n<meta property=\"og:description\" content=\"SUSPENDU C\u00c9RAMIQUE BLANCHE ET DOR\u00c9- CLARE IPL2252B01GD - Discover our collection of designer lighting \u2014 pendants, lamps, and ceiling lights \u2014 to brighten every space with style and elegance.\" \/>\n<meta property=\"og:url\" content=\"https:\/\/luminairesgregoire.com\/en\/product\/suspendu-ceramique-blanche-et-dore-clare-ipl2252b01gd\/\" \/>\n<meta property=\"og:site_name\" content=\"Luminaires Paul Gr\u00e9goire\" \/>\n<meta property=\"article:modified_time\" content=\"2026-04-18T08:44:50+00:00\" \/>\n<meta property=\"og:image\" content=\"https:\/\/luminairesgregoire.com\/wp-content\/uploads\/2026\/03\/Votre-texte-de-paragraphe-2026-03-27T154936.664.webp\" \/>\n\t<meta property=\"og:image:width\" content=\"850\" \/>\n\t<meta property=\"og:image:height\" content=\"850\" \/>\n\t<meta property=\"og:image:type\" content=\"image\/jpeg\" \/>\n<meta name=\"twitter:card\" content=\"summary_large_image\" \/>\n<meta name=\"twitter:label1\" content=\"Est. reading time\" \/>\n\t<meta name=\"twitter:data1\" content=\"1 minute\" \/>\n<script type=\"application\/ld+json\" class=\"yoast-schema-graph\">{\"@context\":\"https:\\\/\\\/schema.org\",\"@graph\":[{\"@type\":\"WebPage\",\"@id\":\"https:\\\/\\\/luminairesgregoire.com\\\/en\\\/product\\\/suspendu-ceramique-blanche-et-dore-clare-ipl2252b01gd\\\/\",\"url\":\"https:\\\/\\\/luminairesgregoire.com\\\/en\\\/product\\\/suspendu-ceramique-blanche-et-dore-clare-ipl2252b01gd\\\/\",\"name\":\"SUSPENDU C\u00c9RAMIQUE BLANCHE ET DOR\u00c9- CLARE IPL2252B01GD - Luminaires Paul Gr\u00e9goire\",\"isPartOf\":{\"@id\":\"https:\\\/\\\/luminairesgregoire.com\\\/en\\\/#website\"},\"primaryImageOfPage\":{\"@id\":\"https:\\\/\\\/luminairesgregoire.com\\\/en\\\/product\\\/suspendu-ceramique-blanche-et-dore-clare-ipl2252b01gd\\\/#primaryimage\"},\"image\":{\"@id\":\"https:\\\/\\\/luminairesgregoire.com\\\/en\\\/product\\\/suspendu-ceramique-blanche-et-dore-clare-ipl2252b01gd\\\/#primaryimage\"},\"thumbnailUrl\":\"https:\\\/\\\/luminairesgregoire.com\\\/wp-content\\\/uploads\\\/2026\\\/03\\\/Votre-texte-de-paragraphe-2026-03-27T154936.664.webp\",\"datePublished\":\"2026-03-25T07:52:31+00:00\",\"dateModified\":\"2026-04-18T08:44:50+00:00\",\"description\":\"SUSPENDU C\u00c9RAMIQUE BLANCHE ET DOR\u00c9- CLARE IPL2252B01GD - Discover our collection of designer lighting \u2014 pendants, lamps, and ceiling lights \u2014 to brighten every space with style and elegance.\",\"breadcrumb\":{\"@id\":\"https:\\\/\\\/luminairesgregoire.com\\\/en\\\/product\\\/suspendu-ceramique-blanche-et-dore-clare-ipl2252b01gd\\\/#breadcrumb\"},\"inLanguage\":\"en-US\",\"potentialAction\":[{\"@type\":\"ReadAction\",\"target\":[\"https:\\\/\\\/luminairesgregoire.com\\\/en\\\/product\\\/suspendu-ceramique-blanche-et-dore-clare-ipl2252b01gd\\\/\"]}]},{\"@type\":\"ImageObject\",\"inLanguage\":\"en-US\",\"@id\":\"https:\\\/\\\/luminairesgregoire.com\\\/en\\\/product\\\/suspendu-ceramique-blanche-et-dore-clare-ipl2252b01gd\\\/#primaryimage\",\"url\":\"https:\\\/\\\/luminairesgregoire.com\\\/wp-content\\\/uploads\\\/2026\\\/03\\\/Votre-texte-de-paragraphe-2026-03-27T154936.664.webp\",\"contentUrl\":\"https:\\\/\\\/luminairesgregoire.com\\\/wp-content\\\/uploads\\\/2026\\\/03\\\/Votre-texte-de-paragraphe-2026-03-27T154936.664.webp\",\"width\":850,\"height\":850,\"caption\":\"SUSPENDU C\u00c9RAMIQUE BLANCHE ET DOR\u00c9- CLARE IPL2252B01GD\"},{\"@type\":\"BreadcrumbList\",\"@id\":\"https:\\\/\\\/luminairesgregoire.com\\\/en\\\/product\\\/suspendu-ceramique-blanche-et-dore-clare-ipl2252b01gd\\\/#breadcrumb\",\"itemListElement\":[{\"@type\":\"ListItem\",\"position\":1,\"name\":\"Home\",\"item\":\"https:\\\/\\\/luminairesgregoire.com\\\/en\\\/\"},{\"@type\":\"ListItem\",\"position\":2,\"name\":\"Store\",\"item\":\"https:\\\/\\\/luminairesgregoire.com\\\/en\\\/products\\\/\"},{\"@type\":\"ListItem\",\"position\":3,\"name\":\"SUSPENDU C\u00c9RAMIQUE BLANCHE ET DOR\u00c9- CLARE IPL2252B01GD\"}]},{\"@type\":\"WebSite\",\"@id\":\"https:\\\/\\\/luminairesgregoire.com\\\/en\\\/#website\",\"url\":\"https:\\\/\\\/luminairesgregoire.com\\\/en\\\/\",\"name\":\"Luminaires Paul Gr\u00e9goire\",\"description\":\"\",\"publisher\":{\"@id\":\"https:\\\/\\\/luminairesgregoire.com\\\/en\\\/#organization\"},\"potentialAction\":[{\"@type\":\"SearchAction\",\"target\":{\"@type\":\"EntryPoint\",\"urlTemplate\":\"https:\\\/\\\/luminairesgregoire.com\\\/en\\\/?s={search_term_string}\"},\"query-input\":{\"@type\":\"PropertyValueSpecification\",\"valueRequired\":true,\"valueName\":\"search_term_string\"}}],\"inLanguage\":\"en-US\"},{\"@type\":\"Organization\",\"@id\":\"https:\\\/\\\/luminairesgregoire.com\\\/en\\\/#organization\",\"name\":\"Luminaires Paul Gr\u00e9goire\",\"url\":\"https:\\\/\\\/luminairesgregoire.com\\\/en\\\/\",\"logo\":{\"@type\":\"ImageObject\",\"inLanguage\":\"en-US\",\"@id\":\"https:\\\/\\\/luminairesgregoire.com\\\/en\\\/#\\\/schema\\\/logo\\\/image\\\/\",\"url\":\"https:\\\/\\\/luminairesgregoire.com\\\/wp-content\\\/uploads\\\/2021\\\/05\\\/logo_CMYK-1-1.png\",\"contentUrl\":\"https:\\\/\\\/luminairesgregoire.com\\\/wp-content\\\/uploads\\\/2021\\\/05\\\/logo_CMYK-1-1.png\",\"width\":350,\"height\":164,\"caption\":\"Luminaires Paul Gr\u00e9goire\"},\"image\":{\"@id\":\"https:\\\/\\\/luminairesgregoire.com\\\/en\\\/#\\\/schema\\\/logo\\\/image\\\/\"}}]}<\/script>\n<!-- \/ Yoast SEO plugin. -->","yoast_head_json":{"title":"SUSPENDU C\u00c9RAMIQUE BLANCHE ET DOR\u00c9- CLARE IPL2252B01GD - Luminaires Paul Gr\u00e9goire","description":"SUSPENDU C\u00c9RAMIQUE BLANCHE ET DOR\u00c9- CLARE IPL2252B01GD - Discover our collection of designer lighting \u2014 pendants, lamps, and ceiling lights \u2014 to brighten every space with style and elegance.","robots":{"index":"index","follow":"follow","max-snippet":"max-snippet:-1","max-image-preview":"max-image-preview:large","max-video-preview":"max-video-preview:-1"},"canonical":"https:\/\/luminairesgregoire.com\/en\/product\/suspendu-ceramique-blanche-et-dore-clare-ipl2252b01gd\/","og_locale":"en_US","og_type":"article","og_title":"SUSPENDU C\u00c9RAMIQUE BLANCHE ET DOR\u00c9- CLARE IPL2252B01GD - Luminaires Paul Gr\u00e9goire","og_description":"SUSPENDU C\u00c9RAMIQUE BLANCHE ET DOR\u00c9- CLARE IPL2252B01GD - Discover our collection of designer lighting \u2014 pendants, lamps, and ceiling lights \u2014 to brighten every space with style and elegance.","og_url":"https:\/\/luminairesgregoire.com\/en\/product\/suspendu-ceramique-blanche-et-dore-clare-ipl2252b01gd\/","og_site_name":"Luminaires Paul Gr\u00e9goire","article_modified_time":"2026-04-18T08:44:50+00:00","og_image":[{"width":850,"height":850,"url":"https:\/\/luminairesgregoire.com\/wp-content\/uploads\/2026\/03\/Votre-texte-de-paragraphe-2026-03-27T154936.664.webp","type":"image\/jpeg"}],"twitter_card":"summary_large_image","twitter_misc":{"Est. reading time":"1 minute"},"schema":{"@context":"https:\/\/schema.org","@graph":[{"@type":"WebPage","@id":"https:\/\/luminairesgregoire.com\/en\/product\/suspendu-ceramique-blanche-et-dore-clare-ipl2252b01gd\/","url":"https:\/\/luminairesgregoire.com\/en\/product\/suspendu-ceramique-blanche-et-dore-clare-ipl2252b01gd\/","name":"SUSPENDU C\u00c9RAMIQUE BLANCHE ET DOR\u00c9- CLARE IPL2252B01GD - Luminaires Paul Gr\u00e9goire","isPartOf":{"@id":"https:\/\/luminairesgregoire.com\/en\/#website"},"primaryImageOfPage":{"@id":"https:\/\/luminairesgregoire.com\/en\/product\/suspendu-ceramique-blanche-et-dore-clare-ipl2252b01gd\/#primaryimage"},"image":{"@id":"https:\/\/luminairesgregoire.com\/en\/product\/suspendu-ceramique-blanche-et-dore-clare-ipl2252b01gd\/#primaryimage"},"thumbnailUrl":"https:\/\/luminairesgregoire.com\/wp-content\/uploads\/2026\/03\/Votre-texte-de-paragraphe-2026-03-27T154936.664.webp","datePublished":"2026-03-25T07:52:31+00:00","dateModified":"2026-04-18T08:44:50+00:00","description":"SUSPENDU C\u00c9RAMIQUE BLANCHE ET DOR\u00c9- CLARE IPL2252B01GD - Discover our collection of designer lighting \u2014 pendants, lamps, and ceiling lights \u2014 to brighten every space with style and elegance.","breadcrumb":{"@id":"https:\/\/luminairesgregoire.com\/en\/product\/suspendu-ceramique-blanche-et-dore-clare-ipl2252b01gd\/#breadcrumb"},"inLanguage":"en-US","potentialAction":[{"@type":"ReadAction","target":["https:\/\/luminairesgregoire.com\/en\/product\/suspendu-ceramique-blanche-et-dore-clare-ipl2252b01gd\/"]}]},{"@type":"ImageObject","inLanguage":"en-US","@id":"https:\/\/luminairesgregoire.com\/en\/product\/suspendu-ceramique-blanche-et-dore-clare-ipl2252b01gd\/#primaryimage","url":"https:\/\/luminairesgregoire.com\/wp-content\/uploads\/2026\/03\/Votre-texte-de-paragraphe-2026-03-27T154936.664.webp","contentUrl":"https:\/\/luminairesgregoire.com\/wp-content\/uploads\/2026\/03\/Votre-texte-de-paragraphe-2026-03-27T154936.664.webp","width":850,"height":850,"caption":"SUSPENDU C\u00c9RAMIQUE BLANCHE ET DOR\u00c9- CLARE IPL2252B01GD"},{"@type":"BreadcrumbList","@id":"https:\/\/luminairesgregoire.com\/en\/product\/suspendu-ceramique-blanche-et-dore-clare-ipl2252b01gd\/#breadcrumb","itemListElement":[{"@type":"ListItem","position":1,"name":"Home","item":"https:\/\/luminairesgregoire.com\/en\/"},{"@type":"ListItem","position":2,"name":"Store","item":"https:\/\/luminairesgregoire.com\/en\/products\/"},{"@type":"ListItem","position":3,"name":"SUSPENDU C\u00c9RAMIQUE BLANCHE ET DOR\u00c9- CLARE IPL2252B01GD"}]},{"@type":"WebSite","@id":"https:\/\/luminairesgregoire.com\/en\/#website","url":"https:\/\/luminairesgregoire.com\/en\/","name":"Luminaires Paul Gr\u00e9goire","description":"","publisher":{"@id":"https:\/\/luminairesgregoire.com\/en\/#organization"},"potentialAction":[{"@type":"SearchAction","target":{"@type":"EntryPoint","urlTemplate":"https:\/\/luminairesgregoire.com\/en\/?s={search_term_string}"},"query-input":{"@type":"PropertyValueSpecification","valueRequired":true,"valueName":"search_term_string"}}],"inLanguage":"en-US"},{"@type":"Organization","@id":"https:\/\/luminairesgregoire.com\/en\/#organization","name":"Luminaires Paul Gr\u00e9goire","url":"https:\/\/luminairesgregoire.com\/en\/","logo":{"@type":"ImageObject","inLanguage":"en-US","@id":"https:\/\/luminairesgregoire.com\/en\/#\/schema\/logo\/image\/","url":"https:\/\/luminairesgregoire.com\/wp-content\/uploads\/2021\/05\/logo_CMYK-1-1.png","contentUrl":"https:\/\/luminairesgregoire.com\/wp-content\/uploads\/2021\/05\/logo_CMYK-1-1.png","width":350,"height":164,"caption":"Luminaires Paul Gr\u00e9goire"},"image":{"@id":"https:\/\/luminairesgregoire.com\/en\/#\/schema\/logo\/image\/"}}]}},"_links":{"self":[{"href":"https:\/\/luminairesgregoire.com\/en\/wp-json\/wp\/v2\/product\/36619","targetHints":{"allow":["GET"]}}],"collection":[{"href":"https:\/\/luminairesgregoire.com\/en\/wp-json\/wp\/v2\/product"}],"about":[{"href":"https:\/\/luminairesgregoire.com\/en\/wp-json\/wp\/v2\/types\/product"}],"wp:featuredmedia":[{"embeddable":true,"href":"https:\/\/luminairesgregoire.com\/en\/wp-json\/wp\/v2\/media\/37017"}],"wp:attachment":[{"href":"https:\/\/luminairesgregoire.com\/en\/wp-json\/wp\/v2\/media?parent=36619"}],"wp:term":[{"taxonomy":"product_brand","embeddable":true,"href":"https:\/\/luminairesgregoire.com\/en\/wp-json\/wp\/v2\/product_brand?post=36619"},{"taxonomy":"product_cat","embeddable":true,"href":"https:\/\/luminairesgregoire.com\/en\/wp-json\/wp\/v2\/product_cat?post=36619"},{"taxonomy":"product_tag","embeddable":true,"href":"https:\/\/luminairesgregoire.com\/en\/wp-json\/wp\/v2\/product_tag?post=36619"}],"curies":[{"name":"wp","href":"https:\/\/api.w.org\/{rel}","templated":true}]}}