{"id":36629,"date":"2026-03-25T03:52:55","date_gmt":"2026-03-25T07:52:55","guid":{"rendered":"https:\/\/luminairesgregoire.com\/?post_type=product&#038;p=36629"},"modified":"2026-04-18T04:45:07","modified_gmt":"2026-04-18T08:45:07","slug":"murale-vanite-simple-nickel-brosse-britton-ivl1234a01bn-fo","status":"publish","type":"product","link":"https:\/\/luminairesgregoire.com\/en\/product\/murale-vanite-simple-nickel-brosse-britton-ivl1234a01bn-fo\/","title":{"rendered":"MURALE VANIT\u00c9 SIMPLE NICKEL BROSS\u00c9- BRITTON IVL1234A01BN-FO"},"content":{"rendered":"<p data-start=\"0\" data-end=\"378\">Rehaussez l\u2019\u00e9clairage de votre int\u00e9rieur avec la murale de salle de bain BRITTON \u00e0 1 lumi\u00e8re au fini nickel bross\u00e9, un parfait \u00e9quilibre entre style moderne et charme transitionnel. Dot\u00e9e d\u2019un abat-jour en verre opalin plat et d\u2019un profil \u00e9pur\u00e9, cette applique murale offre \u00e0 la fois \u00e9l\u00e9gance et \u00e9clairage fonctionnel pour les salles de bain, corridors, chambres et plus encore.\u00a0Avec ses dimensions de 4,75 pouces de largeur, 8,62 pouces de hauteur et 6,12 pouces de profondeur, elle est id\u00e9ale pour les espaces restreints ou pour compl\u00e9ter un \u00e9clairage en superposition. Son fini nickel bross\u00e9 procure une allure soign\u00e9e et contemporaine qui s\u2019harmonise avec une grande vari\u00e9t\u00e9 de styles d\u00e9coratifs.<\/p>\n","protected":false},"excerpt":{"rendered":"<p>Rehaussez l\u2019\u00e9clairage de votre int\u00e9rieur avec la murale de salle de bain BRITTON \u00e0 1 lumi\u00e8re au fini nickel bross\u00e9, un parfait \u00e9quilibre entre style moderne et charme transitionnel. Dot\u00e9e d\u2019un abat-jour en verre opalin plat et d\u2019un profil \u00e9pur\u00e9, cette applique murale offre \u00e0 la fois \u00e9l\u00e9gance et \u00e9clairage fonctionnel pour les salles de [&hellip;]<\/p>\n","protected":false},"featured_media":37057,"template":"","meta":{"_acf_changed":false},"product_brand":[6009],"product_cat":[5843,5844,5848,8859],"product_tag":[],"class_list":{"0":"post-36629","1":"product","2":"type-product","3":"status-publish","4":"has-post-thumbnail","6":"product_brand-canarm","7":"product_cat-murale","8":"product_cat-murales-murales","9":"product_cat-murales-salles-de-bains","10":"product_cat-nouveautes","11":"pa_couleur-verre-blanc-opalin","12":"pa_finis-nickel","13":"pa_garantie-1-an","14":"pa_hauteur-8-62","15":"pa_largeur-4-75","17":"first","18":"instock","19":"taxable","20":"shipping-taxable","21":"purchasable","22":"product-type-simple"},"acf":[],"yoast_head":"<!-- This site is optimized with the Yoast SEO plugin v27.4 - https:\/\/yoast.com\/product\/yoast-seo-wordpress\/ -->\n<title>MURALE VANIT\u00c9 SIMPLE NICKEL BROSS\u00c9- BRITTON IVL1234A01BN-FO - Luminaires Paul Gr\u00e9goire<\/title>\n<meta name=\"description\" content=\"MURALE VANIT\u00c9 SIMPLE NICKEL BROSS\u00c9- BRITTON IVL1234A01BN-FO - Discover our collection of designer lighting \u2014 pendants, lamps, and ceiling lights \u2014 to brighten every space with style and elegance.\" \/>\n<meta name=\"robots\" content=\"index, follow, max-snippet:-1, max-image-preview:large, max-video-preview:-1\" \/>\n<link rel=\"canonical\" href=\"https:\/\/luminairesgregoire.com\/en\/product\/murale-vanite-simple-nickel-brosse-britton-ivl1234a01bn-fo\/\" \/>\n<meta property=\"og:locale\" content=\"en_US\" \/>\n<meta property=\"og:type\" content=\"article\" \/>\n<meta property=\"og:title\" content=\"MURALE VANIT\u00c9 SIMPLE NICKEL BROSS\u00c9- BRITTON IVL1234A01BN-FO - Luminaires Paul Gr\u00e9goire\" \/>\n<meta property=\"og:description\" content=\"MURALE VANIT\u00c9 SIMPLE NICKEL BROSS\u00c9- BRITTON IVL1234A01BN-FO - Discover our collection of designer lighting \u2014 pendants, lamps, and ceiling lights \u2014 to brighten every space with style and elegance.\" \/>\n<meta property=\"og:url\" content=\"https:\/\/luminairesgregoire.com\/en\/product\/murale-vanite-simple-nickel-brosse-britton-ivl1234a01bn-fo\/\" \/>\n<meta property=\"og:site_name\" content=\"Luminaires Paul Gr\u00e9goire\" \/>\n<meta property=\"article:modified_time\" content=\"2026-04-18T08:45:07+00:00\" \/>\n<meta property=\"og:image\" content=\"https:\/\/luminairesgregoire.com\/wp-content\/uploads\/2026\/03\/Votre-texte-de-paragraphe-2026-03-27T182552.449.webp\" \/>\n\t<meta property=\"og:image:width\" content=\"850\" \/>\n\t<meta property=\"og:image:height\" content=\"850\" \/>\n\t<meta property=\"og:image:type\" content=\"image\/jpeg\" \/>\n<meta name=\"twitter:card\" content=\"summary_large_image\" \/>\n<meta name=\"twitter:label1\" content=\"Est. reading time\" \/>\n\t<meta name=\"twitter:data1\" content=\"1 minute\" \/>\n<script type=\"application\/ld+json\" class=\"yoast-schema-graph\">{\"@context\":\"https:\\\/\\\/schema.org\",\"@graph\":[{\"@type\":\"WebPage\",\"@id\":\"https:\\\/\\\/luminairesgregoire.com\\\/en\\\/product\\\/murale-vanite-simple-nickel-brosse-britton-ivl1234a01bn-fo\\\/\",\"url\":\"https:\\\/\\\/luminairesgregoire.com\\\/en\\\/product\\\/murale-vanite-simple-nickel-brosse-britton-ivl1234a01bn-fo\\\/\",\"name\":\"MURALE VANIT\u00c9 SIMPLE NICKEL BROSS\u00c9- BRITTON IVL1234A01BN-FO - Luminaires Paul Gr\u00e9goire\",\"isPartOf\":{\"@id\":\"https:\\\/\\\/luminairesgregoire.com\\\/en\\\/#website\"},\"primaryImageOfPage\":{\"@id\":\"https:\\\/\\\/luminairesgregoire.com\\\/en\\\/product\\\/murale-vanite-simple-nickel-brosse-britton-ivl1234a01bn-fo\\\/#primaryimage\"},\"image\":{\"@id\":\"https:\\\/\\\/luminairesgregoire.com\\\/en\\\/product\\\/murale-vanite-simple-nickel-brosse-britton-ivl1234a01bn-fo\\\/#primaryimage\"},\"thumbnailUrl\":\"https:\\\/\\\/luminairesgregoire.com\\\/wp-content\\\/uploads\\\/2026\\\/03\\\/Votre-texte-de-paragraphe-2026-03-27T182552.449.webp\",\"datePublished\":\"2026-03-25T07:52:55+00:00\",\"dateModified\":\"2026-04-18T08:45:07+00:00\",\"description\":\"MURALE VANIT\u00c9 SIMPLE NICKEL BROSS\u00c9- BRITTON IVL1234A01BN-FO - Discover our collection of designer lighting \u2014 pendants, lamps, and ceiling lights \u2014 to brighten every space with style and elegance.\",\"breadcrumb\":{\"@id\":\"https:\\\/\\\/luminairesgregoire.com\\\/en\\\/product\\\/murale-vanite-simple-nickel-brosse-britton-ivl1234a01bn-fo\\\/#breadcrumb\"},\"inLanguage\":\"en-US\",\"potentialAction\":[{\"@type\":\"ReadAction\",\"target\":[\"https:\\\/\\\/luminairesgregoire.com\\\/en\\\/product\\\/murale-vanite-simple-nickel-brosse-britton-ivl1234a01bn-fo\\\/\"]}]},{\"@type\":\"ImageObject\",\"inLanguage\":\"en-US\",\"@id\":\"https:\\\/\\\/luminairesgregoire.com\\\/en\\\/product\\\/murale-vanite-simple-nickel-brosse-britton-ivl1234a01bn-fo\\\/#primaryimage\",\"url\":\"https:\\\/\\\/luminairesgregoire.com\\\/wp-content\\\/uploads\\\/2026\\\/03\\\/Votre-texte-de-paragraphe-2026-03-27T182552.449.webp\",\"contentUrl\":\"https:\\\/\\\/luminairesgregoire.com\\\/wp-content\\\/uploads\\\/2026\\\/03\\\/Votre-texte-de-paragraphe-2026-03-27T182552.449.webp\",\"width\":850,\"height\":850,\"caption\":\"MURALE VANIT\u00c9 SIMPLE NICKEL BROSS\u00c9- BRITTON IVL1234A01BN-FO\"},{\"@type\":\"BreadcrumbList\",\"@id\":\"https:\\\/\\\/luminairesgregoire.com\\\/en\\\/product\\\/murale-vanite-simple-nickel-brosse-britton-ivl1234a01bn-fo\\\/#breadcrumb\",\"itemListElement\":[{\"@type\":\"ListItem\",\"position\":1,\"name\":\"Home\",\"item\":\"https:\\\/\\\/luminairesgregoire.com\\\/en\\\/\"},{\"@type\":\"ListItem\",\"position\":2,\"name\":\"Store\",\"item\":\"https:\\\/\\\/luminairesgregoire.com\\\/en\\\/products\\\/\"},{\"@type\":\"ListItem\",\"position\":3,\"name\":\"MURALE VANIT\u00c9 SIMPLE NICKEL BROSS\u00c9- BRITTON IVL1234A01BN-FO\"}]},{\"@type\":\"WebSite\",\"@id\":\"https:\\\/\\\/luminairesgregoire.com\\\/en\\\/#website\",\"url\":\"https:\\\/\\\/luminairesgregoire.com\\\/en\\\/\",\"name\":\"Luminaires Paul Gr\u00e9goire\",\"description\":\"\",\"publisher\":{\"@id\":\"https:\\\/\\\/luminairesgregoire.com\\\/en\\\/#organization\"},\"potentialAction\":[{\"@type\":\"SearchAction\",\"target\":{\"@type\":\"EntryPoint\",\"urlTemplate\":\"https:\\\/\\\/luminairesgregoire.com\\\/en\\\/?s={search_term_string}\"},\"query-input\":{\"@type\":\"PropertyValueSpecification\",\"valueRequired\":true,\"valueName\":\"search_term_string\"}}],\"inLanguage\":\"en-US\"},{\"@type\":\"Organization\",\"@id\":\"https:\\\/\\\/luminairesgregoire.com\\\/en\\\/#organization\",\"name\":\"Luminaires Paul Gr\u00e9goire\",\"url\":\"https:\\\/\\\/luminairesgregoire.com\\\/en\\\/\",\"logo\":{\"@type\":\"ImageObject\",\"inLanguage\":\"en-US\",\"@id\":\"https:\\\/\\\/luminairesgregoire.com\\\/en\\\/#\\\/schema\\\/logo\\\/image\\\/\",\"url\":\"https:\\\/\\\/luminairesgregoire.com\\\/wp-content\\\/uploads\\\/2021\\\/05\\\/logo_CMYK-1-1.png\",\"contentUrl\":\"https:\\\/\\\/luminairesgregoire.com\\\/wp-content\\\/uploads\\\/2021\\\/05\\\/logo_CMYK-1-1.png\",\"width\":350,\"height\":164,\"caption\":\"Luminaires Paul Gr\u00e9goire\"},\"image\":{\"@id\":\"https:\\\/\\\/luminairesgregoire.com\\\/en\\\/#\\\/schema\\\/logo\\\/image\\\/\"}}]}<\/script>\n<!-- \/ Yoast SEO plugin. -->","yoast_head_json":{"title":"MURALE VANIT\u00c9 SIMPLE NICKEL BROSS\u00c9- BRITTON IVL1234A01BN-FO - Luminaires Paul Gr\u00e9goire","description":"MURALE VANIT\u00c9 SIMPLE NICKEL BROSS\u00c9- BRITTON IVL1234A01BN-FO - Discover our collection of designer lighting \u2014 pendants, lamps, and ceiling lights \u2014 to brighten every space with style and elegance.","robots":{"index":"index","follow":"follow","max-snippet":"max-snippet:-1","max-image-preview":"max-image-preview:large","max-video-preview":"max-video-preview:-1"},"canonical":"https:\/\/luminairesgregoire.com\/en\/product\/murale-vanite-simple-nickel-brosse-britton-ivl1234a01bn-fo\/","og_locale":"en_US","og_type":"article","og_title":"MURALE VANIT\u00c9 SIMPLE NICKEL BROSS\u00c9- BRITTON IVL1234A01BN-FO - Luminaires Paul Gr\u00e9goire","og_description":"MURALE VANIT\u00c9 SIMPLE NICKEL BROSS\u00c9- BRITTON IVL1234A01BN-FO - Discover our collection of designer lighting \u2014 pendants, lamps, and ceiling lights \u2014 to brighten every space with style and elegance.","og_url":"https:\/\/luminairesgregoire.com\/en\/product\/murale-vanite-simple-nickel-brosse-britton-ivl1234a01bn-fo\/","og_site_name":"Luminaires Paul Gr\u00e9goire","article_modified_time":"2026-04-18T08:45:07+00:00","og_image":[{"width":850,"height":850,"url":"https:\/\/luminairesgregoire.com\/wp-content\/uploads\/2026\/03\/Votre-texte-de-paragraphe-2026-03-27T182552.449.webp","type":"image\/jpeg"}],"twitter_card":"summary_large_image","twitter_misc":{"Est. reading time":"1 minute"},"schema":{"@context":"https:\/\/schema.org","@graph":[{"@type":"WebPage","@id":"https:\/\/luminairesgregoire.com\/en\/product\/murale-vanite-simple-nickel-brosse-britton-ivl1234a01bn-fo\/","url":"https:\/\/luminairesgregoire.com\/en\/product\/murale-vanite-simple-nickel-brosse-britton-ivl1234a01bn-fo\/","name":"MURALE VANIT\u00c9 SIMPLE NICKEL BROSS\u00c9- BRITTON IVL1234A01BN-FO - Luminaires Paul Gr\u00e9goire","isPartOf":{"@id":"https:\/\/luminairesgregoire.com\/en\/#website"},"primaryImageOfPage":{"@id":"https:\/\/luminairesgregoire.com\/en\/product\/murale-vanite-simple-nickel-brosse-britton-ivl1234a01bn-fo\/#primaryimage"},"image":{"@id":"https:\/\/luminairesgregoire.com\/en\/product\/murale-vanite-simple-nickel-brosse-britton-ivl1234a01bn-fo\/#primaryimage"},"thumbnailUrl":"https:\/\/luminairesgregoire.com\/wp-content\/uploads\/2026\/03\/Votre-texte-de-paragraphe-2026-03-27T182552.449.webp","datePublished":"2026-03-25T07:52:55+00:00","dateModified":"2026-04-18T08:45:07+00:00","description":"MURALE VANIT\u00c9 SIMPLE NICKEL BROSS\u00c9- BRITTON IVL1234A01BN-FO - Discover our collection of designer lighting \u2014 pendants, lamps, and ceiling lights \u2014 to brighten every space with style and elegance.","breadcrumb":{"@id":"https:\/\/luminairesgregoire.com\/en\/product\/murale-vanite-simple-nickel-brosse-britton-ivl1234a01bn-fo\/#breadcrumb"},"inLanguage":"en-US","potentialAction":[{"@type":"ReadAction","target":["https:\/\/luminairesgregoire.com\/en\/product\/murale-vanite-simple-nickel-brosse-britton-ivl1234a01bn-fo\/"]}]},{"@type":"ImageObject","inLanguage":"en-US","@id":"https:\/\/luminairesgregoire.com\/en\/product\/murale-vanite-simple-nickel-brosse-britton-ivl1234a01bn-fo\/#primaryimage","url":"https:\/\/luminairesgregoire.com\/wp-content\/uploads\/2026\/03\/Votre-texte-de-paragraphe-2026-03-27T182552.449.webp","contentUrl":"https:\/\/luminairesgregoire.com\/wp-content\/uploads\/2026\/03\/Votre-texte-de-paragraphe-2026-03-27T182552.449.webp","width":850,"height":850,"caption":"MURALE VANIT\u00c9 SIMPLE NICKEL BROSS\u00c9- BRITTON IVL1234A01BN-FO"},{"@type":"BreadcrumbList","@id":"https:\/\/luminairesgregoire.com\/en\/product\/murale-vanite-simple-nickel-brosse-britton-ivl1234a01bn-fo\/#breadcrumb","itemListElement":[{"@type":"ListItem","position":1,"name":"Home","item":"https:\/\/luminairesgregoire.com\/en\/"},{"@type":"ListItem","position":2,"name":"Store","item":"https:\/\/luminairesgregoire.com\/en\/products\/"},{"@type":"ListItem","position":3,"name":"MURALE VANIT\u00c9 SIMPLE NICKEL BROSS\u00c9- BRITTON IVL1234A01BN-FO"}]},{"@type":"WebSite","@id":"https:\/\/luminairesgregoire.com\/en\/#website","url":"https:\/\/luminairesgregoire.com\/en\/","name":"Luminaires Paul Gr\u00e9goire","description":"","publisher":{"@id":"https:\/\/luminairesgregoire.com\/en\/#organization"},"potentialAction":[{"@type":"SearchAction","target":{"@type":"EntryPoint","urlTemplate":"https:\/\/luminairesgregoire.com\/en\/?s={search_term_string}"},"query-input":{"@type":"PropertyValueSpecification","valueRequired":true,"valueName":"search_term_string"}}],"inLanguage":"en-US"},{"@type":"Organization","@id":"https:\/\/luminairesgregoire.com\/en\/#organization","name":"Luminaires Paul Gr\u00e9goire","url":"https:\/\/luminairesgregoire.com\/en\/","logo":{"@type":"ImageObject","inLanguage":"en-US","@id":"https:\/\/luminairesgregoire.com\/en\/#\/schema\/logo\/image\/","url":"https:\/\/luminairesgregoire.com\/wp-content\/uploads\/2021\/05\/logo_CMYK-1-1.png","contentUrl":"https:\/\/luminairesgregoire.com\/wp-content\/uploads\/2021\/05\/logo_CMYK-1-1.png","width":350,"height":164,"caption":"Luminaires Paul Gr\u00e9goire"},"image":{"@id":"https:\/\/luminairesgregoire.com\/en\/#\/schema\/logo\/image\/"}}]}},"_links":{"self":[{"href":"https:\/\/luminairesgregoire.com\/en\/wp-json\/wp\/v2\/product\/36629","targetHints":{"allow":["GET"]}}],"collection":[{"href":"https:\/\/luminairesgregoire.com\/en\/wp-json\/wp\/v2\/product"}],"about":[{"href":"https:\/\/luminairesgregoire.com\/en\/wp-json\/wp\/v2\/types\/product"}],"wp:featuredmedia":[{"embeddable":true,"href":"https:\/\/luminairesgregoire.com\/en\/wp-json\/wp\/v2\/media\/37057"}],"wp:attachment":[{"href":"https:\/\/luminairesgregoire.com\/en\/wp-json\/wp\/v2\/media?parent=36629"}],"wp:term":[{"taxonomy":"product_brand","embeddable":true,"href":"https:\/\/luminairesgregoire.com\/en\/wp-json\/wp\/v2\/product_brand?post=36629"},{"taxonomy":"product_cat","embeddable":true,"href":"https:\/\/luminairesgregoire.com\/en\/wp-json\/wp\/v2\/product_cat?post=36629"},{"taxonomy":"product_tag","embeddable":true,"href":"https:\/\/luminairesgregoire.com\/en\/wp-json\/wp\/v2\/product_tag?post=36629"}],"curies":[{"name":"wp","href":"https:\/\/api.w.org\/{rel}","templated":true}]}}