{"id":36630,"date":"2026-03-25T03:52:59","date_gmt":"2026-03-25T07:52:59","guid":{"rendered":"https:\/\/luminairesgregoire.com\/?post_type=product&#038;p=36630"},"modified":"2026-04-22T04:49:19","modified_gmt":"2026-04-22T08:49:19","slug":"murale-simple-laiton-brosse-gianna-iwf1242a01bgd9","status":"publish","type":"product","link":"https:\/\/luminairesgregoire.com\/en\/product\/murale-simple-laiton-brosse-gianna-iwf1242a01bgd9\/","title":{"rendered":"MURALE SIMPLE LAITON BROSS\u00c9- GIANNA IWF1242A01BGD9"},"content":{"rendered":"<p>Le luminaire mural GIANNA \u00e0 1 lumi\u00e8re incarne une \u00e9l\u00e9gance \u00e9clectique moderne, rehauss\u00e9e d\u2019une touche maximaliste. Sa structure en fini or bross\u00e9 pr\u00e9sente de subtiles courbes ornementales inspir\u00e9es du glamour Art d\u00e9co, tout en conservant une allure \u00e9pur\u00e9e et contemporaine. Son abat-jour sph\u00e9rique en verre opalin diffuse une lumi\u00e8re douce et \u00e9quilibr\u00e9e, transformant la fonctionnalit\u00e9 en un v\u00e9ritable \u00e9l\u00e9ment de design.<\/p>\n","protected":false},"excerpt":{"rendered":"<p>Le luminaire mural GIANNA \u00e0 1 lumi\u00e8re incarne une \u00e9l\u00e9gance \u00e9clectique moderne, rehauss\u00e9e d\u2019une touche maximaliste. Sa structure en fini or bross\u00e9 pr\u00e9sente de subtiles courbes ornementales inspir\u00e9es du glamour Art d\u00e9co, tout en conservant une allure \u00e9pur\u00e9e et contemporaine. Son abat-jour sph\u00e9rique en verre opalin diffuse une lumi\u00e8re douce et \u00e9quilibr\u00e9e, transformant la fonctionnalit\u00e9 [&hellip;]<\/p>\n","protected":false},"featured_media":37072,"template":"","meta":{"_acf_changed":false},"product_brand":[6009],"product_cat":[5843,5844,8859],"product_tag":[7348],"class_list":{"0":"post-36630","1":"product","2":"type-product","3":"status-publish","4":"has-post-thumbnail","6":"product_brand-canarm","7":"product_cat-murale","8":"product_cat-murales-murales","9":"product_cat-nouveautes","10":"product_tag-nouveaute-2026","11":"pa_couleur-verre-blanc-opalin","12":"pa_extension-6-25","13":"pa_finis-or-brosse","14":"pa_hauteur-8-25","15":"pa_largeur-8-1-4","17":"first","18":"instock","19":"taxable","20":"shipping-taxable","21":"purchasable","22":"product-type-simple"},"acf":[],"yoast_head":"<!-- This site is optimized with the Yoast SEO plugin v27.4 - https:\/\/yoast.com\/product\/yoast-seo-wordpress\/ -->\n<title>MURALE SIMPLE LAITON BROSS\u00c9- GIANNA IWF1242A01BGD9 - Luminaires Paul Gr\u00e9goire<\/title>\n<meta name=\"description\" content=\"MURALE SIMPLE LAITON BROSS\u00c9- GIANNA IWF1242A01BGD9 - Discover our collection of designer lighting \u2014 pendants, lamps, and ceiling lights \u2014 to brighten every space with style and elegance.\" \/>\n<meta name=\"robots\" content=\"index, follow, max-snippet:-1, max-image-preview:large, max-video-preview:-1\" \/>\n<link rel=\"canonical\" href=\"https:\/\/luminairesgregoire.com\/en\/product\/murale-simple-laiton-brosse-gianna-iwf1242a01bgd9\/\" \/>\n<meta property=\"og:locale\" content=\"en_US\" \/>\n<meta property=\"og:type\" content=\"article\" \/>\n<meta property=\"og:title\" content=\"MURALE SIMPLE LAITON BROSS\u00c9- GIANNA IWF1242A01BGD9 - Luminaires Paul Gr\u00e9goire\" \/>\n<meta property=\"og:description\" content=\"MURALE SIMPLE LAITON BROSS\u00c9- GIANNA IWF1242A01BGD9 - Discover our collection of designer lighting \u2014 pendants, lamps, and ceiling lights \u2014 to brighten every space with style and elegance.\" \/>\n<meta property=\"og:url\" content=\"https:\/\/luminairesgregoire.com\/en\/product\/murale-simple-laiton-brosse-gianna-iwf1242a01bgd9\/\" \/>\n<meta property=\"og:site_name\" content=\"Luminaires Paul Gr\u00e9goire\" \/>\n<meta property=\"article:modified_time\" content=\"2026-04-22T08:49:19+00:00\" \/>\n<meta property=\"og:image\" content=\"https:\/\/luminairesgregoire.com\/wp-content\/uploads\/2026\/03\/Votre-texte-de-paragraphe-2026-03-30T114527.835.webp\" \/>\n\t<meta property=\"og:image:width\" content=\"850\" \/>\n\t<meta property=\"og:image:height\" content=\"850\" \/>\n\t<meta property=\"og:image:type\" content=\"image\/jpeg\" \/>\n<meta name=\"twitter:card\" content=\"summary_large_image\" \/>\n<meta name=\"twitter:label1\" content=\"Est. reading time\" \/>\n\t<meta name=\"twitter:data1\" content=\"1 minute\" \/>\n<script type=\"application\/ld+json\" class=\"yoast-schema-graph\">{\"@context\":\"https:\\\/\\\/schema.org\",\"@graph\":[{\"@type\":\"WebPage\",\"@id\":\"https:\\\/\\\/luminairesgregoire.com\\\/en\\\/product\\\/murale-simple-laiton-brosse-gianna-iwf1242a01bgd9\\\/\",\"url\":\"https:\\\/\\\/luminairesgregoire.com\\\/en\\\/product\\\/murale-simple-laiton-brosse-gianna-iwf1242a01bgd9\\\/\",\"name\":\"MURALE SIMPLE LAITON BROSS\u00c9- GIANNA IWF1242A01BGD9 - Luminaires Paul Gr\u00e9goire\",\"isPartOf\":{\"@id\":\"https:\\\/\\\/luminairesgregoire.com\\\/en\\\/#website\"},\"primaryImageOfPage\":{\"@id\":\"https:\\\/\\\/luminairesgregoire.com\\\/en\\\/product\\\/murale-simple-laiton-brosse-gianna-iwf1242a01bgd9\\\/#primaryimage\"},\"image\":{\"@id\":\"https:\\\/\\\/luminairesgregoire.com\\\/en\\\/product\\\/murale-simple-laiton-brosse-gianna-iwf1242a01bgd9\\\/#primaryimage\"},\"thumbnailUrl\":\"https:\\\/\\\/luminairesgregoire.com\\\/wp-content\\\/uploads\\\/2026\\\/03\\\/Votre-texte-de-paragraphe-2026-03-30T114527.835.webp\",\"datePublished\":\"2026-03-25T07:52:59+00:00\",\"dateModified\":\"2026-04-22T08:49:19+00:00\",\"description\":\"MURALE SIMPLE LAITON BROSS\u00c9- GIANNA IWF1242A01BGD9 - Discover our collection of designer lighting \u2014 pendants, lamps, and ceiling lights \u2014 to brighten every space with style and elegance.\",\"breadcrumb\":{\"@id\":\"https:\\\/\\\/luminairesgregoire.com\\\/en\\\/product\\\/murale-simple-laiton-brosse-gianna-iwf1242a01bgd9\\\/#breadcrumb\"},\"inLanguage\":\"en-US\",\"potentialAction\":[{\"@type\":\"ReadAction\",\"target\":[\"https:\\\/\\\/luminairesgregoire.com\\\/en\\\/product\\\/murale-simple-laiton-brosse-gianna-iwf1242a01bgd9\\\/\"]}]},{\"@type\":\"ImageObject\",\"inLanguage\":\"en-US\",\"@id\":\"https:\\\/\\\/luminairesgregoire.com\\\/en\\\/product\\\/murale-simple-laiton-brosse-gianna-iwf1242a01bgd9\\\/#primaryimage\",\"url\":\"https:\\\/\\\/luminairesgregoire.com\\\/wp-content\\\/uploads\\\/2026\\\/03\\\/Votre-texte-de-paragraphe-2026-03-30T114527.835.webp\",\"contentUrl\":\"https:\\\/\\\/luminairesgregoire.com\\\/wp-content\\\/uploads\\\/2026\\\/03\\\/Votre-texte-de-paragraphe-2026-03-30T114527.835.webp\",\"width\":850,\"height\":850,\"caption\":\"MURALE SIMPLE LAITON BROSS\u00c9- GIANNA IWF1242A01BGD9\"},{\"@type\":\"BreadcrumbList\",\"@id\":\"https:\\\/\\\/luminairesgregoire.com\\\/en\\\/product\\\/murale-simple-laiton-brosse-gianna-iwf1242a01bgd9\\\/#breadcrumb\",\"itemListElement\":[{\"@type\":\"ListItem\",\"position\":1,\"name\":\"Home\",\"item\":\"https:\\\/\\\/luminairesgregoire.com\\\/en\\\/\"},{\"@type\":\"ListItem\",\"position\":2,\"name\":\"Store\",\"item\":\"https:\\\/\\\/luminairesgregoire.com\\\/en\\\/products\\\/\"},{\"@type\":\"ListItem\",\"position\":3,\"name\":\"MURALE SIMPLE LAITON BROSS\u00c9- GIANNA IWF1242A01BGD9\"}]},{\"@type\":\"WebSite\",\"@id\":\"https:\\\/\\\/luminairesgregoire.com\\\/en\\\/#website\",\"url\":\"https:\\\/\\\/luminairesgregoire.com\\\/en\\\/\",\"name\":\"Luminaires Paul Gr\u00e9goire\",\"description\":\"\",\"publisher\":{\"@id\":\"https:\\\/\\\/luminairesgregoire.com\\\/en\\\/#organization\"},\"potentialAction\":[{\"@type\":\"SearchAction\",\"target\":{\"@type\":\"EntryPoint\",\"urlTemplate\":\"https:\\\/\\\/luminairesgregoire.com\\\/en\\\/?s={search_term_string}\"},\"query-input\":{\"@type\":\"PropertyValueSpecification\",\"valueRequired\":true,\"valueName\":\"search_term_string\"}}],\"inLanguage\":\"en-US\"},{\"@type\":\"Organization\",\"@id\":\"https:\\\/\\\/luminairesgregoire.com\\\/en\\\/#organization\",\"name\":\"Luminaires Paul Gr\u00e9goire\",\"url\":\"https:\\\/\\\/luminairesgregoire.com\\\/en\\\/\",\"logo\":{\"@type\":\"ImageObject\",\"inLanguage\":\"en-US\",\"@id\":\"https:\\\/\\\/luminairesgregoire.com\\\/en\\\/#\\\/schema\\\/logo\\\/image\\\/\",\"url\":\"https:\\\/\\\/luminairesgregoire.com\\\/wp-content\\\/uploads\\\/2021\\\/05\\\/logo_CMYK-1-1.png\",\"contentUrl\":\"https:\\\/\\\/luminairesgregoire.com\\\/wp-content\\\/uploads\\\/2021\\\/05\\\/logo_CMYK-1-1.png\",\"width\":350,\"height\":164,\"caption\":\"Luminaires Paul Gr\u00e9goire\"},\"image\":{\"@id\":\"https:\\\/\\\/luminairesgregoire.com\\\/en\\\/#\\\/schema\\\/logo\\\/image\\\/\"}}]}<\/script>\n<!-- \/ Yoast SEO plugin. -->","yoast_head_json":{"title":"MURALE SIMPLE LAITON BROSS\u00c9- GIANNA IWF1242A01BGD9 - Luminaires Paul Gr\u00e9goire","description":"MURALE SIMPLE LAITON BROSS\u00c9- GIANNA IWF1242A01BGD9 - Discover our collection of designer lighting \u2014 pendants, lamps, and ceiling lights \u2014 to brighten every space with style and elegance.","robots":{"index":"index","follow":"follow","max-snippet":"max-snippet:-1","max-image-preview":"max-image-preview:large","max-video-preview":"max-video-preview:-1"},"canonical":"https:\/\/luminairesgregoire.com\/en\/product\/murale-simple-laiton-brosse-gianna-iwf1242a01bgd9\/","og_locale":"en_US","og_type":"article","og_title":"MURALE SIMPLE LAITON BROSS\u00c9- GIANNA IWF1242A01BGD9 - Luminaires Paul Gr\u00e9goire","og_description":"MURALE SIMPLE LAITON BROSS\u00c9- GIANNA IWF1242A01BGD9 - Discover our collection of designer lighting \u2014 pendants, lamps, and ceiling lights \u2014 to brighten every space with style and elegance.","og_url":"https:\/\/luminairesgregoire.com\/en\/product\/murale-simple-laiton-brosse-gianna-iwf1242a01bgd9\/","og_site_name":"Luminaires Paul Gr\u00e9goire","article_modified_time":"2026-04-22T08:49:19+00:00","og_image":[{"width":850,"height":850,"url":"https:\/\/luminairesgregoire.com\/wp-content\/uploads\/2026\/03\/Votre-texte-de-paragraphe-2026-03-30T114527.835.webp","type":"image\/jpeg"}],"twitter_card":"summary_large_image","twitter_misc":{"Est. reading time":"1 minute"},"schema":{"@context":"https:\/\/schema.org","@graph":[{"@type":"WebPage","@id":"https:\/\/luminairesgregoire.com\/en\/product\/murale-simple-laiton-brosse-gianna-iwf1242a01bgd9\/","url":"https:\/\/luminairesgregoire.com\/en\/product\/murale-simple-laiton-brosse-gianna-iwf1242a01bgd9\/","name":"MURALE SIMPLE LAITON BROSS\u00c9- GIANNA IWF1242A01BGD9 - Luminaires Paul Gr\u00e9goire","isPartOf":{"@id":"https:\/\/luminairesgregoire.com\/en\/#website"},"primaryImageOfPage":{"@id":"https:\/\/luminairesgregoire.com\/en\/product\/murale-simple-laiton-brosse-gianna-iwf1242a01bgd9\/#primaryimage"},"image":{"@id":"https:\/\/luminairesgregoire.com\/en\/product\/murale-simple-laiton-brosse-gianna-iwf1242a01bgd9\/#primaryimage"},"thumbnailUrl":"https:\/\/luminairesgregoire.com\/wp-content\/uploads\/2026\/03\/Votre-texte-de-paragraphe-2026-03-30T114527.835.webp","datePublished":"2026-03-25T07:52:59+00:00","dateModified":"2026-04-22T08:49:19+00:00","description":"MURALE SIMPLE LAITON BROSS\u00c9- GIANNA IWF1242A01BGD9 - Discover our collection of designer lighting \u2014 pendants, lamps, and ceiling lights \u2014 to brighten every space with style and elegance.","breadcrumb":{"@id":"https:\/\/luminairesgregoire.com\/en\/product\/murale-simple-laiton-brosse-gianna-iwf1242a01bgd9\/#breadcrumb"},"inLanguage":"en-US","potentialAction":[{"@type":"ReadAction","target":["https:\/\/luminairesgregoire.com\/en\/product\/murale-simple-laiton-brosse-gianna-iwf1242a01bgd9\/"]}]},{"@type":"ImageObject","inLanguage":"en-US","@id":"https:\/\/luminairesgregoire.com\/en\/product\/murale-simple-laiton-brosse-gianna-iwf1242a01bgd9\/#primaryimage","url":"https:\/\/luminairesgregoire.com\/wp-content\/uploads\/2026\/03\/Votre-texte-de-paragraphe-2026-03-30T114527.835.webp","contentUrl":"https:\/\/luminairesgregoire.com\/wp-content\/uploads\/2026\/03\/Votre-texte-de-paragraphe-2026-03-30T114527.835.webp","width":850,"height":850,"caption":"MURALE SIMPLE LAITON BROSS\u00c9- GIANNA IWF1242A01BGD9"},{"@type":"BreadcrumbList","@id":"https:\/\/luminairesgregoire.com\/en\/product\/murale-simple-laiton-brosse-gianna-iwf1242a01bgd9\/#breadcrumb","itemListElement":[{"@type":"ListItem","position":1,"name":"Home","item":"https:\/\/luminairesgregoire.com\/en\/"},{"@type":"ListItem","position":2,"name":"Store","item":"https:\/\/luminairesgregoire.com\/en\/products\/"},{"@type":"ListItem","position":3,"name":"MURALE SIMPLE LAITON BROSS\u00c9- GIANNA IWF1242A01BGD9"}]},{"@type":"WebSite","@id":"https:\/\/luminairesgregoire.com\/en\/#website","url":"https:\/\/luminairesgregoire.com\/en\/","name":"Luminaires Paul Gr\u00e9goire","description":"","publisher":{"@id":"https:\/\/luminairesgregoire.com\/en\/#organization"},"potentialAction":[{"@type":"SearchAction","target":{"@type":"EntryPoint","urlTemplate":"https:\/\/luminairesgregoire.com\/en\/?s={search_term_string}"},"query-input":{"@type":"PropertyValueSpecification","valueRequired":true,"valueName":"search_term_string"}}],"inLanguage":"en-US"},{"@type":"Organization","@id":"https:\/\/luminairesgregoire.com\/en\/#organization","name":"Luminaires Paul Gr\u00e9goire","url":"https:\/\/luminairesgregoire.com\/en\/","logo":{"@type":"ImageObject","inLanguage":"en-US","@id":"https:\/\/luminairesgregoire.com\/en\/#\/schema\/logo\/image\/","url":"https:\/\/luminairesgregoire.com\/wp-content\/uploads\/2021\/05\/logo_CMYK-1-1.png","contentUrl":"https:\/\/luminairesgregoire.com\/wp-content\/uploads\/2021\/05\/logo_CMYK-1-1.png","width":350,"height":164,"caption":"Luminaires Paul Gr\u00e9goire"},"image":{"@id":"https:\/\/luminairesgregoire.com\/en\/#\/schema\/logo\/image\/"}}]}},"_links":{"self":[{"href":"https:\/\/luminairesgregoire.com\/en\/wp-json\/wp\/v2\/product\/36630","targetHints":{"allow":["GET"]}}],"collection":[{"href":"https:\/\/luminairesgregoire.com\/en\/wp-json\/wp\/v2\/product"}],"about":[{"href":"https:\/\/luminairesgregoire.com\/en\/wp-json\/wp\/v2\/types\/product"}],"wp:featuredmedia":[{"embeddable":true,"href":"https:\/\/luminairesgregoire.com\/en\/wp-json\/wp\/v2\/media\/37072"}],"wp:attachment":[{"href":"https:\/\/luminairesgregoire.com\/en\/wp-json\/wp\/v2\/media?parent=36630"}],"wp:term":[{"taxonomy":"product_brand","embeddable":true,"href":"https:\/\/luminairesgregoire.com\/en\/wp-json\/wp\/v2\/product_brand?post=36630"},{"taxonomy":"product_cat","embeddable":true,"href":"https:\/\/luminairesgregoire.com\/en\/wp-json\/wp\/v2\/product_cat?post=36630"},{"taxonomy":"product_tag","embeddable":true,"href":"https:\/\/luminairesgregoire.com\/en\/wp-json\/wp\/v2\/product_tag?post=36630"}],"curies":[{"name":"wp","href":"https:\/\/api.w.org\/{rel}","templated":true}]}}