{"id":36784,"date":"2026-03-24T02:25:08","date_gmt":"2026-03-24T06:25:08","guid":{"rendered":"https:\/\/luminairesgregoire.com\/produits\/4-l-black-pendant-nella-ich2257b04bk\/"},"modified":"2026-03-26T10:07:32","modified_gmt":"2026-03-26T14:07:32","slug":"4-l-black-pendant-nella-ich2257b04bk","status":"publish","type":"product","link":"https:\/\/luminairesgregoire.com\/en\/product\/4-l-black-pendant-nella-ich2257b04bk\/","title":{"rendered":"4-l BLACK PENDANT- NELLA ICH2257B04BK"},"content":{"rendered":"<p data-start=\"0\" data-end=\"315\">The NELLA chandelier strikes the perfect balance of bold structure and refined detail, pairing a matte black frame with ribbed flat opal glass shades. Its strong industrial-inspired silhouette is softened by the textured glass, creating a fixture that feels both contemporary and timeless. With four lights, it provides ample illumination while maintaining an airy, minimalist presence. Measuring 24.5 inches wide by 19.5 inches high, this chandelier makes a striking statement in dining rooms, kitchens, or entryways. Elevated yet understated, NELLA brings a touch of luxury to modern interiors. <\/p>\n<p data-start=\"317\" data-end=\"574\">Dot\u00e9 de quatre lumi\u00e8res, il procure un \u00e9clairage g\u00e9n\u00e9reux tout en conservant une pr\u00e9sence l\u00e9g\u00e8re et minimaliste. Mesurant 24,5 pouces de largeur par 19,5 pouces de hauteur, ce lustre s\u2019impose avec \u00e9l\u00e9gance dans une salle \u00e0 manger, une cuisine ou une entr\u00e9e. <\/p>\n<p data-start=\"576\" data-end=\"667\" data-is-last-node=\"\" data-is-only-node=\"\">\u00c0 la fois sophistiqu\u00e9 et discret, NELLA apporte une touche de luxe aux int\u00e9rieurs modernes.<\/p>\n","protected":false},"excerpt":{"rendered":"<p>The NELLA chandelier strikes the perfect balance of bold structure and refined detail, pairing a matte black frame with ribbed flat opal glass shades. Its strong industrial-inspired silhouette is softened by the textured glass, creating a fixture that feels both contemporary and timeless. With four lights, it provides ample illumination while maintaining an airy, minimalist [&hellip;]<\/p>\n","protected":false},"featured_media":36774,"template":"","meta":{"_acf_changed":false},"product_brand":[7080],"product_cat":[8860,5926,5992],"product_tag":[7357],"class_list":{"0":"post-36784","1":"product","2":"type-product","3":"status-publish","4":"has-post-thumbnail","6":"product_brand-canarm","7":"product_cat-new-arrivals","8":"product_cat-pendant-lights","9":"product_cat-pendants","10":"product_tag-new-collection-2026","11":"pa_diametre-24-50","12":"pa_finis-black","13":"pa_garantie-1-year","14":"pa_hauteur-19-5","16":"first","17":"instock","18":"taxable","19":"shipping-taxable","20":"purchasable","21":"product-type-simple"},"acf":[],"yoast_head":"<!-- This site is optimized with the Yoast SEO plugin v27.4 - https:\/\/yoast.com\/product\/yoast-seo-wordpress\/ -->\n<title>4-l BLACK PENDANT- NELLA ICH2257B04BK - Luminaires Paul Gr\u00e9goire<\/title>\n<meta name=\"description\" content=\"4-l BLACK PENDANT- NELLA ICH2257B04BK - Discover our collection of designer lighting \u2014 pendants, lamps, and ceiling lights \u2014 to brighten every space with style and elegance.\" \/>\n<meta name=\"robots\" content=\"index, follow, max-snippet:-1, max-image-preview:large, max-video-preview:-1\" \/>\n<link rel=\"canonical\" href=\"https:\/\/luminairesgregoire.com\/en\/product\/4-l-black-pendant-nella-ich2257b04bk\/\" \/>\n<meta property=\"og:locale\" content=\"en_US\" \/>\n<meta property=\"og:type\" content=\"article\" \/>\n<meta property=\"og:title\" content=\"4-l BLACK PENDANT- NELLA ICH2257B04BK - Luminaires Paul Gr\u00e9goire\" \/>\n<meta property=\"og:description\" content=\"4-l BLACK PENDANT- NELLA ICH2257B04BK - Discover our collection of designer lighting \u2014 pendants, lamps, and ceiling lights \u2014 to brighten every space with style and elegance.\" \/>\n<meta property=\"og:url\" content=\"https:\/\/luminairesgregoire.com\/en\/product\/4-l-black-pendant-nella-ich2257b04bk\/\" \/>\n<meta property=\"og:site_name\" content=\"Luminaires Paul Gr\u00e9goire\" \/>\n<meta property=\"article:modified_time\" content=\"2026-03-26T14:07:32+00:00\" \/>\n<meta property=\"og:image\" content=\"https:\/\/luminairesgregoire.com\/wp-content\/uploads\/2026\/03\/Votre-texte-de-paragraphe-2026-03-25T165648.765.webp\" \/>\n\t<meta property=\"og:image:width\" content=\"850\" \/>\n\t<meta property=\"og:image:height\" content=\"850\" \/>\n\t<meta property=\"og:image:type\" content=\"image\/jpeg\" \/>\n<meta name=\"twitter:card\" content=\"summary_large_image\" \/>\n<meta name=\"twitter:label1\" content=\"Est. reading time\" \/>\n\t<meta name=\"twitter:data1\" content=\"1 minute\" \/>\n<script type=\"application\/ld+json\" class=\"yoast-schema-graph\">{\"@context\":\"https:\\\/\\\/schema.org\",\"@graph\":[{\"@type\":\"WebPage\",\"@id\":\"https:\\\/\\\/luminairesgregoire.com\\\/en\\\/product\\\/4-l-black-pendant-nella-ich2257b04bk\\\/\",\"url\":\"https:\\\/\\\/luminairesgregoire.com\\\/en\\\/product\\\/4-l-black-pendant-nella-ich2257b04bk\\\/\",\"name\":\"4-l BLACK PENDANT- NELLA ICH2257B04BK - Luminaires Paul Gr\u00e9goire\",\"isPartOf\":{\"@id\":\"https:\\\/\\\/luminairesgregoire.com\\\/en\\\/#website\"},\"primaryImageOfPage\":{\"@id\":\"https:\\\/\\\/luminairesgregoire.com\\\/en\\\/product\\\/4-l-black-pendant-nella-ich2257b04bk\\\/#primaryimage\"},\"image\":{\"@id\":\"https:\\\/\\\/luminairesgregoire.com\\\/en\\\/product\\\/4-l-black-pendant-nella-ich2257b04bk\\\/#primaryimage\"},\"thumbnailUrl\":\"https:\\\/\\\/luminairesgregoire.com\\\/wp-content\\\/uploads\\\/2026\\\/03\\\/Votre-texte-de-paragraphe-2026-03-25T165648.765.webp\",\"datePublished\":\"2026-03-24T06:25:08+00:00\",\"dateModified\":\"2026-03-26T14:07:32+00:00\",\"description\":\"4-l BLACK PENDANT- NELLA ICH2257B04BK - Discover our collection of designer lighting \u2014 pendants, lamps, and ceiling lights \u2014 to brighten every space with style and elegance.\",\"breadcrumb\":{\"@id\":\"https:\\\/\\\/luminairesgregoire.com\\\/en\\\/product\\\/4-l-black-pendant-nella-ich2257b04bk\\\/#breadcrumb\"},\"inLanguage\":\"en-US\",\"potentialAction\":[{\"@type\":\"ReadAction\",\"target\":[\"https:\\\/\\\/luminairesgregoire.com\\\/en\\\/product\\\/4-l-black-pendant-nella-ich2257b04bk\\\/\"]}]},{\"@type\":\"ImageObject\",\"inLanguage\":\"en-US\",\"@id\":\"https:\\\/\\\/luminairesgregoire.com\\\/en\\\/product\\\/4-l-black-pendant-nella-ich2257b04bk\\\/#primaryimage\",\"url\":\"https:\\\/\\\/luminairesgregoire.com\\\/wp-content\\\/uploads\\\/2026\\\/03\\\/Votre-texte-de-paragraphe-2026-03-25T165648.765.webp\",\"contentUrl\":\"https:\\\/\\\/luminairesgregoire.com\\\/wp-content\\\/uploads\\\/2026\\\/03\\\/Votre-texte-de-paragraphe-2026-03-25T165648.765.webp\",\"width\":850,\"height\":850,\"caption\":\"4-l BLACK PENDANT- NELLA ICH2257B04BK\"},{\"@type\":\"BreadcrumbList\",\"@id\":\"https:\\\/\\\/luminairesgregoire.com\\\/en\\\/product\\\/4-l-black-pendant-nella-ich2257b04bk\\\/#breadcrumb\",\"itemListElement\":[{\"@type\":\"ListItem\",\"position\":1,\"name\":\"Home\",\"item\":\"https:\\\/\\\/luminairesgregoire.com\\\/en\\\/\"},{\"@type\":\"ListItem\",\"position\":2,\"name\":\"Store\",\"item\":\"https:\\\/\\\/luminairesgregoire.com\\\/en\\\/products\\\/\"},{\"@type\":\"ListItem\",\"position\":3,\"name\":\"4-l BLACK PENDANT- NELLA ICH2257B04BK\"}]},{\"@type\":\"WebSite\",\"@id\":\"https:\\\/\\\/luminairesgregoire.com\\\/en\\\/#website\",\"url\":\"https:\\\/\\\/luminairesgregoire.com\\\/en\\\/\",\"name\":\"Luminaires Paul Gr\u00e9goire\",\"description\":\"\",\"publisher\":{\"@id\":\"https:\\\/\\\/luminairesgregoire.com\\\/en\\\/#organization\"},\"potentialAction\":[{\"@type\":\"SearchAction\",\"target\":{\"@type\":\"EntryPoint\",\"urlTemplate\":\"https:\\\/\\\/luminairesgregoire.com\\\/en\\\/?s={search_term_string}\"},\"query-input\":{\"@type\":\"PropertyValueSpecification\",\"valueRequired\":true,\"valueName\":\"search_term_string\"}}],\"inLanguage\":\"en-US\"},{\"@type\":\"Organization\",\"@id\":\"https:\\\/\\\/luminairesgregoire.com\\\/en\\\/#organization\",\"name\":\"Luminaires Paul Gr\u00e9goire\",\"url\":\"https:\\\/\\\/luminairesgregoire.com\\\/en\\\/\",\"logo\":{\"@type\":\"ImageObject\",\"inLanguage\":\"en-US\",\"@id\":\"https:\\\/\\\/luminairesgregoire.com\\\/en\\\/#\\\/schema\\\/logo\\\/image\\\/\",\"url\":\"https:\\\/\\\/luminairesgregoire.com\\\/wp-content\\\/uploads\\\/2021\\\/05\\\/logo_CMYK-1-1.png\",\"contentUrl\":\"https:\\\/\\\/luminairesgregoire.com\\\/wp-content\\\/uploads\\\/2021\\\/05\\\/logo_CMYK-1-1.png\",\"width\":350,\"height\":164,\"caption\":\"Luminaires Paul Gr\u00e9goire\"},\"image\":{\"@id\":\"https:\\\/\\\/luminairesgregoire.com\\\/en\\\/#\\\/schema\\\/logo\\\/image\\\/\"}}]}<\/script>\n<!-- \/ Yoast SEO plugin. -->","yoast_head_json":{"title":"4-l BLACK PENDANT- NELLA ICH2257B04BK - Luminaires Paul Gr\u00e9goire","description":"4-l BLACK PENDANT- NELLA ICH2257B04BK - Discover our collection of designer lighting \u2014 pendants, lamps, and ceiling lights \u2014 to brighten every space with style and elegance.","robots":{"index":"index","follow":"follow","max-snippet":"max-snippet:-1","max-image-preview":"max-image-preview:large","max-video-preview":"max-video-preview:-1"},"canonical":"https:\/\/luminairesgregoire.com\/en\/product\/4-l-black-pendant-nella-ich2257b04bk\/","og_locale":"en_US","og_type":"article","og_title":"4-l BLACK PENDANT- NELLA ICH2257B04BK - Luminaires Paul Gr\u00e9goire","og_description":"4-l BLACK PENDANT- NELLA ICH2257B04BK - Discover our collection of designer lighting \u2014 pendants, lamps, and ceiling lights \u2014 to brighten every space with style and elegance.","og_url":"https:\/\/luminairesgregoire.com\/en\/product\/4-l-black-pendant-nella-ich2257b04bk\/","og_site_name":"Luminaires Paul Gr\u00e9goire","article_modified_time":"2026-03-26T14:07:32+00:00","og_image":[{"width":850,"height":850,"url":"https:\/\/luminairesgregoire.com\/wp-content\/uploads\/2026\/03\/Votre-texte-de-paragraphe-2026-03-25T165648.765.webp","type":"image\/jpeg"}],"twitter_card":"summary_large_image","twitter_misc":{"Est. reading time":"1 minute"},"schema":{"@context":"https:\/\/schema.org","@graph":[{"@type":"WebPage","@id":"https:\/\/luminairesgregoire.com\/en\/product\/4-l-black-pendant-nella-ich2257b04bk\/","url":"https:\/\/luminairesgregoire.com\/en\/product\/4-l-black-pendant-nella-ich2257b04bk\/","name":"4-l BLACK PENDANT- NELLA ICH2257B04BK - Luminaires Paul Gr\u00e9goire","isPartOf":{"@id":"https:\/\/luminairesgregoire.com\/en\/#website"},"primaryImageOfPage":{"@id":"https:\/\/luminairesgregoire.com\/en\/product\/4-l-black-pendant-nella-ich2257b04bk\/#primaryimage"},"image":{"@id":"https:\/\/luminairesgregoire.com\/en\/product\/4-l-black-pendant-nella-ich2257b04bk\/#primaryimage"},"thumbnailUrl":"https:\/\/luminairesgregoire.com\/wp-content\/uploads\/2026\/03\/Votre-texte-de-paragraphe-2026-03-25T165648.765.webp","datePublished":"2026-03-24T06:25:08+00:00","dateModified":"2026-03-26T14:07:32+00:00","description":"4-l BLACK PENDANT- NELLA ICH2257B04BK - Discover our collection of designer lighting \u2014 pendants, lamps, and ceiling lights \u2014 to brighten every space with style and elegance.","breadcrumb":{"@id":"https:\/\/luminairesgregoire.com\/en\/product\/4-l-black-pendant-nella-ich2257b04bk\/#breadcrumb"},"inLanguage":"en-US","potentialAction":[{"@type":"ReadAction","target":["https:\/\/luminairesgregoire.com\/en\/product\/4-l-black-pendant-nella-ich2257b04bk\/"]}]},{"@type":"ImageObject","inLanguage":"en-US","@id":"https:\/\/luminairesgregoire.com\/en\/product\/4-l-black-pendant-nella-ich2257b04bk\/#primaryimage","url":"https:\/\/luminairesgregoire.com\/wp-content\/uploads\/2026\/03\/Votre-texte-de-paragraphe-2026-03-25T165648.765.webp","contentUrl":"https:\/\/luminairesgregoire.com\/wp-content\/uploads\/2026\/03\/Votre-texte-de-paragraphe-2026-03-25T165648.765.webp","width":850,"height":850,"caption":"4-l BLACK PENDANT- NELLA ICH2257B04BK"},{"@type":"BreadcrumbList","@id":"https:\/\/luminairesgregoire.com\/en\/product\/4-l-black-pendant-nella-ich2257b04bk\/#breadcrumb","itemListElement":[{"@type":"ListItem","position":1,"name":"Home","item":"https:\/\/luminairesgregoire.com\/en\/"},{"@type":"ListItem","position":2,"name":"Store","item":"https:\/\/luminairesgregoire.com\/en\/products\/"},{"@type":"ListItem","position":3,"name":"4-l BLACK PENDANT- NELLA ICH2257B04BK"}]},{"@type":"WebSite","@id":"https:\/\/luminairesgregoire.com\/en\/#website","url":"https:\/\/luminairesgregoire.com\/en\/","name":"Luminaires Paul Gr\u00e9goire","description":"","publisher":{"@id":"https:\/\/luminairesgregoire.com\/en\/#organization"},"potentialAction":[{"@type":"SearchAction","target":{"@type":"EntryPoint","urlTemplate":"https:\/\/luminairesgregoire.com\/en\/?s={search_term_string}"},"query-input":{"@type":"PropertyValueSpecification","valueRequired":true,"valueName":"search_term_string"}}],"inLanguage":"en-US"},{"@type":"Organization","@id":"https:\/\/luminairesgregoire.com\/en\/#organization","name":"Luminaires Paul Gr\u00e9goire","url":"https:\/\/luminairesgregoire.com\/en\/","logo":{"@type":"ImageObject","inLanguage":"en-US","@id":"https:\/\/luminairesgregoire.com\/en\/#\/schema\/logo\/image\/","url":"https:\/\/luminairesgregoire.com\/wp-content\/uploads\/2021\/05\/logo_CMYK-1-1.png","contentUrl":"https:\/\/luminairesgregoire.com\/wp-content\/uploads\/2021\/05\/logo_CMYK-1-1.png","width":350,"height":164,"caption":"Luminaires Paul Gr\u00e9goire"},"image":{"@id":"https:\/\/luminairesgregoire.com\/en\/#\/schema\/logo\/image\/"}}]}},"_links":{"self":[{"href":"https:\/\/luminairesgregoire.com\/en\/wp-json\/wp\/v2\/product\/36784","targetHints":{"allow":["GET"]}}],"collection":[{"href":"https:\/\/luminairesgregoire.com\/en\/wp-json\/wp\/v2\/product"}],"about":[{"href":"https:\/\/luminairesgregoire.com\/en\/wp-json\/wp\/v2\/types\/product"}],"wp:featuredmedia":[{"embeddable":true,"href":"https:\/\/luminairesgregoire.com\/en\/wp-json\/wp\/v2\/media\/36774"}],"wp:attachment":[{"href":"https:\/\/luminairesgregoire.com\/en\/wp-json\/wp\/v2\/media?parent=36784"}],"wp:term":[{"taxonomy":"product_brand","embeddable":true,"href":"https:\/\/luminairesgregoire.com\/en\/wp-json\/wp\/v2\/product_brand?post=36784"},{"taxonomy":"product_cat","embeddable":true,"href":"https:\/\/luminairesgregoire.com\/en\/wp-json\/wp\/v2\/product_cat?post=36784"},{"taxonomy":"product_tag","embeddable":true,"href":"https:\/\/luminairesgregoire.com\/en\/wp-json\/wp\/v2\/product_tag?post=36784"}],"curies":[{"name":"wp","href":"https:\/\/api.w.org\/{rel}","templated":true}]}}