{"id":36958,"date":"2026-03-24T02:25:58","date_gmt":"2026-03-24T06:25:58","guid":{"rendered":"https:\/\/luminairesgregoire.com\/produits\/black-and-gold-pendant-noire-ipl1240a01bkg\/"},"modified":"2026-04-02T16:24:44","modified_gmt":"2026-04-02T20:24:44","slug":"black-and-gold-pendant-noire-ipl1240a01bkg","status":"publish","type":"product","link":"https:\/\/luminairesgregoire.com\/en\/product\/black-and-gold-pendant-noire-ipl1240a01bkg\/","title":{"rendered":"BLACK AND GOLD PENDANT- NOIR\u00c9 IPL1240A01BKG"},"content":{"rendered":"<p data-start=\"0\" data-end=\"377\">The NOIR\u00c9 cord pendant makes a striking statement with its bold matte black finish, refined gold trim, and crisp white interior designed for maximum light reflection. Graphic and intentional, this 1-light pendant bridges mid-century influence with a sleek, tech-inspired edge, adding high-energy style while remaining smooth and modern. Compact at 5.5 inches wide yet adjustable in height from 11.25 to 59.25 inches, it\u2019s ideal for kitchen islands, dining areas, or living spaces where sculptural lighting matters. Designed for a single 60W Type A bulb, NOIRE delivers both focused illumination and contemporary flair. Perfect for those seeking a ceiling light that feels playful, refined, and distinctly modern.    <\/p>\n","protected":false},"excerpt":{"rendered":"<p>The NOIR\u00c9 cord pendant makes a striking statement with its bold matte black finish, refined gold trim, and crisp white interior designed for maximum light reflection. Graphic and intentional, this 1-light pendant bridges mid-century influence with a sleek, tech-inspired edge, adding high-energy style while remaining smooth and modern. Compact at 5.5 inches wide yet adjustable [&hellip;]<\/p>\n","protected":false},"featured_media":36918,"template":"","meta":{"_acf_changed":false},"product_brand":[7080],"product_cat":[8860,5926,5989],"product_tag":[7357],"class_list":{"0":"post-36958","1":"product","2":"type-product","3":"status-publish","4":"has-post-thumbnail","6":"product_brand-canarm","7":"product_cat-new-arrivals","8":"product_cat-pendant-lights","9":"product_cat-single-pendants","10":"product_tag-new-collection-2026","11":"pa_diametre-5-5","12":"pa_finis-black","13":"pa_finis-gold-2","14":"pa_garantie-1-year","16":"first","17":"instock","18":"taxable","19":"shipping-taxable","20":"purchasable","21":"product-type-simple"},"acf":[],"yoast_head":"<!-- This site is optimized with the Yoast SEO plugin v27.4 - https:\/\/yoast.com\/product\/yoast-seo-wordpress\/ -->\n<title>BLACK AND GOLD PENDANT- NOIR\u00c9 IPL1240A01BKG - Luminaires Paul Gr\u00e9goire<\/title>\n<meta name=\"description\" content=\"BLACK AND GOLD PENDANT- NOIR\u00c9 IPL1240A01BKG - Discover our collection of designer lighting \u2014 pendants, lamps, and ceiling lights \u2014 to brighten every space with style and elegance.\" \/>\n<meta name=\"robots\" content=\"index, follow, max-snippet:-1, max-image-preview:large, max-video-preview:-1\" \/>\n<link rel=\"canonical\" href=\"https:\/\/luminairesgregoire.com\/en\/product\/black-and-gold-pendant-noire-ipl1240a01bkg\/\" \/>\n<meta property=\"og:locale\" content=\"en_US\" \/>\n<meta property=\"og:type\" content=\"article\" \/>\n<meta property=\"og:title\" content=\"BLACK AND GOLD PENDANT- NOIR\u00c9 IPL1240A01BKG - Luminaires Paul Gr\u00e9goire\" \/>\n<meta property=\"og:description\" content=\"BLACK AND GOLD PENDANT- NOIR\u00c9 IPL1240A01BKG - Discover our collection of designer lighting \u2014 pendants, lamps, and ceiling lights \u2014 to brighten every space with style and elegance.\" \/>\n<meta property=\"og:url\" content=\"https:\/\/luminairesgregoire.com\/en\/product\/black-and-gold-pendant-noire-ipl1240a01bkg\/\" \/>\n<meta property=\"og:site_name\" content=\"Luminaires Paul Gr\u00e9goire\" \/>\n<meta property=\"article:modified_time\" content=\"2026-04-02T20:24:44+00:00\" \/>\n<meta property=\"og:image\" content=\"https:\/\/luminairesgregoire.com\/wp-content\/uploads\/2026\/03\/Votre-texte-de-paragraphe-2026-03-26T162505.236.webp\" \/>\n\t<meta property=\"og:image:width\" content=\"850\" \/>\n\t<meta property=\"og:image:height\" content=\"850\" \/>\n\t<meta property=\"og:image:type\" content=\"image\/jpeg\" \/>\n<meta name=\"twitter:card\" content=\"summary_large_image\" \/>\n<meta name=\"twitter:label1\" content=\"Est. reading time\" \/>\n\t<meta name=\"twitter:data1\" content=\"1 minute\" \/>\n<script type=\"application\/ld+json\" class=\"yoast-schema-graph\">{\"@context\":\"https:\\\/\\\/schema.org\",\"@graph\":[{\"@type\":\"WebPage\",\"@id\":\"https:\\\/\\\/luminairesgregoire.com\\\/en\\\/product\\\/black-and-gold-pendant-noire-ipl1240a01bkg\\\/\",\"url\":\"https:\\\/\\\/luminairesgregoire.com\\\/en\\\/product\\\/black-and-gold-pendant-noire-ipl1240a01bkg\\\/\",\"name\":\"BLACK AND GOLD PENDANT- NOIR\u00c9 IPL1240A01BKG - Luminaires Paul Gr\u00e9goire\",\"isPartOf\":{\"@id\":\"https:\\\/\\\/luminairesgregoire.com\\\/en\\\/#website\"},\"primaryImageOfPage\":{\"@id\":\"https:\\\/\\\/luminairesgregoire.com\\\/en\\\/product\\\/black-and-gold-pendant-noire-ipl1240a01bkg\\\/#primaryimage\"},\"image\":{\"@id\":\"https:\\\/\\\/luminairesgregoire.com\\\/en\\\/product\\\/black-and-gold-pendant-noire-ipl1240a01bkg\\\/#primaryimage\"},\"thumbnailUrl\":\"https:\\\/\\\/luminairesgregoire.com\\\/wp-content\\\/uploads\\\/2026\\\/03\\\/Votre-texte-de-paragraphe-2026-03-26T162505.236.webp\",\"datePublished\":\"2026-03-24T06:25:58+00:00\",\"dateModified\":\"2026-04-02T20:24:44+00:00\",\"description\":\"BLACK AND GOLD PENDANT- NOIR\u00c9 IPL1240A01BKG - Discover our collection of designer lighting \u2014 pendants, lamps, and ceiling lights \u2014 to brighten every space with style and elegance.\",\"breadcrumb\":{\"@id\":\"https:\\\/\\\/luminairesgregoire.com\\\/en\\\/product\\\/black-and-gold-pendant-noire-ipl1240a01bkg\\\/#breadcrumb\"},\"inLanguage\":\"en-US\",\"potentialAction\":[{\"@type\":\"ReadAction\",\"target\":[\"https:\\\/\\\/luminairesgregoire.com\\\/en\\\/product\\\/black-and-gold-pendant-noire-ipl1240a01bkg\\\/\"]}]},{\"@type\":\"ImageObject\",\"inLanguage\":\"en-US\",\"@id\":\"https:\\\/\\\/luminairesgregoire.com\\\/en\\\/product\\\/black-and-gold-pendant-noire-ipl1240a01bkg\\\/#primaryimage\",\"url\":\"https:\\\/\\\/luminairesgregoire.com\\\/wp-content\\\/uploads\\\/2026\\\/03\\\/Votre-texte-de-paragraphe-2026-03-26T162505.236.webp\",\"contentUrl\":\"https:\\\/\\\/luminairesgregoire.com\\\/wp-content\\\/uploads\\\/2026\\\/03\\\/Votre-texte-de-paragraphe-2026-03-26T162505.236.webp\",\"width\":850,\"height\":850,\"caption\":\"BLACK AND GOLD PENDANT- NOIR\u00c9 IPL1240A01BKG\"},{\"@type\":\"BreadcrumbList\",\"@id\":\"https:\\\/\\\/luminairesgregoire.com\\\/en\\\/product\\\/black-and-gold-pendant-noire-ipl1240a01bkg\\\/#breadcrumb\",\"itemListElement\":[{\"@type\":\"ListItem\",\"position\":1,\"name\":\"Home\",\"item\":\"https:\\\/\\\/luminairesgregoire.com\\\/en\\\/\"},{\"@type\":\"ListItem\",\"position\":2,\"name\":\"Store\",\"item\":\"https:\\\/\\\/luminairesgregoire.com\\\/en\\\/products\\\/\"},{\"@type\":\"ListItem\",\"position\":3,\"name\":\"BLACK AND GOLD PENDANT- NOIR\u00c9 IPL1240A01BKG\"}]},{\"@type\":\"WebSite\",\"@id\":\"https:\\\/\\\/luminairesgregoire.com\\\/en\\\/#website\",\"url\":\"https:\\\/\\\/luminairesgregoire.com\\\/en\\\/\",\"name\":\"Luminaires Paul Gr\u00e9goire\",\"description\":\"\",\"publisher\":{\"@id\":\"https:\\\/\\\/luminairesgregoire.com\\\/en\\\/#organization\"},\"potentialAction\":[{\"@type\":\"SearchAction\",\"target\":{\"@type\":\"EntryPoint\",\"urlTemplate\":\"https:\\\/\\\/luminairesgregoire.com\\\/en\\\/?s={search_term_string}\"},\"query-input\":{\"@type\":\"PropertyValueSpecification\",\"valueRequired\":true,\"valueName\":\"search_term_string\"}}],\"inLanguage\":\"en-US\"},{\"@type\":\"Organization\",\"@id\":\"https:\\\/\\\/luminairesgregoire.com\\\/en\\\/#organization\",\"name\":\"Luminaires Paul Gr\u00e9goire\",\"url\":\"https:\\\/\\\/luminairesgregoire.com\\\/en\\\/\",\"logo\":{\"@type\":\"ImageObject\",\"inLanguage\":\"en-US\",\"@id\":\"https:\\\/\\\/luminairesgregoire.com\\\/en\\\/#\\\/schema\\\/logo\\\/image\\\/\",\"url\":\"https:\\\/\\\/luminairesgregoire.com\\\/wp-content\\\/uploads\\\/2021\\\/05\\\/logo_CMYK-1-1.png\",\"contentUrl\":\"https:\\\/\\\/luminairesgregoire.com\\\/wp-content\\\/uploads\\\/2021\\\/05\\\/logo_CMYK-1-1.png\",\"width\":350,\"height\":164,\"caption\":\"Luminaires Paul Gr\u00e9goire\"},\"image\":{\"@id\":\"https:\\\/\\\/luminairesgregoire.com\\\/en\\\/#\\\/schema\\\/logo\\\/image\\\/\"}}]}<\/script>\n<!-- \/ Yoast SEO plugin. -->","yoast_head_json":{"title":"BLACK AND GOLD PENDANT- NOIR\u00c9 IPL1240A01BKG - Luminaires Paul Gr\u00e9goire","description":"BLACK AND GOLD PENDANT- NOIR\u00c9 IPL1240A01BKG - Discover our collection of designer lighting \u2014 pendants, lamps, and ceiling lights \u2014 to brighten every space with style and elegance.","robots":{"index":"index","follow":"follow","max-snippet":"max-snippet:-1","max-image-preview":"max-image-preview:large","max-video-preview":"max-video-preview:-1"},"canonical":"https:\/\/luminairesgregoire.com\/en\/product\/black-and-gold-pendant-noire-ipl1240a01bkg\/","og_locale":"en_US","og_type":"article","og_title":"BLACK AND GOLD PENDANT- NOIR\u00c9 IPL1240A01BKG - Luminaires Paul Gr\u00e9goire","og_description":"BLACK AND GOLD PENDANT- NOIR\u00c9 IPL1240A01BKG - Discover our collection of designer lighting \u2014 pendants, lamps, and ceiling lights \u2014 to brighten every space with style and elegance.","og_url":"https:\/\/luminairesgregoire.com\/en\/product\/black-and-gold-pendant-noire-ipl1240a01bkg\/","og_site_name":"Luminaires Paul Gr\u00e9goire","article_modified_time":"2026-04-02T20:24:44+00:00","og_image":[{"width":850,"height":850,"url":"https:\/\/luminairesgregoire.com\/wp-content\/uploads\/2026\/03\/Votre-texte-de-paragraphe-2026-03-26T162505.236.webp","type":"image\/jpeg"}],"twitter_card":"summary_large_image","twitter_misc":{"Est. reading time":"1 minute"},"schema":{"@context":"https:\/\/schema.org","@graph":[{"@type":"WebPage","@id":"https:\/\/luminairesgregoire.com\/en\/product\/black-and-gold-pendant-noire-ipl1240a01bkg\/","url":"https:\/\/luminairesgregoire.com\/en\/product\/black-and-gold-pendant-noire-ipl1240a01bkg\/","name":"BLACK AND GOLD PENDANT- NOIR\u00c9 IPL1240A01BKG - Luminaires Paul Gr\u00e9goire","isPartOf":{"@id":"https:\/\/luminairesgregoire.com\/en\/#website"},"primaryImageOfPage":{"@id":"https:\/\/luminairesgregoire.com\/en\/product\/black-and-gold-pendant-noire-ipl1240a01bkg\/#primaryimage"},"image":{"@id":"https:\/\/luminairesgregoire.com\/en\/product\/black-and-gold-pendant-noire-ipl1240a01bkg\/#primaryimage"},"thumbnailUrl":"https:\/\/luminairesgregoire.com\/wp-content\/uploads\/2026\/03\/Votre-texte-de-paragraphe-2026-03-26T162505.236.webp","datePublished":"2026-03-24T06:25:58+00:00","dateModified":"2026-04-02T20:24:44+00:00","description":"BLACK AND GOLD PENDANT- NOIR\u00c9 IPL1240A01BKG - Discover our collection of designer lighting \u2014 pendants, lamps, and ceiling lights \u2014 to brighten every space with style and elegance.","breadcrumb":{"@id":"https:\/\/luminairesgregoire.com\/en\/product\/black-and-gold-pendant-noire-ipl1240a01bkg\/#breadcrumb"},"inLanguage":"en-US","potentialAction":[{"@type":"ReadAction","target":["https:\/\/luminairesgregoire.com\/en\/product\/black-and-gold-pendant-noire-ipl1240a01bkg\/"]}]},{"@type":"ImageObject","inLanguage":"en-US","@id":"https:\/\/luminairesgregoire.com\/en\/product\/black-and-gold-pendant-noire-ipl1240a01bkg\/#primaryimage","url":"https:\/\/luminairesgregoire.com\/wp-content\/uploads\/2026\/03\/Votre-texte-de-paragraphe-2026-03-26T162505.236.webp","contentUrl":"https:\/\/luminairesgregoire.com\/wp-content\/uploads\/2026\/03\/Votre-texte-de-paragraphe-2026-03-26T162505.236.webp","width":850,"height":850,"caption":"BLACK AND GOLD PENDANT- NOIR\u00c9 IPL1240A01BKG"},{"@type":"BreadcrumbList","@id":"https:\/\/luminairesgregoire.com\/en\/product\/black-and-gold-pendant-noire-ipl1240a01bkg\/#breadcrumb","itemListElement":[{"@type":"ListItem","position":1,"name":"Home","item":"https:\/\/luminairesgregoire.com\/en\/"},{"@type":"ListItem","position":2,"name":"Store","item":"https:\/\/luminairesgregoire.com\/en\/products\/"},{"@type":"ListItem","position":3,"name":"BLACK AND GOLD PENDANT- NOIR\u00c9 IPL1240A01BKG"}]},{"@type":"WebSite","@id":"https:\/\/luminairesgregoire.com\/en\/#website","url":"https:\/\/luminairesgregoire.com\/en\/","name":"Luminaires Paul Gr\u00e9goire","description":"","publisher":{"@id":"https:\/\/luminairesgregoire.com\/en\/#organization"},"potentialAction":[{"@type":"SearchAction","target":{"@type":"EntryPoint","urlTemplate":"https:\/\/luminairesgregoire.com\/en\/?s={search_term_string}"},"query-input":{"@type":"PropertyValueSpecification","valueRequired":true,"valueName":"search_term_string"}}],"inLanguage":"en-US"},{"@type":"Organization","@id":"https:\/\/luminairesgregoire.com\/en\/#organization","name":"Luminaires Paul Gr\u00e9goire","url":"https:\/\/luminairesgregoire.com\/en\/","logo":{"@type":"ImageObject","inLanguage":"en-US","@id":"https:\/\/luminairesgregoire.com\/en\/#\/schema\/logo\/image\/","url":"https:\/\/luminairesgregoire.com\/wp-content\/uploads\/2021\/05\/logo_CMYK-1-1.png","contentUrl":"https:\/\/luminairesgregoire.com\/wp-content\/uploads\/2021\/05\/logo_CMYK-1-1.png","width":350,"height":164,"caption":"Luminaires Paul Gr\u00e9goire"},"image":{"@id":"https:\/\/luminairesgregoire.com\/en\/#\/schema\/logo\/image\/"}}]}},"_links":{"self":[{"href":"https:\/\/luminairesgregoire.com\/en\/wp-json\/wp\/v2\/product\/36958","targetHints":{"allow":["GET"]}}],"collection":[{"href":"https:\/\/luminairesgregoire.com\/en\/wp-json\/wp\/v2\/product"}],"about":[{"href":"https:\/\/luminairesgregoire.com\/en\/wp-json\/wp\/v2\/types\/product"}],"wp:featuredmedia":[{"embeddable":true,"href":"https:\/\/luminairesgregoire.com\/en\/wp-json\/wp\/v2\/media\/36918"}],"wp:attachment":[{"href":"https:\/\/luminairesgregoire.com\/en\/wp-json\/wp\/v2\/media?parent=36958"}],"wp:term":[{"taxonomy":"product_brand","embeddable":true,"href":"https:\/\/luminairesgregoire.com\/en\/wp-json\/wp\/v2\/product_brand?post=36958"},{"taxonomy":"product_cat","embeddable":true,"href":"https:\/\/luminairesgregoire.com\/en\/wp-json\/wp\/v2\/product_cat?post=36958"},{"taxonomy":"product_tag","embeddable":true,"href":"https:\/\/luminairesgregoire.com\/en\/wp-json\/wp\/v2\/product_tag?post=36958"}],"curies":[{"name":"wp","href":"https:\/\/api.w.org\/{rel}","templated":true}]}}