{"id":37258,"date":"2026-03-25T03:56:21","date_gmt":"2026-03-25T07:56:21","guid":{"rendered":"https:\/\/luminairesgregoire.com\/produits\/black-and-stone-14-flush-mount-petra-lfm340a14bks\/"},"modified":"2026-03-31T09:30:10","modified_gmt":"2026-03-31T13:30:10","slug":"black-and-stone-14-flush-mount-petra-lfm340a14bks","status":"publish","type":"product","link":"https:\/\/luminairesgregoire.com\/en\/product\/black-and-stone-14-flush-mount-petra-lfm340a14bks\/","title":{"rendered":"BLACK And stone 14\u201c flush mount- PETRA LFM340A14BKS"},"content":{"rendered":"<p data-start=\"0\" data-end=\"295\">The PETRA flush mount blends minimalist design with wellness-inspired calm, pairing matte black with soft stone tones for a look that feels both modern and grounding. Its sculptural form recalls the balance by embracing simplicity, proportion, and quiet elegance. An acrylic diffuser softens the light, casting an inviting glow that echoes spa-like serenity and restorative retreat design. Powered by a 24W integrated LED, PETRA delivers 1200 lumens with a 3CCT switch that shifts between warm 3000K, balanced 4000K, and crisp 5000K illumination. Dimmable functionality allows smooth transitions from soft ambience to bright clarity, enhancing mental clarity and mood. Measuring 13.75 inches wide, this ceiling light carries a refined presence that suits bedrooms, entryways, or living spaces. PETRA is luxury made simple; minimalist, calming, and designed to bring balance into everyday living.     <\/p>\n<p data-start=\"909\" data-end=\"1019\" data-is-last-node=\"\" data-is-only-node=\"\">PETRA incarne un luxe \u00e9pur\u00e9 : minimaliste, apaisant et con\u00e7u pour apporter \u00e9quilibre et harmonie au quotidien.<\/p>\n","protected":false},"excerpt":{"rendered":"<p>The PETRA flush mount blends minimalist design with wellness-inspired calm, pairing matte black with soft stone tones for a look that feels both modern and grounding. Its sculptural form recalls the balance by embracing simplicity, proportion, and quiet elegance. An acrylic diffuser softens the light, casting an inviting glow that echoes spa-like serenity and restorative [&hellip;]<\/p>\n","protected":false},"featured_media":37171,"template":"","meta":{"_acf_changed":false},"product_brand":[7080],"product_cat":[5918,5985,8860],"product_tag":[7357],"class_list":{"0":"post-37258","1":"product","2":"type-product","3":"status-publish","4":"has-post-thumbnail","6":"product_brand-canarm","7":"product_cat-ceiling","8":"product_cat-flush-mounts","9":"product_cat-new-arrivals","10":"product_tag-new-collection-2026","11":"pa_diametre-13-75","12":"pa_finis-black","13":"pa_finis-stone","14":"pa_hauteur-8-87","16":"first","17":"instock","18":"taxable","19":"shipping-taxable","20":"purchasable","21":"product-type-simple"},"acf":[],"yoast_head":"<!-- This site is optimized with the Yoast SEO plugin v27.4 - https:\/\/yoast.com\/product\/yoast-seo-wordpress\/ -->\n<title>BLACK And stone 14\u201c flush mount- PETRA LFM340A14BKS - Luminaires Paul Gr\u00e9goire<\/title>\n<meta name=\"description\" content=\"BLACK And stone 14\u201c flush mount- PETRA LFM340A14BKS - Discover our collection of designer lighting \u2014 pendants, lamps, and ceiling lights \u2014 to brighten every space with style and elegance.\" \/>\n<meta name=\"robots\" content=\"index, follow, max-snippet:-1, max-image-preview:large, max-video-preview:-1\" \/>\n<link rel=\"canonical\" href=\"https:\/\/luminairesgregoire.com\/en\/product\/black-and-stone-14-flush-mount-petra-lfm340a14bks\/\" \/>\n<meta property=\"og:locale\" content=\"en_US\" \/>\n<meta property=\"og:type\" content=\"article\" \/>\n<meta property=\"og:title\" content=\"BLACK And stone 14\u201c flush mount- PETRA LFM340A14BKS - Luminaires Paul Gr\u00e9goire\" \/>\n<meta property=\"og:description\" content=\"BLACK And stone 14\u201c flush mount- PETRA LFM340A14BKS - Discover our collection of designer lighting \u2014 pendants, lamps, and ceiling lights \u2014 to brighten every space with style and elegance.\" \/>\n<meta property=\"og:url\" content=\"https:\/\/luminairesgregoire.com\/en\/product\/black-and-stone-14-flush-mount-petra-lfm340a14bks\/\" \/>\n<meta property=\"og:site_name\" content=\"Luminaires Paul Gr\u00e9goire\" \/>\n<meta property=\"article:modified_time\" content=\"2026-03-31T13:30:10+00:00\" \/>\n<meta property=\"og:image\" content=\"https:\/\/luminairesgregoire.com\/wp-content\/uploads\/2026\/03\/Votre-texte-de-paragraphe-2026-03-30T153137.574.webp\" \/>\n\t<meta property=\"og:image:width\" content=\"850\" \/>\n\t<meta property=\"og:image:height\" content=\"850\" \/>\n\t<meta property=\"og:image:type\" content=\"image\/jpeg\" \/>\n<meta name=\"twitter:card\" content=\"summary_large_image\" \/>\n<meta name=\"twitter:label1\" content=\"Est. reading time\" \/>\n\t<meta name=\"twitter:data1\" content=\"1 minute\" \/>\n<script type=\"application\/ld+json\" class=\"yoast-schema-graph\">{\"@context\":\"https:\\\/\\\/schema.org\",\"@graph\":[{\"@type\":\"WebPage\",\"@id\":\"https:\\\/\\\/luminairesgregoire.com\\\/en\\\/product\\\/black-and-stone-14-flush-mount-petra-lfm340a14bks\\\/\",\"url\":\"https:\\\/\\\/luminairesgregoire.com\\\/en\\\/product\\\/black-and-stone-14-flush-mount-petra-lfm340a14bks\\\/\",\"name\":\"BLACK And stone 14\u201c flush mount- PETRA LFM340A14BKS - Luminaires Paul Gr\u00e9goire\",\"isPartOf\":{\"@id\":\"https:\\\/\\\/luminairesgregoire.com\\\/en\\\/#website\"},\"primaryImageOfPage\":{\"@id\":\"https:\\\/\\\/luminairesgregoire.com\\\/en\\\/product\\\/black-and-stone-14-flush-mount-petra-lfm340a14bks\\\/#primaryimage\"},\"image\":{\"@id\":\"https:\\\/\\\/luminairesgregoire.com\\\/en\\\/product\\\/black-and-stone-14-flush-mount-petra-lfm340a14bks\\\/#primaryimage\"},\"thumbnailUrl\":\"https:\\\/\\\/luminairesgregoire.com\\\/wp-content\\\/uploads\\\/2026\\\/03\\\/Votre-texte-de-paragraphe-2026-03-30T153137.574.webp\",\"datePublished\":\"2026-03-25T07:56:21+00:00\",\"dateModified\":\"2026-03-31T13:30:10+00:00\",\"description\":\"BLACK And stone 14\u201c flush mount- PETRA LFM340A14BKS - Discover our collection of designer lighting \u2014 pendants, lamps, and ceiling lights \u2014 to brighten every space with style and elegance.\",\"breadcrumb\":{\"@id\":\"https:\\\/\\\/luminairesgregoire.com\\\/en\\\/product\\\/black-and-stone-14-flush-mount-petra-lfm340a14bks\\\/#breadcrumb\"},\"inLanguage\":\"en-US\",\"potentialAction\":[{\"@type\":\"ReadAction\",\"target\":[\"https:\\\/\\\/luminairesgregoire.com\\\/en\\\/product\\\/black-and-stone-14-flush-mount-petra-lfm340a14bks\\\/\"]}]},{\"@type\":\"ImageObject\",\"inLanguage\":\"en-US\",\"@id\":\"https:\\\/\\\/luminairesgregoire.com\\\/en\\\/product\\\/black-and-stone-14-flush-mount-petra-lfm340a14bks\\\/#primaryimage\",\"url\":\"https:\\\/\\\/luminairesgregoire.com\\\/wp-content\\\/uploads\\\/2026\\\/03\\\/Votre-texte-de-paragraphe-2026-03-30T153137.574.webp\",\"contentUrl\":\"https:\\\/\\\/luminairesgregoire.com\\\/wp-content\\\/uploads\\\/2026\\\/03\\\/Votre-texte-de-paragraphe-2026-03-30T153137.574.webp\",\"width\":850,\"height\":850,\"caption\":\"BLACK And stone 14\u201c flush mount- PETRA LFM340A14BKS\"},{\"@type\":\"BreadcrumbList\",\"@id\":\"https:\\\/\\\/luminairesgregoire.com\\\/en\\\/product\\\/black-and-stone-14-flush-mount-petra-lfm340a14bks\\\/#breadcrumb\",\"itemListElement\":[{\"@type\":\"ListItem\",\"position\":1,\"name\":\"Home\",\"item\":\"https:\\\/\\\/luminairesgregoire.com\\\/en\\\/\"},{\"@type\":\"ListItem\",\"position\":2,\"name\":\"Store\",\"item\":\"https:\\\/\\\/luminairesgregoire.com\\\/en\\\/products\\\/\"},{\"@type\":\"ListItem\",\"position\":3,\"name\":\"BLACK And stone 14\u201c flush mount- PETRA LFM340A14BKS\"}]},{\"@type\":\"WebSite\",\"@id\":\"https:\\\/\\\/luminairesgregoire.com\\\/en\\\/#website\",\"url\":\"https:\\\/\\\/luminairesgregoire.com\\\/en\\\/\",\"name\":\"Luminaires Paul Gr\u00e9goire\",\"description\":\"\",\"publisher\":{\"@id\":\"https:\\\/\\\/luminairesgregoire.com\\\/en\\\/#organization\"},\"potentialAction\":[{\"@type\":\"SearchAction\",\"target\":{\"@type\":\"EntryPoint\",\"urlTemplate\":\"https:\\\/\\\/luminairesgregoire.com\\\/en\\\/?s={search_term_string}\"},\"query-input\":{\"@type\":\"PropertyValueSpecification\",\"valueRequired\":true,\"valueName\":\"search_term_string\"}}],\"inLanguage\":\"en-US\"},{\"@type\":\"Organization\",\"@id\":\"https:\\\/\\\/luminairesgregoire.com\\\/en\\\/#organization\",\"name\":\"Luminaires Paul Gr\u00e9goire\",\"url\":\"https:\\\/\\\/luminairesgregoire.com\\\/en\\\/\",\"logo\":{\"@type\":\"ImageObject\",\"inLanguage\":\"en-US\",\"@id\":\"https:\\\/\\\/luminairesgregoire.com\\\/en\\\/#\\\/schema\\\/logo\\\/image\\\/\",\"url\":\"https:\\\/\\\/luminairesgregoire.com\\\/wp-content\\\/uploads\\\/2021\\\/05\\\/logo_CMYK-1-1.png\",\"contentUrl\":\"https:\\\/\\\/luminairesgregoire.com\\\/wp-content\\\/uploads\\\/2021\\\/05\\\/logo_CMYK-1-1.png\",\"width\":350,\"height\":164,\"caption\":\"Luminaires Paul Gr\u00e9goire\"},\"image\":{\"@id\":\"https:\\\/\\\/luminairesgregoire.com\\\/en\\\/#\\\/schema\\\/logo\\\/image\\\/\"}}]}<\/script>\n<!-- \/ Yoast SEO plugin. -->","yoast_head_json":{"title":"BLACK And stone 14\u201c flush mount- PETRA LFM340A14BKS - Luminaires Paul Gr\u00e9goire","description":"BLACK And stone 14\u201c flush mount- PETRA LFM340A14BKS - Discover our collection of designer lighting \u2014 pendants, lamps, and ceiling lights \u2014 to brighten every space with style and elegance.","robots":{"index":"index","follow":"follow","max-snippet":"max-snippet:-1","max-image-preview":"max-image-preview:large","max-video-preview":"max-video-preview:-1"},"canonical":"https:\/\/luminairesgregoire.com\/en\/product\/black-and-stone-14-flush-mount-petra-lfm340a14bks\/","og_locale":"en_US","og_type":"article","og_title":"BLACK And stone 14\u201c flush mount- PETRA LFM340A14BKS - Luminaires Paul Gr\u00e9goire","og_description":"BLACK And stone 14\u201c flush mount- PETRA LFM340A14BKS - Discover our collection of designer lighting \u2014 pendants, lamps, and ceiling lights \u2014 to brighten every space with style and elegance.","og_url":"https:\/\/luminairesgregoire.com\/en\/product\/black-and-stone-14-flush-mount-petra-lfm340a14bks\/","og_site_name":"Luminaires Paul Gr\u00e9goire","article_modified_time":"2026-03-31T13:30:10+00:00","og_image":[{"width":850,"height":850,"url":"https:\/\/luminairesgregoire.com\/wp-content\/uploads\/2026\/03\/Votre-texte-de-paragraphe-2026-03-30T153137.574.webp","type":"image\/jpeg"}],"twitter_card":"summary_large_image","twitter_misc":{"Est. reading time":"1 minute"},"schema":{"@context":"https:\/\/schema.org","@graph":[{"@type":"WebPage","@id":"https:\/\/luminairesgregoire.com\/en\/product\/black-and-stone-14-flush-mount-petra-lfm340a14bks\/","url":"https:\/\/luminairesgregoire.com\/en\/product\/black-and-stone-14-flush-mount-petra-lfm340a14bks\/","name":"BLACK And stone 14\u201c flush mount- PETRA LFM340A14BKS - Luminaires Paul Gr\u00e9goire","isPartOf":{"@id":"https:\/\/luminairesgregoire.com\/en\/#website"},"primaryImageOfPage":{"@id":"https:\/\/luminairesgregoire.com\/en\/product\/black-and-stone-14-flush-mount-petra-lfm340a14bks\/#primaryimage"},"image":{"@id":"https:\/\/luminairesgregoire.com\/en\/product\/black-and-stone-14-flush-mount-petra-lfm340a14bks\/#primaryimage"},"thumbnailUrl":"https:\/\/luminairesgregoire.com\/wp-content\/uploads\/2026\/03\/Votre-texte-de-paragraphe-2026-03-30T153137.574.webp","datePublished":"2026-03-25T07:56:21+00:00","dateModified":"2026-03-31T13:30:10+00:00","description":"BLACK And stone 14\u201c flush mount- PETRA LFM340A14BKS - Discover our collection of designer lighting \u2014 pendants, lamps, and ceiling lights \u2014 to brighten every space with style and elegance.","breadcrumb":{"@id":"https:\/\/luminairesgregoire.com\/en\/product\/black-and-stone-14-flush-mount-petra-lfm340a14bks\/#breadcrumb"},"inLanguage":"en-US","potentialAction":[{"@type":"ReadAction","target":["https:\/\/luminairesgregoire.com\/en\/product\/black-and-stone-14-flush-mount-petra-lfm340a14bks\/"]}]},{"@type":"ImageObject","inLanguage":"en-US","@id":"https:\/\/luminairesgregoire.com\/en\/product\/black-and-stone-14-flush-mount-petra-lfm340a14bks\/#primaryimage","url":"https:\/\/luminairesgregoire.com\/wp-content\/uploads\/2026\/03\/Votre-texte-de-paragraphe-2026-03-30T153137.574.webp","contentUrl":"https:\/\/luminairesgregoire.com\/wp-content\/uploads\/2026\/03\/Votre-texte-de-paragraphe-2026-03-30T153137.574.webp","width":850,"height":850,"caption":"BLACK And stone 14\u201c flush mount- PETRA LFM340A14BKS"},{"@type":"BreadcrumbList","@id":"https:\/\/luminairesgregoire.com\/en\/product\/black-and-stone-14-flush-mount-petra-lfm340a14bks\/#breadcrumb","itemListElement":[{"@type":"ListItem","position":1,"name":"Home","item":"https:\/\/luminairesgregoire.com\/en\/"},{"@type":"ListItem","position":2,"name":"Store","item":"https:\/\/luminairesgregoire.com\/en\/products\/"},{"@type":"ListItem","position":3,"name":"BLACK And stone 14\u201c flush mount- PETRA LFM340A14BKS"}]},{"@type":"WebSite","@id":"https:\/\/luminairesgregoire.com\/en\/#website","url":"https:\/\/luminairesgregoire.com\/en\/","name":"Luminaires Paul Gr\u00e9goire","description":"","publisher":{"@id":"https:\/\/luminairesgregoire.com\/en\/#organization"},"potentialAction":[{"@type":"SearchAction","target":{"@type":"EntryPoint","urlTemplate":"https:\/\/luminairesgregoire.com\/en\/?s={search_term_string}"},"query-input":{"@type":"PropertyValueSpecification","valueRequired":true,"valueName":"search_term_string"}}],"inLanguage":"en-US"},{"@type":"Organization","@id":"https:\/\/luminairesgregoire.com\/en\/#organization","name":"Luminaires Paul Gr\u00e9goire","url":"https:\/\/luminairesgregoire.com\/en\/","logo":{"@type":"ImageObject","inLanguage":"en-US","@id":"https:\/\/luminairesgregoire.com\/en\/#\/schema\/logo\/image\/","url":"https:\/\/luminairesgregoire.com\/wp-content\/uploads\/2021\/05\/logo_CMYK-1-1.png","contentUrl":"https:\/\/luminairesgregoire.com\/wp-content\/uploads\/2021\/05\/logo_CMYK-1-1.png","width":350,"height":164,"caption":"Luminaires Paul Gr\u00e9goire"},"image":{"@id":"https:\/\/luminairesgregoire.com\/en\/#\/schema\/logo\/image\/"}}]}},"_links":{"self":[{"href":"https:\/\/luminairesgregoire.com\/en\/wp-json\/wp\/v2\/product\/37258","targetHints":{"allow":["GET"]}}],"collection":[{"href":"https:\/\/luminairesgregoire.com\/en\/wp-json\/wp\/v2\/product"}],"about":[{"href":"https:\/\/luminairesgregoire.com\/en\/wp-json\/wp\/v2\/types\/product"}],"wp:featuredmedia":[{"embeddable":true,"href":"https:\/\/luminairesgregoire.com\/en\/wp-json\/wp\/v2\/media\/37171"}],"wp:attachment":[{"href":"https:\/\/luminairesgregoire.com\/en\/wp-json\/wp\/v2\/media?parent=37258"}],"wp:term":[{"taxonomy":"product_brand","embeddable":true,"href":"https:\/\/luminairesgregoire.com\/en\/wp-json\/wp\/v2\/product_brand?post=37258"},{"taxonomy":"product_cat","embeddable":true,"href":"https:\/\/luminairesgregoire.com\/en\/wp-json\/wp\/v2\/product_cat?post=37258"},{"taxonomy":"product_tag","embeddable":true,"href":"https:\/\/luminairesgregoire.com\/en\/wp-json\/wp\/v2\/product_tag?post=37258"}],"curies":[{"name":"wp","href":"https:\/\/api.w.org\/{rel}","templated":true}]}}