{"id":37401,"date":"2026-04-01T02:32:29","date_gmt":"2026-04-01T06:32:29","guid":{"rendered":"https:\/\/luminairesgregoire.com\/?post_type=product&#038;p=37401"},"modified":"2026-05-06T04:44:07","modified_gmt":"2026-05-06T08:44:07","slug":"murale-exterieur-del-noir-shield-dswc07-cc-v-bk","status":"publish","type":"product","link":"https:\/\/luminairesgregoire.com\/en\/product\/murale-exterieur-del-noir-shield-dswc07-cc-v-bk\/","title":{"rendered":"MURALE EXT\u00c9RIEUR DEL NOIR- SHIELD DSWC07-CC-V-BK"},"content":{"rendered":"<p>Ces luminaires muraux certifi\u00e9s DarkSky de 5 et 7 po offrent un \u00e9clairage cibl\u00e9 et \u00e9co\u00e9nerg\u00e9tique tout en minimisant la pollution lumineuse, ce qui les rend id\u00e9aux pour les espaces ext\u00e9rieurs respectueux de l\u2019environnement. La fonction de cellule photo\u00e9lectrique s\u2019adapte automatiquement aux conditions d\u2019\u00e9clairage changeantes, fournissant un \u00e9clairage \u00e9conome en \u00e9nergie sans n\u00e9cessiter de contr\u00f4le manuel.<\/p>\n","protected":false},"excerpt":{"rendered":"<p>Ces luminaires muraux certifi\u00e9s DarkSky de 5 et 7 po offrent un \u00e9clairage cibl\u00e9 et \u00e9co\u00e9nerg\u00e9tique tout en minimisant la pollution lumineuse, ce qui les rend id\u00e9aux pour les espaces ext\u00e9rieurs respectueux de l\u2019environnement. La fonction de cellule photo\u00e9lectrique s\u2019adapte automatiquement aux conditions d\u2019\u00e9clairage changeantes, fournissant un \u00e9clairage \u00e9conome en \u00e9nergie sans n\u00e9cessiter de contr\u00f4le [&hellip;]<\/p>\n","protected":false},"featured_media":39513,"template":"","meta":{"_acf_changed":false},"product_brand":[7086],"product_cat":[5891,5894],"product_tag":[],"class_list":{"0":"post-37401","1":"product","2":"type-product","3":"status-publish","4":"has-post-thumbnail","6":"product_brand-dals","7":"product_cat-outdoor-lighting","8":"product_cat-wall-sconces-exterior","9":"pa_extension-4-1","10":"pa_finis-black","11":"pa_garantie-5-years","12":"pa_hauteur-6-15-16","13":"pa_kelvin-5cct-2700k-3000k-3500k-4000k-5000k","14":"pa_largeur-6-11-16","15":"pa_lumens-2000-lm","16":"pa_types-dampoules-led-integrated","17":"pa_watts-24-w","19":"first","20":"instock","21":"taxable","22":"shipping-taxable","23":"purchasable","24":"product-type-simple"},"acf":[],"yoast_head":"<!-- This site is optimized with the Yoast SEO plugin v27.4 - https:\/\/yoast.com\/product\/yoast-seo-wordpress\/ -->\n<title>MURALE EXT\u00c9RIEUR DEL NOIR- SHIELD DSWC07-CC-V-BK - Luminaires Paul Gr\u00e9goire<\/title>\n<meta name=\"description\" content=\"MURALE EXT\u00c9RIEUR DEL NOIR- SHIELD DSWC07-CC-V-BK - Discover our collection of designer lighting \u2014 pendants, lamps, and ceiling lights \u2014 to brighten every space with style and elegance.\" \/>\n<meta name=\"robots\" content=\"index, follow, max-snippet:-1, max-image-preview:large, max-video-preview:-1\" \/>\n<link rel=\"canonical\" href=\"https:\/\/luminairesgregoire.com\/en\/product\/murale-exterieur-del-noir-shield-dswc07-cc-v-bk\/\" \/>\n<meta property=\"og:locale\" content=\"en_US\" \/>\n<meta property=\"og:type\" content=\"article\" \/>\n<meta property=\"og:title\" content=\"MURALE EXT\u00c9RIEUR DEL NOIR- SHIELD DSWC07-CC-V-BK - Luminaires Paul Gr\u00e9goire\" \/>\n<meta property=\"og:description\" content=\"MURALE EXT\u00c9RIEUR DEL NOIR- SHIELD DSWC07-CC-V-BK - Discover our collection of designer lighting \u2014 pendants, lamps, and ceiling lights \u2014 to brighten every space with style and elegance.\" \/>\n<meta property=\"og:url\" content=\"https:\/\/luminairesgregoire.com\/en\/product\/murale-exterieur-del-noir-shield-dswc07-cc-v-bk\/\" \/>\n<meta property=\"og:site_name\" content=\"Luminaires Paul Gr\u00e9goire\" \/>\n<meta property=\"article:modified_time\" content=\"2026-05-06T08:44:07+00:00\" \/>\n<meta property=\"og:image\" content=\"https:\/\/luminairesgregoire.com\/wp-content\/uploads\/2026\/05\/Votre-texte-de-paragraphe-2026-05-05T172029.681.webp\" \/>\n\t<meta property=\"og:image:width\" content=\"850\" \/>\n\t<meta property=\"og:image:height\" content=\"850\" \/>\n\t<meta property=\"og:image:type\" content=\"image\/jpeg\" \/>\n<meta name=\"twitter:card\" content=\"summary_large_image\" \/>\n<meta name=\"twitter:label1\" content=\"Est. reading time\" \/>\n\t<meta name=\"twitter:data1\" content=\"1 minute\" \/>\n<script type=\"application\/ld+json\" class=\"yoast-schema-graph\">{\"@context\":\"https:\\\/\\\/schema.org\",\"@graph\":[{\"@type\":\"WebPage\",\"@id\":\"https:\\\/\\\/luminairesgregoire.com\\\/en\\\/product\\\/murale-exterieur-del-noir-shield-dswc07-cc-v-bk\\\/\",\"url\":\"https:\\\/\\\/luminairesgregoire.com\\\/en\\\/product\\\/murale-exterieur-del-noir-shield-dswc07-cc-v-bk\\\/\",\"name\":\"MURALE EXT\u00c9RIEUR DEL NOIR- SHIELD DSWC07-CC-V-BK - Luminaires Paul Gr\u00e9goire\",\"isPartOf\":{\"@id\":\"https:\\\/\\\/luminairesgregoire.com\\\/en\\\/#website\"},\"primaryImageOfPage\":{\"@id\":\"https:\\\/\\\/luminairesgregoire.com\\\/en\\\/product\\\/murale-exterieur-del-noir-shield-dswc07-cc-v-bk\\\/#primaryimage\"},\"image\":{\"@id\":\"https:\\\/\\\/luminairesgregoire.com\\\/en\\\/product\\\/murale-exterieur-del-noir-shield-dswc07-cc-v-bk\\\/#primaryimage\"},\"thumbnailUrl\":\"https:\\\/\\\/luminairesgregoire.com\\\/wp-content\\\/uploads\\\/2026\\\/05\\\/Votre-texte-de-paragraphe-2026-05-05T172029.681.webp\",\"datePublished\":\"2026-04-01T06:32:29+00:00\",\"dateModified\":\"2026-05-06T08:44:07+00:00\",\"description\":\"MURALE EXT\u00c9RIEUR DEL NOIR- SHIELD DSWC07-CC-V-BK - Discover our collection of designer lighting \u2014 pendants, lamps, and ceiling lights \u2014 to brighten every space with style and elegance.\",\"breadcrumb\":{\"@id\":\"https:\\\/\\\/luminairesgregoire.com\\\/en\\\/product\\\/murale-exterieur-del-noir-shield-dswc07-cc-v-bk\\\/#breadcrumb\"},\"inLanguage\":\"en-US\",\"potentialAction\":[{\"@type\":\"ReadAction\",\"target\":[\"https:\\\/\\\/luminairesgregoire.com\\\/en\\\/product\\\/murale-exterieur-del-noir-shield-dswc07-cc-v-bk\\\/\"]}]},{\"@type\":\"ImageObject\",\"inLanguage\":\"en-US\",\"@id\":\"https:\\\/\\\/luminairesgregoire.com\\\/en\\\/product\\\/murale-exterieur-del-noir-shield-dswc07-cc-v-bk\\\/#primaryimage\",\"url\":\"https:\\\/\\\/luminairesgregoire.com\\\/wp-content\\\/uploads\\\/2026\\\/05\\\/Votre-texte-de-paragraphe-2026-05-05T172029.681.webp\",\"contentUrl\":\"https:\\\/\\\/luminairesgregoire.com\\\/wp-content\\\/uploads\\\/2026\\\/05\\\/Votre-texte-de-paragraphe-2026-05-05T172029.681.webp\",\"width\":850,\"height\":850,\"caption\":\"MURALE EXT\u00c9RIEUR DEL NOIR- SHIELD DSWC07-CC-V-BK\"},{\"@type\":\"BreadcrumbList\",\"@id\":\"https:\\\/\\\/luminairesgregoire.com\\\/en\\\/product\\\/murale-exterieur-del-noir-shield-dswc07-cc-v-bk\\\/#breadcrumb\",\"itemListElement\":[{\"@type\":\"ListItem\",\"position\":1,\"name\":\"Home\",\"item\":\"https:\\\/\\\/luminairesgregoire.com\\\/en\\\/\"},{\"@type\":\"ListItem\",\"position\":2,\"name\":\"Store\",\"item\":\"https:\\\/\\\/luminairesgregoire.com\\\/en\\\/products\\\/\"},{\"@type\":\"ListItem\",\"position\":3,\"name\":\"MURALE EXT\u00c9RIEUR DEL NOIR- SHIELD DSWC07-CC-V-BK\"}]},{\"@type\":\"WebSite\",\"@id\":\"https:\\\/\\\/luminairesgregoire.com\\\/en\\\/#website\",\"url\":\"https:\\\/\\\/luminairesgregoire.com\\\/en\\\/\",\"name\":\"Luminaires Paul Gr\u00e9goire\",\"description\":\"\",\"publisher\":{\"@id\":\"https:\\\/\\\/luminairesgregoire.com\\\/en\\\/#organization\"},\"potentialAction\":[{\"@type\":\"SearchAction\",\"target\":{\"@type\":\"EntryPoint\",\"urlTemplate\":\"https:\\\/\\\/luminairesgregoire.com\\\/en\\\/?s={search_term_string}\"},\"query-input\":{\"@type\":\"PropertyValueSpecification\",\"valueRequired\":true,\"valueName\":\"search_term_string\"}}],\"inLanguage\":\"en-US\"},{\"@type\":\"Organization\",\"@id\":\"https:\\\/\\\/luminairesgregoire.com\\\/en\\\/#organization\",\"name\":\"Luminaires Paul Gr\u00e9goire\",\"url\":\"https:\\\/\\\/luminairesgregoire.com\\\/en\\\/\",\"logo\":{\"@type\":\"ImageObject\",\"inLanguage\":\"en-US\",\"@id\":\"https:\\\/\\\/luminairesgregoire.com\\\/en\\\/#\\\/schema\\\/logo\\\/image\\\/\",\"url\":\"https:\\\/\\\/luminairesgregoire.com\\\/wp-content\\\/uploads\\\/2021\\\/05\\\/logo_CMYK-1-1.png\",\"contentUrl\":\"https:\\\/\\\/luminairesgregoire.com\\\/wp-content\\\/uploads\\\/2021\\\/05\\\/logo_CMYK-1-1.png\",\"width\":350,\"height\":164,\"caption\":\"Luminaires Paul Gr\u00e9goire\"},\"image\":{\"@id\":\"https:\\\/\\\/luminairesgregoire.com\\\/en\\\/#\\\/schema\\\/logo\\\/image\\\/\"}}]}<\/script>\n<!-- \/ Yoast SEO plugin. -->","yoast_head_json":{"title":"MURALE EXT\u00c9RIEUR DEL NOIR- SHIELD DSWC07-CC-V-BK - Luminaires Paul Gr\u00e9goire","description":"MURALE EXT\u00c9RIEUR DEL NOIR- SHIELD DSWC07-CC-V-BK - Discover our collection of designer lighting \u2014 pendants, lamps, and ceiling lights \u2014 to brighten every space with style and elegance.","robots":{"index":"index","follow":"follow","max-snippet":"max-snippet:-1","max-image-preview":"max-image-preview:large","max-video-preview":"max-video-preview:-1"},"canonical":"https:\/\/luminairesgregoire.com\/en\/product\/murale-exterieur-del-noir-shield-dswc07-cc-v-bk\/","og_locale":"en_US","og_type":"article","og_title":"MURALE EXT\u00c9RIEUR DEL NOIR- SHIELD DSWC07-CC-V-BK - Luminaires Paul Gr\u00e9goire","og_description":"MURALE EXT\u00c9RIEUR DEL NOIR- SHIELD DSWC07-CC-V-BK - Discover our collection of designer lighting \u2014 pendants, lamps, and ceiling lights \u2014 to brighten every space with style and elegance.","og_url":"https:\/\/luminairesgregoire.com\/en\/product\/murale-exterieur-del-noir-shield-dswc07-cc-v-bk\/","og_site_name":"Luminaires Paul Gr\u00e9goire","article_modified_time":"2026-05-06T08:44:07+00:00","og_image":[{"width":850,"height":850,"url":"https:\/\/luminairesgregoire.com\/wp-content\/uploads\/2026\/05\/Votre-texte-de-paragraphe-2026-05-05T172029.681.webp","type":"image\/jpeg"}],"twitter_card":"summary_large_image","twitter_misc":{"Est. reading time":"1 minute"},"schema":{"@context":"https:\/\/schema.org","@graph":[{"@type":"WebPage","@id":"https:\/\/luminairesgregoire.com\/en\/product\/murale-exterieur-del-noir-shield-dswc07-cc-v-bk\/","url":"https:\/\/luminairesgregoire.com\/en\/product\/murale-exterieur-del-noir-shield-dswc07-cc-v-bk\/","name":"MURALE EXT\u00c9RIEUR DEL NOIR- SHIELD DSWC07-CC-V-BK - Luminaires Paul Gr\u00e9goire","isPartOf":{"@id":"https:\/\/luminairesgregoire.com\/en\/#website"},"primaryImageOfPage":{"@id":"https:\/\/luminairesgregoire.com\/en\/product\/murale-exterieur-del-noir-shield-dswc07-cc-v-bk\/#primaryimage"},"image":{"@id":"https:\/\/luminairesgregoire.com\/en\/product\/murale-exterieur-del-noir-shield-dswc07-cc-v-bk\/#primaryimage"},"thumbnailUrl":"https:\/\/luminairesgregoire.com\/wp-content\/uploads\/2026\/05\/Votre-texte-de-paragraphe-2026-05-05T172029.681.webp","datePublished":"2026-04-01T06:32:29+00:00","dateModified":"2026-05-06T08:44:07+00:00","description":"MURALE EXT\u00c9RIEUR DEL NOIR- SHIELD DSWC07-CC-V-BK - Discover our collection of designer lighting \u2014 pendants, lamps, and ceiling lights \u2014 to brighten every space with style and elegance.","breadcrumb":{"@id":"https:\/\/luminairesgregoire.com\/en\/product\/murale-exterieur-del-noir-shield-dswc07-cc-v-bk\/#breadcrumb"},"inLanguage":"en-US","potentialAction":[{"@type":"ReadAction","target":["https:\/\/luminairesgregoire.com\/en\/product\/murale-exterieur-del-noir-shield-dswc07-cc-v-bk\/"]}]},{"@type":"ImageObject","inLanguage":"en-US","@id":"https:\/\/luminairesgregoire.com\/en\/product\/murale-exterieur-del-noir-shield-dswc07-cc-v-bk\/#primaryimage","url":"https:\/\/luminairesgregoire.com\/wp-content\/uploads\/2026\/05\/Votre-texte-de-paragraphe-2026-05-05T172029.681.webp","contentUrl":"https:\/\/luminairesgregoire.com\/wp-content\/uploads\/2026\/05\/Votre-texte-de-paragraphe-2026-05-05T172029.681.webp","width":850,"height":850,"caption":"MURALE EXT\u00c9RIEUR DEL NOIR- SHIELD DSWC07-CC-V-BK"},{"@type":"BreadcrumbList","@id":"https:\/\/luminairesgregoire.com\/en\/product\/murale-exterieur-del-noir-shield-dswc07-cc-v-bk\/#breadcrumb","itemListElement":[{"@type":"ListItem","position":1,"name":"Home","item":"https:\/\/luminairesgregoire.com\/en\/"},{"@type":"ListItem","position":2,"name":"Store","item":"https:\/\/luminairesgregoire.com\/en\/products\/"},{"@type":"ListItem","position":3,"name":"MURALE EXT\u00c9RIEUR DEL NOIR- SHIELD DSWC07-CC-V-BK"}]},{"@type":"WebSite","@id":"https:\/\/luminairesgregoire.com\/en\/#website","url":"https:\/\/luminairesgregoire.com\/en\/","name":"Luminaires Paul Gr\u00e9goire","description":"","publisher":{"@id":"https:\/\/luminairesgregoire.com\/en\/#organization"},"potentialAction":[{"@type":"SearchAction","target":{"@type":"EntryPoint","urlTemplate":"https:\/\/luminairesgregoire.com\/en\/?s={search_term_string}"},"query-input":{"@type":"PropertyValueSpecification","valueRequired":true,"valueName":"search_term_string"}}],"inLanguage":"en-US"},{"@type":"Organization","@id":"https:\/\/luminairesgregoire.com\/en\/#organization","name":"Luminaires Paul Gr\u00e9goire","url":"https:\/\/luminairesgregoire.com\/en\/","logo":{"@type":"ImageObject","inLanguage":"en-US","@id":"https:\/\/luminairesgregoire.com\/en\/#\/schema\/logo\/image\/","url":"https:\/\/luminairesgregoire.com\/wp-content\/uploads\/2021\/05\/logo_CMYK-1-1.png","contentUrl":"https:\/\/luminairesgregoire.com\/wp-content\/uploads\/2021\/05\/logo_CMYK-1-1.png","width":350,"height":164,"caption":"Luminaires Paul Gr\u00e9goire"},"image":{"@id":"https:\/\/luminairesgregoire.com\/en\/#\/schema\/logo\/image\/"}}]}},"_links":{"self":[{"href":"https:\/\/luminairesgregoire.com\/en\/wp-json\/wp\/v2\/product\/37401","targetHints":{"allow":["GET"]}}],"collection":[{"href":"https:\/\/luminairesgregoire.com\/en\/wp-json\/wp\/v2\/product"}],"about":[{"href":"https:\/\/luminairesgregoire.com\/en\/wp-json\/wp\/v2\/types\/product"}],"wp:featuredmedia":[{"embeddable":true,"href":"https:\/\/luminairesgregoire.com\/en\/wp-json\/wp\/v2\/media\/39513"}],"wp:attachment":[{"href":"https:\/\/luminairesgregoire.com\/en\/wp-json\/wp\/v2\/media?parent=37401"}],"wp:term":[{"taxonomy":"product_brand","embeddable":true,"href":"https:\/\/luminairesgregoire.com\/en\/wp-json\/wp\/v2\/product_brand?post=37401"},{"taxonomy":"product_cat","embeddable":true,"href":"https:\/\/luminairesgregoire.com\/en\/wp-json\/wp\/v2\/product_cat?post=37401"},{"taxonomy":"product_tag","embeddable":true,"href":"https:\/\/luminairesgregoire.com\/en\/wp-json\/wp\/v2\/product_tag?post=37401"}],"curies":[{"name":"wp","href":"https:\/\/api.w.org\/{rel}","templated":true}]}}