{"id":37904,"date":"2026-04-10T02:47:22","date_gmt":"2026-04-10T06:47:22","guid":{"rendered":"https:\/\/luminairesgregoire.com\/?post_type=product&#038;p=37904"},"modified":"2026-04-13T05:03:24","modified_gmt":"2026-04-13T09:03:24","slug":"murale-simple-laiton-ariel-wv425112bgop","status":"publish","type":"product","link":"https:\/\/luminairesgregoire.com\/en\/product\/murale-simple-laiton-ariel-wv425112bgop\/","title":{"rendered":"MURALE SIMPLE LAITON ARIEL WV425112BGOP"},"content":{"rendered":"<p>L\u2019applique murale Ariel offre un parfait \u00e9quilibre entre style et fonctionnalit\u00e9. Elle est id\u00e9ale pour ajouter une touche d\u2019\u00e9l\u00e9gance aux corridors, salles de bain et espaces commerciaux. Ses accents m\u00e9talliques en forme de pilule et son diffuseur en verre opale lui conf\u00e8rent un look moderne, \u00e0 la fois esth\u00e9tique et pratique.<\/p>\n","protected":false},"excerpt":{"rendered":"<p>L\u2019applique murale Ariel offre un parfait \u00e9quilibre entre style et fonctionnalit\u00e9. Elle est id\u00e9ale pour ajouter une touche d\u2019\u00e9l\u00e9gance aux corridors, salles de bain et espaces commerciaux. Ses accents m\u00e9talliques en forme de pilule et son diffuseur en verre opale lui conf\u00e8rent un look moderne, \u00e0 la fois esth\u00e9tique et pratique.<\/p>\n","protected":false},"featured_media":37981,"template":"","meta":{"_acf_changed":false},"product_brand":[6020,6018],"product_cat":[5843,5844],"product_tag":[],"class_list":{"0":"post-37904","1":"product","2":"type-product","3":"status-publish","4":"has-post-thumbnail","6":"product_brand-alora-mood","7":"product_brand-kuzco","8":"product_cat-murale","9":"product_cat-murales-murales","10":"pa_finis-laiton","11":"pa_garantie-1-an","12":"pa_hauteur-12-5-8","13":"pa_largeur-5-5-8","15":"first","16":"instock","17":"taxable","18":"shipping-taxable","19":"purchasable","20":"product-type-simple"},"acf":[],"yoast_head":"<!-- This site is optimized with the Yoast SEO plugin v26.9 - https:\/\/yoast.com\/product\/yoast-seo-wordpress\/ -->\n<title>MURALE SIMPLE LAITON ARIEL WV425112BGOP - Luminaires Paul Gr\u00e9goire<\/title>\n<meta name=\"description\" content=\"MURALE SIMPLE LAITON ARIEL WV425112BGOP - Discover our collection of designer lighting \u2014 pendants, lamps, and ceiling lights \u2014 to brighten every space with style and elegance.\" \/>\n<meta name=\"robots\" content=\"index, follow, max-snippet:-1, max-image-preview:large, max-video-preview:-1\" \/>\n<link rel=\"canonical\" href=\"https:\/\/luminairesgregoire.com\/en\/product\/murale-simple-laiton-ariel-wv425112bgop\/\" \/>\n<meta property=\"og:locale\" content=\"en_US\" \/>\n<meta property=\"og:type\" content=\"article\" \/>\n<meta property=\"og:title\" content=\"MURALE SIMPLE LAITON ARIEL WV425112BGOP - Luminaires Paul Gr\u00e9goire\" \/>\n<meta property=\"og:description\" content=\"MURALE SIMPLE LAITON ARIEL WV425112BGOP - Discover our collection of designer lighting \u2014 pendants, lamps, and ceiling lights \u2014 to brighten every space with style and elegance.\" \/>\n<meta property=\"og:url\" content=\"https:\/\/luminairesgregoire.com\/en\/product\/murale-simple-laiton-ariel-wv425112bgop\/\" \/>\n<meta property=\"og:site_name\" content=\"Luminaires Paul Gr\u00e9goire\" \/>\n<meta property=\"article:modified_time\" content=\"2026-04-13T09:03:24+00:00\" \/>\n<meta property=\"og:image\" content=\"https:\/\/luminairesgregoire.com\/wp-content\/uploads\/2026\/04\/Votre-texte-de-paragraphe-2026-04-10T182442.724.webp\" \/>\n\t<meta property=\"og:image:width\" content=\"850\" \/>\n\t<meta property=\"og:image:height\" content=\"850\" \/>\n\t<meta property=\"og:image:type\" content=\"image\/jpeg\" \/>\n<meta name=\"twitter:card\" content=\"summary_large_image\" \/>\n<meta name=\"twitter:label1\" content=\"Est. reading time\" \/>\n\t<meta name=\"twitter:data1\" content=\"1 minute\" \/>\n<script type=\"application\/ld+json\" class=\"yoast-schema-graph\">{\"@context\":\"https:\/\/schema.org\",\"@graph\":[{\"@type\":\"WebPage\",\"@id\":\"https:\/\/luminairesgregoire.com\/en\/product\/murale-simple-laiton-ariel-wv425112bgop\/\",\"url\":\"https:\/\/luminairesgregoire.com\/en\/product\/murale-simple-laiton-ariel-wv425112bgop\/\",\"name\":\"MURALE SIMPLE LAITON ARIEL WV425112BGOP - Luminaires Paul Gr\u00e9goire\",\"isPartOf\":{\"@id\":\"https:\/\/luminairesgregoire.com\/en\/#website\"},\"primaryImageOfPage\":{\"@id\":\"https:\/\/luminairesgregoire.com\/en\/product\/murale-simple-laiton-ariel-wv425112bgop\/#primaryimage\"},\"image\":{\"@id\":\"https:\/\/luminairesgregoire.com\/en\/product\/murale-simple-laiton-ariel-wv425112bgop\/#primaryimage\"},\"thumbnailUrl\":\"https:\/\/luminairesgregoire.com\/wp-content\/uploads\/2026\/04\/Votre-texte-de-paragraphe-2026-04-10T182442.724.webp\",\"datePublished\":\"2026-04-10T06:47:22+00:00\",\"dateModified\":\"2026-04-13T09:03:24+00:00\",\"description\":\"MURALE SIMPLE LAITON ARIEL WV425112BGOP - Discover our collection of designer lighting \u2014 pendants, lamps, and ceiling lights \u2014 to brighten every space with style and elegance.\",\"breadcrumb\":{\"@id\":\"https:\/\/luminairesgregoire.com\/en\/product\/murale-simple-laiton-ariel-wv425112bgop\/#breadcrumb\"},\"inLanguage\":\"en-US\",\"potentialAction\":[{\"@type\":\"ReadAction\",\"target\":[\"https:\/\/luminairesgregoire.com\/en\/product\/murale-simple-laiton-ariel-wv425112bgop\/\"]}]},{\"@type\":\"ImageObject\",\"inLanguage\":\"en-US\",\"@id\":\"https:\/\/luminairesgregoire.com\/en\/product\/murale-simple-laiton-ariel-wv425112bgop\/#primaryimage\",\"url\":\"https:\/\/luminairesgregoire.com\/wp-content\/uploads\/2026\/04\/Votre-texte-de-paragraphe-2026-04-10T182442.724.webp\",\"contentUrl\":\"https:\/\/luminairesgregoire.com\/wp-content\/uploads\/2026\/04\/Votre-texte-de-paragraphe-2026-04-10T182442.724.webp\",\"width\":850,\"height\":850,\"caption\":\"MURALE SIMPLE LAITON ARIEL WV425112BGOP\"},{\"@type\":\"BreadcrumbList\",\"@id\":\"https:\/\/luminairesgregoire.com\/en\/product\/murale-simple-laiton-ariel-wv425112bgop\/#breadcrumb\",\"itemListElement\":[{\"@type\":\"ListItem\",\"position\":1,\"name\":\"Home\",\"item\":\"https:\/\/luminairesgregoire.com\/en\/\"},{\"@type\":\"ListItem\",\"position\":2,\"name\":\"Store\",\"item\":\"https:\/\/luminairesgregoire.com\/en\/products\/\"},{\"@type\":\"ListItem\",\"position\":3,\"name\":\"MURALE SIMPLE LAITON ARIEL WV425112BGOP\"}]},{\"@type\":\"WebSite\",\"@id\":\"https:\/\/luminairesgregoire.com\/en\/#website\",\"url\":\"https:\/\/luminairesgregoire.com\/en\/\",\"name\":\"Luminaires Paul Gr\u00e9goire\",\"description\":\"\",\"publisher\":{\"@id\":\"https:\/\/luminairesgregoire.com\/en\/#organization\"},\"potentialAction\":[{\"@type\":\"SearchAction\",\"target\":{\"@type\":\"EntryPoint\",\"urlTemplate\":\"https:\/\/luminairesgregoire.com\/en\/?s={search_term_string}\"},\"query-input\":{\"@type\":\"PropertyValueSpecification\",\"valueRequired\":true,\"valueName\":\"search_term_string\"}}],\"inLanguage\":\"en-US\"},{\"@type\":\"Organization\",\"@id\":\"https:\/\/luminairesgregoire.com\/en\/#organization\",\"name\":\"Luminaires Paul Gr\u00e9goire\",\"url\":\"https:\/\/luminairesgregoire.com\/en\/\",\"logo\":{\"@type\":\"ImageObject\",\"inLanguage\":\"en-US\",\"@id\":\"https:\/\/luminairesgregoire.com\/en\/#\/schema\/logo\/image\/\",\"url\":\"https:\/\/luminairesgregoire.com\/wp-content\/uploads\/2021\/05\/logo_CMYK-1-1.png\",\"contentUrl\":\"https:\/\/luminairesgregoire.com\/wp-content\/uploads\/2021\/05\/logo_CMYK-1-1.png\",\"width\":350,\"height\":164,\"caption\":\"Luminaires Paul Gr\u00e9goire\"},\"image\":{\"@id\":\"https:\/\/luminairesgregoire.com\/en\/#\/schema\/logo\/image\/\"}}]}<\/script>\n<!-- \/ Yoast SEO plugin. -->","yoast_head_json":{"title":"MURALE SIMPLE LAITON ARIEL WV425112BGOP - Luminaires Paul Gr\u00e9goire","description":"MURALE SIMPLE LAITON ARIEL WV425112BGOP - Discover our collection of designer lighting \u2014 pendants, lamps, and ceiling lights \u2014 to brighten every space with style and elegance.","robots":{"index":"index","follow":"follow","max-snippet":"max-snippet:-1","max-image-preview":"max-image-preview:large","max-video-preview":"max-video-preview:-1"},"canonical":"https:\/\/luminairesgregoire.com\/en\/product\/murale-simple-laiton-ariel-wv425112bgop\/","og_locale":"en_US","og_type":"article","og_title":"MURALE SIMPLE LAITON ARIEL WV425112BGOP - Luminaires Paul Gr\u00e9goire","og_description":"MURALE SIMPLE LAITON ARIEL WV425112BGOP - Discover our collection of designer lighting \u2014 pendants, lamps, and ceiling lights \u2014 to brighten every space with style and elegance.","og_url":"https:\/\/luminairesgregoire.com\/en\/product\/murale-simple-laiton-ariel-wv425112bgop\/","og_site_name":"Luminaires Paul Gr\u00e9goire","article_modified_time":"2026-04-13T09:03:24+00:00","og_image":[{"width":850,"height":850,"url":"https:\/\/luminairesgregoire.com\/wp-content\/uploads\/2026\/04\/Votre-texte-de-paragraphe-2026-04-10T182442.724.webp","type":"image\/jpeg"}],"twitter_card":"summary_large_image","twitter_misc":{"Est. reading time":"1 minute"},"schema":{"@context":"https:\/\/schema.org","@graph":[{"@type":"WebPage","@id":"https:\/\/luminairesgregoire.com\/en\/product\/murale-simple-laiton-ariel-wv425112bgop\/","url":"https:\/\/luminairesgregoire.com\/en\/product\/murale-simple-laiton-ariel-wv425112bgop\/","name":"MURALE SIMPLE LAITON ARIEL WV425112BGOP - Luminaires Paul Gr\u00e9goire","isPartOf":{"@id":"https:\/\/luminairesgregoire.com\/en\/#website"},"primaryImageOfPage":{"@id":"https:\/\/luminairesgregoire.com\/en\/product\/murale-simple-laiton-ariel-wv425112bgop\/#primaryimage"},"image":{"@id":"https:\/\/luminairesgregoire.com\/en\/product\/murale-simple-laiton-ariel-wv425112bgop\/#primaryimage"},"thumbnailUrl":"https:\/\/luminairesgregoire.com\/wp-content\/uploads\/2026\/04\/Votre-texte-de-paragraphe-2026-04-10T182442.724.webp","datePublished":"2026-04-10T06:47:22+00:00","dateModified":"2026-04-13T09:03:24+00:00","description":"MURALE SIMPLE LAITON ARIEL WV425112BGOP - Discover our collection of designer lighting \u2014 pendants, lamps, and ceiling lights \u2014 to brighten every space with style and elegance.","breadcrumb":{"@id":"https:\/\/luminairesgregoire.com\/en\/product\/murale-simple-laiton-ariel-wv425112bgop\/#breadcrumb"},"inLanguage":"en-US","potentialAction":[{"@type":"ReadAction","target":["https:\/\/luminairesgregoire.com\/en\/product\/murale-simple-laiton-ariel-wv425112bgop\/"]}]},{"@type":"ImageObject","inLanguage":"en-US","@id":"https:\/\/luminairesgregoire.com\/en\/product\/murale-simple-laiton-ariel-wv425112bgop\/#primaryimage","url":"https:\/\/luminairesgregoire.com\/wp-content\/uploads\/2026\/04\/Votre-texte-de-paragraphe-2026-04-10T182442.724.webp","contentUrl":"https:\/\/luminairesgregoire.com\/wp-content\/uploads\/2026\/04\/Votre-texte-de-paragraphe-2026-04-10T182442.724.webp","width":850,"height":850,"caption":"MURALE SIMPLE LAITON ARIEL WV425112BGOP"},{"@type":"BreadcrumbList","@id":"https:\/\/luminairesgregoire.com\/en\/product\/murale-simple-laiton-ariel-wv425112bgop\/#breadcrumb","itemListElement":[{"@type":"ListItem","position":1,"name":"Home","item":"https:\/\/luminairesgregoire.com\/en\/"},{"@type":"ListItem","position":2,"name":"Store","item":"https:\/\/luminairesgregoire.com\/en\/products\/"},{"@type":"ListItem","position":3,"name":"MURALE SIMPLE LAITON ARIEL WV425112BGOP"}]},{"@type":"WebSite","@id":"https:\/\/luminairesgregoire.com\/en\/#website","url":"https:\/\/luminairesgregoire.com\/en\/","name":"Luminaires Paul Gr\u00e9goire","description":"","publisher":{"@id":"https:\/\/luminairesgregoire.com\/en\/#organization"},"potentialAction":[{"@type":"SearchAction","target":{"@type":"EntryPoint","urlTemplate":"https:\/\/luminairesgregoire.com\/en\/?s={search_term_string}"},"query-input":{"@type":"PropertyValueSpecification","valueRequired":true,"valueName":"search_term_string"}}],"inLanguage":"en-US"},{"@type":"Organization","@id":"https:\/\/luminairesgregoire.com\/en\/#organization","name":"Luminaires Paul Gr\u00e9goire","url":"https:\/\/luminairesgregoire.com\/en\/","logo":{"@type":"ImageObject","inLanguage":"en-US","@id":"https:\/\/luminairesgregoire.com\/en\/#\/schema\/logo\/image\/","url":"https:\/\/luminairesgregoire.com\/wp-content\/uploads\/2021\/05\/logo_CMYK-1-1.png","contentUrl":"https:\/\/luminairesgregoire.com\/wp-content\/uploads\/2021\/05\/logo_CMYK-1-1.png","width":350,"height":164,"caption":"Luminaires Paul Gr\u00e9goire"},"image":{"@id":"https:\/\/luminairesgregoire.com\/en\/#\/schema\/logo\/image\/"}}]}},"_links":{"self":[{"href":"https:\/\/luminairesgregoire.com\/en\/wp-json\/wp\/v2\/product\/37904","targetHints":{"allow":["GET"]}}],"collection":[{"href":"https:\/\/luminairesgregoire.com\/en\/wp-json\/wp\/v2\/product"}],"about":[{"href":"https:\/\/luminairesgregoire.com\/en\/wp-json\/wp\/v2\/types\/product"}],"wp:featuredmedia":[{"embeddable":true,"href":"https:\/\/luminairesgregoire.com\/en\/wp-json\/wp\/v2\/media\/37981"}],"wp:attachment":[{"href":"https:\/\/luminairesgregoire.com\/en\/wp-json\/wp\/v2\/media?parent=37904"}],"wp:term":[{"taxonomy":"product_brand","embeddable":true,"href":"https:\/\/luminairesgregoire.com\/en\/wp-json\/wp\/v2\/product_brand?post=37904"},{"taxonomy":"product_cat","embeddable":true,"href":"https:\/\/luminairesgregoire.com\/en\/wp-json\/wp\/v2\/product_cat?post=37904"},{"taxonomy":"product_tag","embeddable":true,"href":"https:\/\/luminairesgregoire.com\/en\/wp-json\/wp\/v2\/product_tag?post=37904"}],"curies":[{"name":"wp","href":"https:\/\/api.w.org\/{rel}","templated":true}]}}