{"id":37996,"date":"2026-04-11T01:49:22","date_gmt":"2026-04-11T05:49:22","guid":{"rendered":"https:\/\/luminairesgregoire.com\/?post_type=product&#038;p=37996"},"modified":"2026-04-24T04:39:39","modified_gmt":"2026-04-24T08:39:39","slug":"suspendu-simple-del-noir-saros-4101-7mb-led","status":"publish","type":"product","link":"https:\/\/luminairesgregoire.com\/product\/suspendu-simple-del-noir-saros-4101-7mb-led\/","title":{"rendered":"SUSPENDU SIMPLE DEL NOIR- SAROS 4101-7MB-LED"},"content":{"rendered":"<p data-start=\"87\" data-end=\"379\">Alliant \u00e9clairage et design d\u00e9coratif, cette suspension \u00e0 une lumi\u00e8re se d\u00e9marque par son style innovant, parfait pour mettre en valeur n\u2019importe quel espace. Sa structure en aluminium au fini noir mat est sublim\u00e9e par un diffuseur en acrylique en boucle qui \u00e9pouse \u00e9l\u00e9gamment sa forme ovale.<\/p>\n<p data-start=\"381\" data-end=\"632\">Id\u00e9ale pour les chambres, corridors ou espaces de vie, elle cr\u00e9e un effet visuel distinctif tout en offrant un \u00e9clairage efficace. \u00c9quip\u00e9e d\u2019un \u00e9clairage DEL avec fonction gradable, elle permet d\u2019ajuster l\u2019intensit\u00e9 lumineuse selon l\u2019ambiance d\u00e9sir\u00e9e.<\/p>\n","protected":false},"excerpt":{"rendered":"<p>Alliant \u00e9clairage et design d\u00e9coratif, cette suspension \u00e0 une lumi\u00e8re se d\u00e9marque par son style innovant, parfait pour mettre en valeur n\u2019importe quel espace. Sa structure en aluminium au fini noir mat est sublim\u00e9e par un diffuseur en acrylique en boucle qui \u00e9pouse \u00e9l\u00e9gamment sa forme ovale. Id\u00e9ale pour les chambres, corridors ou espaces de [&hellip;]<\/p>\n","protected":false},"featured_media":38691,"template":"","meta":{"_acf_changed":false},"product_brand":[6023],"product_cat":[8859,5835,5845],"product_tag":[7348],"class_list":{"0":"post-37996","1":"product","2":"type-product","3":"status-publish","4":"has-post-thumbnail","6":"product_brand-z-lite","7":"product_cat-nouveautes","8":"product_cat-suspension","9":"product_cat-suspensions-simples","10":"product_tag-nouveaute-2026","11":"pa_finis-noir","12":"pa_garantie-5-ans","13":"pa_largeur-7-1-8","15":"first","16":"instock","17":"taxable","18":"shipping-taxable","19":"purchasable","20":"product-type-simple"},"acf":[],"yoast_head":"<!-- This site is optimized with the Yoast SEO plugin v27.4 - https:\/\/yoast.com\/product\/yoast-seo-wordpress\/ -->\n<title>SUSPENDU SIMPLE DEL NOIR- SAROS 4101-7MB-LED - Luminaires Paul Gr\u00e9goire<\/title>\n<meta name=\"description\" content=\"SUSPENDU SIMPLE DEL NOIR- SAROS 4101-7MB-LED - Discover our collection of designer lighting \u2014 pendants, lamps, and ceiling lights \u2014 to brighten every space with style and elegance.\" \/>\n<meta name=\"robots\" content=\"index, follow, max-snippet:-1, max-image-preview:large, max-video-preview:-1\" \/>\n<link rel=\"canonical\" href=\"https:\/\/luminairesgregoire.com\/en\/product\/suspendu-simple-del-noir-saros-4101-7mb-led\/\" \/>\n<meta property=\"og:locale\" content=\"en_US\" \/>\n<meta property=\"og:type\" content=\"article\" \/>\n<meta property=\"og:title\" content=\"SUSPENDU SIMPLE DEL NOIR- SAROS 4101-7MB-LED - Luminaires Paul Gr\u00e9goire\" \/>\n<meta property=\"og:description\" content=\"SUSPENDU SIMPLE DEL NOIR- SAROS 4101-7MB-LED - Discover our collection of designer lighting \u2014 pendants, lamps, and ceiling lights \u2014 to brighten every space with style and elegance.\" \/>\n<meta property=\"og:url\" content=\"https:\/\/luminairesgregoire.com\/product\/suspendu-simple-del-noir-saros-4101-7mb-led\/\" \/>\n<meta property=\"og:site_name\" content=\"Luminaires Paul Gr\u00e9goire\" \/>\n<meta property=\"article:modified_time\" content=\"2026-04-24T08:39:39+00:00\" \/>\n<meta property=\"og:image\" content=\"https:\/\/luminairesgregoire.com\/wp-content\/uploads\/2026\/04\/Votre-texte-de-paragraphe-2026-04-22T161049.414.webp\" \/>\n\t<meta property=\"og:image:width\" content=\"850\" \/>\n\t<meta property=\"og:image:height\" content=\"850\" \/>\n\t<meta property=\"og:image:type\" content=\"image\/jpeg\" \/>\n<meta name=\"twitter:card\" content=\"summary_large_image\" \/>\n<meta name=\"twitter:label1\" content=\"Est. reading time\" \/>\n\t<meta name=\"twitter:data1\" content=\"1 minute\" \/>\n<script type=\"application\/ld+json\" class=\"yoast-schema-graph\">{\"@context\":\"https:\\\/\\\/schema.org\",\"@graph\":[{\"@type\":\"WebPage\",\"@id\":\"https:\\\/\\\/luminairesgregoire.com\\\/product\\\/suspendu-simple-del-noir-saros-4101-7mb-led\\\/\",\"url\":\"https:\\\/\\\/luminairesgregoire.com\\\/product\\\/suspendu-simple-del-noir-saros-4101-7mb-led\\\/\",\"name\":\"SUSPENDU SIMPLE DEL NOIR- SAROS 4101-7MB-LED - Luminaires Paul Gr\u00e9goire\",\"isPartOf\":{\"@id\":\"https:\\\/\\\/luminairesgregoire.com\\\/en\\\/#website\"},\"primaryImageOfPage\":{\"@id\":\"https:\\\/\\\/luminairesgregoire.com\\\/product\\\/suspendu-simple-del-noir-saros-4101-7mb-led\\\/#primaryimage\"},\"image\":{\"@id\":\"https:\\\/\\\/luminairesgregoire.com\\\/product\\\/suspendu-simple-del-noir-saros-4101-7mb-led\\\/#primaryimage\"},\"thumbnailUrl\":\"https:\\\/\\\/luminairesgregoire.com\\\/wp-content\\\/uploads\\\/2026\\\/04\\\/Votre-texte-de-paragraphe-2026-04-22T161049.414.webp\",\"datePublished\":\"2026-04-11T05:49:22+00:00\",\"dateModified\":\"2026-04-24T08:39:39+00:00\",\"description\":\"SUSPENDU SIMPLE DEL NOIR- SAROS 4101-7MB-LED - Discover our collection of designer lighting \u2014 pendants, lamps, and ceiling lights \u2014 to brighten every space with style and elegance.\",\"breadcrumb\":{\"@id\":\"https:\\\/\\\/luminairesgregoire.com\\\/product\\\/suspendu-simple-del-noir-saros-4101-7mb-led\\\/#breadcrumb\"},\"inLanguage\":\"en-US\",\"potentialAction\":[{\"@type\":\"ReadAction\",\"target\":[\"https:\\\/\\\/luminairesgregoire.com\\\/product\\\/suspendu-simple-del-noir-saros-4101-7mb-led\\\/\"]}]},{\"@type\":\"ImageObject\",\"inLanguage\":\"en-US\",\"@id\":\"https:\\\/\\\/luminairesgregoire.com\\\/product\\\/suspendu-simple-del-noir-saros-4101-7mb-led\\\/#primaryimage\",\"url\":\"https:\\\/\\\/luminairesgregoire.com\\\/wp-content\\\/uploads\\\/2026\\\/04\\\/Votre-texte-de-paragraphe-2026-04-22T161049.414.webp\",\"contentUrl\":\"https:\\\/\\\/luminairesgregoire.com\\\/wp-content\\\/uploads\\\/2026\\\/04\\\/Votre-texte-de-paragraphe-2026-04-22T161049.414.webp\",\"width\":850,\"height\":850,\"caption\":\"SUSPENDU SIMPLE DEL NOIR- SAROS 4101-7MB-LED\"},{\"@type\":\"BreadcrumbList\",\"@id\":\"https:\\\/\\\/luminairesgregoire.com\\\/product\\\/suspendu-simple-del-noir-saros-4101-7mb-led\\\/#breadcrumb\",\"itemListElement\":[{\"@type\":\"ListItem\",\"position\":1,\"name\":\"Home\",\"item\":\"https:\\\/\\\/luminairesgregoire.com\\\/en\\\/\"},{\"@type\":\"ListItem\",\"position\":2,\"name\":\"Store\",\"item\":\"https:\\\/\\\/luminairesgregoire.com\\\/en\\\/products\\\/\"},{\"@type\":\"ListItem\",\"position\":3,\"name\":\"SUSPENDU SIMPLE DEL NOIR- SAROS 4101-7MB-LED\"}]},{\"@type\":\"WebSite\",\"@id\":\"https:\\\/\\\/luminairesgregoire.com\\\/en\\\/#website\",\"url\":\"https:\\\/\\\/luminairesgregoire.com\\\/en\\\/\",\"name\":\"Luminaires Paul Gr\u00e9goire\",\"description\":\"\",\"publisher\":{\"@id\":\"https:\\\/\\\/luminairesgregoire.com\\\/en\\\/#organization\"},\"potentialAction\":[{\"@type\":\"SearchAction\",\"target\":{\"@type\":\"EntryPoint\",\"urlTemplate\":\"https:\\\/\\\/luminairesgregoire.com\\\/en\\\/?s={search_term_string}\"},\"query-input\":{\"@type\":\"PropertyValueSpecification\",\"valueRequired\":true,\"valueName\":\"search_term_string\"}}],\"inLanguage\":\"en-US\"},{\"@type\":\"Organization\",\"@id\":\"https:\\\/\\\/luminairesgregoire.com\\\/en\\\/#organization\",\"name\":\"Luminaires Paul Gr\u00e9goire\",\"url\":\"https:\\\/\\\/luminairesgregoire.com\\\/en\\\/\",\"logo\":{\"@type\":\"ImageObject\",\"inLanguage\":\"en-US\",\"@id\":\"https:\\\/\\\/luminairesgregoire.com\\\/en\\\/#\\\/schema\\\/logo\\\/image\\\/\",\"url\":\"https:\\\/\\\/luminairesgregoire.com\\\/wp-content\\\/uploads\\\/2021\\\/05\\\/logo_CMYK-1-1.png\",\"contentUrl\":\"https:\\\/\\\/luminairesgregoire.com\\\/wp-content\\\/uploads\\\/2021\\\/05\\\/logo_CMYK-1-1.png\",\"width\":350,\"height\":164,\"caption\":\"Luminaires Paul Gr\u00e9goire\"},\"image\":{\"@id\":\"https:\\\/\\\/luminairesgregoire.com\\\/en\\\/#\\\/schema\\\/logo\\\/image\\\/\"}}]}<\/script>\n<!-- \/ Yoast SEO plugin. -->","yoast_head_json":{"title":"SUSPENDU SIMPLE DEL NOIR- SAROS 4101-7MB-LED - Luminaires Paul Gr\u00e9goire","description":"SUSPENDU SIMPLE DEL NOIR- SAROS 4101-7MB-LED - Discover our collection of designer lighting \u2014 pendants, lamps, and ceiling lights \u2014 to brighten every space with style and elegance.","robots":{"index":"index","follow":"follow","max-snippet":"max-snippet:-1","max-image-preview":"max-image-preview:large","max-video-preview":"max-video-preview:-1"},"canonical":"https:\/\/luminairesgregoire.com\/en\/product\/suspendu-simple-del-noir-saros-4101-7mb-led\/","og_locale":"en_US","og_type":"article","og_title":"SUSPENDU SIMPLE DEL NOIR- SAROS 4101-7MB-LED - Luminaires Paul Gr\u00e9goire","og_description":"SUSPENDU SIMPLE DEL NOIR- SAROS 4101-7MB-LED - Discover our collection of designer lighting \u2014 pendants, lamps, and ceiling lights \u2014 to brighten every space with style and elegance.","og_url":"https:\/\/luminairesgregoire.com\/product\/suspendu-simple-del-noir-saros-4101-7mb-led\/","og_site_name":"Luminaires Paul Gr\u00e9goire","article_modified_time":"2026-04-24T08:39:39+00:00","og_image":[{"width":850,"height":850,"url":"https:\/\/luminairesgregoire.com\/wp-content\/uploads\/2026\/04\/Votre-texte-de-paragraphe-2026-04-22T161049.414.webp","type":"image\/jpeg"}],"twitter_card":"summary_large_image","twitter_misc":{"Est. reading time":"1 minute"},"schema":{"@context":"https:\/\/schema.org","@graph":[{"@type":"WebPage","@id":"https:\/\/luminairesgregoire.com\/product\/suspendu-simple-del-noir-saros-4101-7mb-led\/","url":"https:\/\/luminairesgregoire.com\/product\/suspendu-simple-del-noir-saros-4101-7mb-led\/","name":"SUSPENDU SIMPLE DEL NOIR- SAROS 4101-7MB-LED - Luminaires Paul Gr\u00e9goire","isPartOf":{"@id":"https:\/\/luminairesgregoire.com\/en\/#website"},"primaryImageOfPage":{"@id":"https:\/\/luminairesgregoire.com\/product\/suspendu-simple-del-noir-saros-4101-7mb-led\/#primaryimage"},"image":{"@id":"https:\/\/luminairesgregoire.com\/product\/suspendu-simple-del-noir-saros-4101-7mb-led\/#primaryimage"},"thumbnailUrl":"https:\/\/luminairesgregoire.com\/wp-content\/uploads\/2026\/04\/Votre-texte-de-paragraphe-2026-04-22T161049.414.webp","datePublished":"2026-04-11T05:49:22+00:00","dateModified":"2026-04-24T08:39:39+00:00","description":"SUSPENDU SIMPLE DEL NOIR- SAROS 4101-7MB-LED - Discover our collection of designer lighting \u2014 pendants, lamps, and ceiling lights \u2014 to brighten every space with style and elegance.","breadcrumb":{"@id":"https:\/\/luminairesgregoire.com\/product\/suspendu-simple-del-noir-saros-4101-7mb-led\/#breadcrumb"},"inLanguage":"en-US","potentialAction":[{"@type":"ReadAction","target":["https:\/\/luminairesgregoire.com\/product\/suspendu-simple-del-noir-saros-4101-7mb-led\/"]}]},{"@type":"ImageObject","inLanguage":"en-US","@id":"https:\/\/luminairesgregoire.com\/product\/suspendu-simple-del-noir-saros-4101-7mb-led\/#primaryimage","url":"https:\/\/luminairesgregoire.com\/wp-content\/uploads\/2026\/04\/Votre-texte-de-paragraphe-2026-04-22T161049.414.webp","contentUrl":"https:\/\/luminairesgregoire.com\/wp-content\/uploads\/2026\/04\/Votre-texte-de-paragraphe-2026-04-22T161049.414.webp","width":850,"height":850,"caption":"SUSPENDU SIMPLE DEL NOIR- SAROS 4101-7MB-LED"},{"@type":"BreadcrumbList","@id":"https:\/\/luminairesgregoire.com\/product\/suspendu-simple-del-noir-saros-4101-7mb-led\/#breadcrumb","itemListElement":[{"@type":"ListItem","position":1,"name":"Home","item":"https:\/\/luminairesgregoire.com\/en\/"},{"@type":"ListItem","position":2,"name":"Store","item":"https:\/\/luminairesgregoire.com\/en\/products\/"},{"@type":"ListItem","position":3,"name":"SUSPENDU SIMPLE DEL NOIR- SAROS 4101-7MB-LED"}]},{"@type":"WebSite","@id":"https:\/\/luminairesgregoire.com\/en\/#website","url":"https:\/\/luminairesgregoire.com\/en\/","name":"Luminaires Paul Gr\u00e9goire","description":"","publisher":{"@id":"https:\/\/luminairesgregoire.com\/en\/#organization"},"potentialAction":[{"@type":"SearchAction","target":{"@type":"EntryPoint","urlTemplate":"https:\/\/luminairesgregoire.com\/en\/?s={search_term_string}"},"query-input":{"@type":"PropertyValueSpecification","valueRequired":true,"valueName":"search_term_string"}}],"inLanguage":"en-US"},{"@type":"Organization","@id":"https:\/\/luminairesgregoire.com\/en\/#organization","name":"Luminaires Paul Gr\u00e9goire","url":"https:\/\/luminairesgregoire.com\/en\/","logo":{"@type":"ImageObject","inLanguage":"en-US","@id":"https:\/\/luminairesgregoire.com\/en\/#\/schema\/logo\/image\/","url":"https:\/\/luminairesgregoire.com\/wp-content\/uploads\/2021\/05\/logo_CMYK-1-1.png","contentUrl":"https:\/\/luminairesgregoire.com\/wp-content\/uploads\/2021\/05\/logo_CMYK-1-1.png","width":350,"height":164,"caption":"Luminaires Paul Gr\u00e9goire"},"image":{"@id":"https:\/\/luminairesgregoire.com\/en\/#\/schema\/logo\/image\/"}}]}},"_links":{"self":[{"href":"https:\/\/luminairesgregoire.com\/en\/wp-json\/wp\/v2\/product\/37996","targetHints":{"allow":["GET"]}}],"collection":[{"href":"https:\/\/luminairesgregoire.com\/en\/wp-json\/wp\/v2\/product"}],"about":[{"href":"https:\/\/luminairesgregoire.com\/en\/wp-json\/wp\/v2\/types\/product"}],"wp:featuredmedia":[{"embeddable":true,"href":"https:\/\/luminairesgregoire.com\/en\/wp-json\/wp\/v2\/media\/38691"}],"wp:attachment":[{"href":"https:\/\/luminairesgregoire.com\/en\/wp-json\/wp\/v2\/media?parent=37996"}],"wp:term":[{"taxonomy":"product_brand","embeddable":true,"href":"https:\/\/luminairesgregoire.com\/en\/wp-json\/wp\/v2\/product_brand?post=37996"},{"taxonomy":"product_cat","embeddable":true,"href":"https:\/\/luminairesgregoire.com\/en\/wp-json\/wp\/v2\/product_cat?post=37996"},{"taxonomy":"product_tag","embeddable":true,"href":"https:\/\/luminairesgregoire.com\/en\/wp-json\/wp\/v2\/product_tag?post=37996"}],"curies":[{"name":"wp","href":"https:\/\/api.w.org\/{rel}","templated":true}]}}