{"id":38261,"date":"2026-04-17T02:15:04","date_gmt":"2026-04-17T06:15:04","guid":{"rendered":"https:\/\/luminairesgregoire.com\/?post_type=product&#038;p=38261"},"modified":"2026-04-25T04:42:18","modified_gmt":"2026-04-25T08:42:18","slug":"chandelier-6-l-or-brosse-clayton-cln-266c-agb","status":"publish","type":"product","link":"https:\/\/luminairesgregoire.com\/product\/chandelier-6-l-or-brosse-clayton-cln-266c-agb\/","title":{"rendered":"CHANDELIER 6-L OR BROSS\u00c9- CLAYTON CLN-266C-AGB"},"content":{"rendered":"<p data-start=\"242\" data-end=\"554\">Apportez une touche de modernit\u00e9 raffin\u00e9e \u00e0 votre d\u00e9cor avec ce lustre \u00e0 6 lumi\u00e8res au fini laiton vieilli. Issu de la collection Clayton, ce luminaire revisite le style chandelier traditionnel avec des lignes \u00e9pur\u00e9es et une structure m\u00e9tallique \u00e9l\u00e9gante qui cr\u00e9e un effet \u00e0 la fois contemporain et intemporel.<\/p>\n<p data-start=\"556\" data-end=\"870\">Ses bras sym\u00e9triques accueillent des ampoules de style chandelier, diffusant une lumi\u00e8re chaleureuse et ambiante id\u00e9ale pour une salle \u00e0 manger, une cuisine ou un hall d\u2019entr\u00e9e. Sa silhouette structur\u00e9e et son fini lumineux en font un v\u00e9ritable point focal dans tout espace.<\/p>\n","protected":false},"excerpt":{"rendered":"<p>Apportez une touche de modernit\u00e9 raffin\u00e9e \u00e0 votre d\u00e9cor avec ce lustre \u00e0 6 lumi\u00e8res au fini laiton vieilli. Issu de la collection Clayton, ce luminaire revisite le style chandelier traditionnel avec des lignes \u00e9pur\u00e9es et une structure m\u00e9tallique \u00e9l\u00e9gante qui cr\u00e9e un effet \u00e0 la fois contemporain et intemporel. Ses bras sym\u00e9triques accueillent des [&hellip;]<\/p>\n","protected":false},"featured_media":38864,"template":"","meta":{"_acf_changed":false},"product_brand":[6017],"product_cat":[7833,5835],"product_tag":[],"class_list":{"0":"post-38261","1":"product","2":"type-product","3":"status-publish","4":"has-post-thumbnail","6":"product_brand-dainolite","7":"product_cat-chandeliers","8":"product_cat-suspension","9":"pa_diametre-2810","10":"pa_finis-laiton-dore-vieilli","11":"pa_garantie-1-an","13":"first","14":"instock","15":"taxable","16":"shipping-taxable","17":"purchasable","18":"product-type-simple"},"acf":[],"yoast_head":"<!-- This site is optimized with the Yoast SEO plugin v27.4 - https:\/\/yoast.com\/product\/yoast-seo-wordpress\/ -->\n<title>CHANDELIER 6-L OR BROSS\u00c9- CLAYTON CLN-266C-AGB - Luminaires Paul Gr\u00e9goire<\/title>\n<meta name=\"description\" content=\"CHANDELIER 6-L OR BROSS\u00c9- CLAYTON CLN-266C-AGB - Discover our collection of designer lighting \u2014 pendants, lamps, and ceiling lights \u2014 to brighten every space with style and elegance.\" \/>\n<meta name=\"robots\" content=\"index, follow, max-snippet:-1, max-image-preview:large, max-video-preview:-1\" \/>\n<link rel=\"canonical\" href=\"https:\/\/luminairesgregoire.com\/en\/product\/chandelier-6-l-or-brosse-clayton-cln-266c-agb\/\" \/>\n<meta property=\"og:locale\" content=\"en_US\" \/>\n<meta property=\"og:type\" content=\"article\" \/>\n<meta property=\"og:title\" content=\"CHANDELIER 6-L OR BROSS\u00c9- CLAYTON CLN-266C-AGB - Luminaires Paul Gr\u00e9goire\" \/>\n<meta property=\"og:description\" content=\"CHANDELIER 6-L OR BROSS\u00c9- CLAYTON CLN-266C-AGB - Discover our collection of designer lighting \u2014 pendants, lamps, and ceiling lights \u2014 to brighten every space with style and elegance.\" \/>\n<meta property=\"og:url\" content=\"https:\/\/luminairesgregoire.com\/product\/chandelier-6-l-or-brosse-clayton-cln-266c-agb\/\" \/>\n<meta property=\"og:site_name\" content=\"Luminaires Paul Gr\u00e9goire\" \/>\n<meta property=\"article:modified_time\" content=\"2026-04-25T08:42:18+00:00\" \/>\n<meta property=\"og:image\" content=\"https:\/\/luminairesgregoire.com\/wp-content\/uploads\/2026\/04\/Votre-texte-de-paragraphe-2026-04-24T182255.395.webp\" \/>\n\t<meta property=\"og:image:width\" content=\"850\" \/>\n\t<meta property=\"og:image:height\" content=\"850\" \/>\n\t<meta property=\"og:image:type\" content=\"image\/jpeg\" \/>\n<meta name=\"twitter:card\" content=\"summary_large_image\" \/>\n<meta name=\"twitter:label1\" content=\"Est. reading time\" \/>\n\t<meta name=\"twitter:data1\" content=\"1 minute\" \/>\n<script type=\"application\/ld+json\" class=\"yoast-schema-graph\">{\"@context\":\"https:\\\/\\\/schema.org\",\"@graph\":[{\"@type\":\"WebPage\",\"@id\":\"https:\\\/\\\/luminairesgregoire.com\\\/product\\\/chandelier-6-l-or-brosse-clayton-cln-266c-agb\\\/\",\"url\":\"https:\\\/\\\/luminairesgregoire.com\\\/product\\\/chandelier-6-l-or-brosse-clayton-cln-266c-agb\\\/\",\"name\":\"CHANDELIER 6-L OR BROSS\u00c9- CLAYTON CLN-266C-AGB - Luminaires Paul Gr\u00e9goire\",\"isPartOf\":{\"@id\":\"https:\\\/\\\/luminairesgregoire.com\\\/en\\\/#website\"},\"primaryImageOfPage\":{\"@id\":\"https:\\\/\\\/luminairesgregoire.com\\\/product\\\/chandelier-6-l-or-brosse-clayton-cln-266c-agb\\\/#primaryimage\"},\"image\":{\"@id\":\"https:\\\/\\\/luminairesgregoire.com\\\/product\\\/chandelier-6-l-or-brosse-clayton-cln-266c-agb\\\/#primaryimage\"},\"thumbnailUrl\":\"https:\\\/\\\/luminairesgregoire.com\\\/wp-content\\\/uploads\\\/2026\\\/04\\\/Votre-texte-de-paragraphe-2026-04-24T182255.395.webp\",\"datePublished\":\"2026-04-17T06:15:04+00:00\",\"dateModified\":\"2026-04-25T08:42:18+00:00\",\"description\":\"CHANDELIER 6-L OR BROSS\u00c9- CLAYTON CLN-266C-AGB - Discover our collection of designer lighting \u2014 pendants, lamps, and ceiling lights \u2014 to brighten every space with style and elegance.\",\"breadcrumb\":{\"@id\":\"https:\\\/\\\/luminairesgregoire.com\\\/product\\\/chandelier-6-l-or-brosse-clayton-cln-266c-agb\\\/#breadcrumb\"},\"inLanguage\":\"en-US\",\"potentialAction\":[{\"@type\":\"ReadAction\",\"target\":[\"https:\\\/\\\/luminairesgregoire.com\\\/product\\\/chandelier-6-l-or-brosse-clayton-cln-266c-agb\\\/\"]}]},{\"@type\":\"ImageObject\",\"inLanguage\":\"en-US\",\"@id\":\"https:\\\/\\\/luminairesgregoire.com\\\/product\\\/chandelier-6-l-or-brosse-clayton-cln-266c-agb\\\/#primaryimage\",\"url\":\"https:\\\/\\\/luminairesgregoire.com\\\/wp-content\\\/uploads\\\/2026\\\/04\\\/Votre-texte-de-paragraphe-2026-04-24T182255.395.webp\",\"contentUrl\":\"https:\\\/\\\/luminairesgregoire.com\\\/wp-content\\\/uploads\\\/2026\\\/04\\\/Votre-texte-de-paragraphe-2026-04-24T182255.395.webp\",\"width\":850,\"height\":850,\"caption\":\"CHANDELIER 6-L OR BROSS\u00c9- CLAYTON CLN-266C-AGB\"},{\"@type\":\"BreadcrumbList\",\"@id\":\"https:\\\/\\\/luminairesgregoire.com\\\/product\\\/chandelier-6-l-or-brosse-clayton-cln-266c-agb\\\/#breadcrumb\",\"itemListElement\":[{\"@type\":\"ListItem\",\"position\":1,\"name\":\"Home\",\"item\":\"https:\\\/\\\/luminairesgregoire.com\\\/en\\\/\"},{\"@type\":\"ListItem\",\"position\":2,\"name\":\"Store\",\"item\":\"https:\\\/\\\/luminairesgregoire.com\\\/en\\\/products\\\/\"},{\"@type\":\"ListItem\",\"position\":3,\"name\":\"CHANDELIER 6-L OR BROSS\u00c9- CLAYTON CLN-266C-AGB\"}]},{\"@type\":\"WebSite\",\"@id\":\"https:\\\/\\\/luminairesgregoire.com\\\/en\\\/#website\",\"url\":\"https:\\\/\\\/luminairesgregoire.com\\\/en\\\/\",\"name\":\"Luminaires Paul Gr\u00e9goire\",\"description\":\"\",\"publisher\":{\"@id\":\"https:\\\/\\\/luminairesgregoire.com\\\/en\\\/#organization\"},\"potentialAction\":[{\"@type\":\"SearchAction\",\"target\":{\"@type\":\"EntryPoint\",\"urlTemplate\":\"https:\\\/\\\/luminairesgregoire.com\\\/en\\\/?s={search_term_string}\"},\"query-input\":{\"@type\":\"PropertyValueSpecification\",\"valueRequired\":true,\"valueName\":\"search_term_string\"}}],\"inLanguage\":\"en-US\"},{\"@type\":\"Organization\",\"@id\":\"https:\\\/\\\/luminairesgregoire.com\\\/en\\\/#organization\",\"name\":\"Luminaires Paul Gr\u00e9goire\",\"url\":\"https:\\\/\\\/luminairesgregoire.com\\\/en\\\/\",\"logo\":{\"@type\":\"ImageObject\",\"inLanguage\":\"en-US\",\"@id\":\"https:\\\/\\\/luminairesgregoire.com\\\/en\\\/#\\\/schema\\\/logo\\\/image\\\/\",\"url\":\"https:\\\/\\\/luminairesgregoire.com\\\/wp-content\\\/uploads\\\/2021\\\/05\\\/logo_CMYK-1-1.png\",\"contentUrl\":\"https:\\\/\\\/luminairesgregoire.com\\\/wp-content\\\/uploads\\\/2021\\\/05\\\/logo_CMYK-1-1.png\",\"width\":350,\"height\":164,\"caption\":\"Luminaires Paul Gr\u00e9goire\"},\"image\":{\"@id\":\"https:\\\/\\\/luminairesgregoire.com\\\/en\\\/#\\\/schema\\\/logo\\\/image\\\/\"}}]}<\/script>\n<!-- \/ Yoast SEO plugin. -->","yoast_head_json":{"title":"CHANDELIER 6-L OR BROSS\u00c9- CLAYTON CLN-266C-AGB - Luminaires Paul Gr\u00e9goire","description":"CHANDELIER 6-L OR BROSS\u00c9- CLAYTON CLN-266C-AGB - Discover our collection of designer lighting \u2014 pendants, lamps, and ceiling lights \u2014 to brighten every space with style and elegance.","robots":{"index":"index","follow":"follow","max-snippet":"max-snippet:-1","max-image-preview":"max-image-preview:large","max-video-preview":"max-video-preview:-1"},"canonical":"https:\/\/luminairesgregoire.com\/en\/product\/chandelier-6-l-or-brosse-clayton-cln-266c-agb\/","og_locale":"en_US","og_type":"article","og_title":"CHANDELIER 6-L OR BROSS\u00c9- CLAYTON CLN-266C-AGB - Luminaires Paul Gr\u00e9goire","og_description":"CHANDELIER 6-L OR BROSS\u00c9- CLAYTON CLN-266C-AGB - Discover our collection of designer lighting \u2014 pendants, lamps, and ceiling lights \u2014 to brighten every space with style and elegance.","og_url":"https:\/\/luminairesgregoire.com\/product\/chandelier-6-l-or-brosse-clayton-cln-266c-agb\/","og_site_name":"Luminaires Paul Gr\u00e9goire","article_modified_time":"2026-04-25T08:42:18+00:00","og_image":[{"width":850,"height":850,"url":"https:\/\/luminairesgregoire.com\/wp-content\/uploads\/2026\/04\/Votre-texte-de-paragraphe-2026-04-24T182255.395.webp","type":"image\/jpeg"}],"twitter_card":"summary_large_image","twitter_misc":{"Est. reading time":"1 minute"},"schema":{"@context":"https:\/\/schema.org","@graph":[{"@type":"WebPage","@id":"https:\/\/luminairesgregoire.com\/product\/chandelier-6-l-or-brosse-clayton-cln-266c-agb\/","url":"https:\/\/luminairesgregoire.com\/product\/chandelier-6-l-or-brosse-clayton-cln-266c-agb\/","name":"CHANDELIER 6-L OR BROSS\u00c9- CLAYTON CLN-266C-AGB - Luminaires Paul Gr\u00e9goire","isPartOf":{"@id":"https:\/\/luminairesgregoire.com\/en\/#website"},"primaryImageOfPage":{"@id":"https:\/\/luminairesgregoire.com\/product\/chandelier-6-l-or-brosse-clayton-cln-266c-agb\/#primaryimage"},"image":{"@id":"https:\/\/luminairesgregoire.com\/product\/chandelier-6-l-or-brosse-clayton-cln-266c-agb\/#primaryimage"},"thumbnailUrl":"https:\/\/luminairesgregoire.com\/wp-content\/uploads\/2026\/04\/Votre-texte-de-paragraphe-2026-04-24T182255.395.webp","datePublished":"2026-04-17T06:15:04+00:00","dateModified":"2026-04-25T08:42:18+00:00","description":"CHANDELIER 6-L OR BROSS\u00c9- CLAYTON CLN-266C-AGB - Discover our collection of designer lighting \u2014 pendants, lamps, and ceiling lights \u2014 to brighten every space with style and elegance.","breadcrumb":{"@id":"https:\/\/luminairesgregoire.com\/product\/chandelier-6-l-or-brosse-clayton-cln-266c-agb\/#breadcrumb"},"inLanguage":"en-US","potentialAction":[{"@type":"ReadAction","target":["https:\/\/luminairesgregoire.com\/product\/chandelier-6-l-or-brosse-clayton-cln-266c-agb\/"]}]},{"@type":"ImageObject","inLanguage":"en-US","@id":"https:\/\/luminairesgregoire.com\/product\/chandelier-6-l-or-brosse-clayton-cln-266c-agb\/#primaryimage","url":"https:\/\/luminairesgregoire.com\/wp-content\/uploads\/2026\/04\/Votre-texte-de-paragraphe-2026-04-24T182255.395.webp","contentUrl":"https:\/\/luminairesgregoire.com\/wp-content\/uploads\/2026\/04\/Votre-texte-de-paragraphe-2026-04-24T182255.395.webp","width":850,"height":850,"caption":"CHANDELIER 6-L OR BROSS\u00c9- CLAYTON CLN-266C-AGB"},{"@type":"BreadcrumbList","@id":"https:\/\/luminairesgregoire.com\/product\/chandelier-6-l-or-brosse-clayton-cln-266c-agb\/#breadcrumb","itemListElement":[{"@type":"ListItem","position":1,"name":"Home","item":"https:\/\/luminairesgregoire.com\/en\/"},{"@type":"ListItem","position":2,"name":"Store","item":"https:\/\/luminairesgregoire.com\/en\/products\/"},{"@type":"ListItem","position":3,"name":"CHANDELIER 6-L OR BROSS\u00c9- CLAYTON CLN-266C-AGB"}]},{"@type":"WebSite","@id":"https:\/\/luminairesgregoire.com\/en\/#website","url":"https:\/\/luminairesgregoire.com\/en\/","name":"Luminaires Paul Gr\u00e9goire","description":"","publisher":{"@id":"https:\/\/luminairesgregoire.com\/en\/#organization"},"potentialAction":[{"@type":"SearchAction","target":{"@type":"EntryPoint","urlTemplate":"https:\/\/luminairesgregoire.com\/en\/?s={search_term_string}"},"query-input":{"@type":"PropertyValueSpecification","valueRequired":true,"valueName":"search_term_string"}}],"inLanguage":"en-US"},{"@type":"Organization","@id":"https:\/\/luminairesgregoire.com\/en\/#organization","name":"Luminaires Paul Gr\u00e9goire","url":"https:\/\/luminairesgregoire.com\/en\/","logo":{"@type":"ImageObject","inLanguage":"en-US","@id":"https:\/\/luminairesgregoire.com\/en\/#\/schema\/logo\/image\/","url":"https:\/\/luminairesgregoire.com\/wp-content\/uploads\/2021\/05\/logo_CMYK-1-1.png","contentUrl":"https:\/\/luminairesgregoire.com\/wp-content\/uploads\/2021\/05\/logo_CMYK-1-1.png","width":350,"height":164,"caption":"Luminaires Paul Gr\u00e9goire"},"image":{"@id":"https:\/\/luminairesgregoire.com\/en\/#\/schema\/logo\/image\/"}}]}},"_links":{"self":[{"href":"https:\/\/luminairesgregoire.com\/en\/wp-json\/wp\/v2\/product\/38261","targetHints":{"allow":["GET"]}}],"collection":[{"href":"https:\/\/luminairesgregoire.com\/en\/wp-json\/wp\/v2\/product"}],"about":[{"href":"https:\/\/luminairesgregoire.com\/en\/wp-json\/wp\/v2\/types\/product"}],"wp:featuredmedia":[{"embeddable":true,"href":"https:\/\/luminairesgregoire.com\/en\/wp-json\/wp\/v2\/media\/38864"}],"wp:attachment":[{"href":"https:\/\/luminairesgregoire.com\/en\/wp-json\/wp\/v2\/media?parent=38261"}],"wp:term":[{"taxonomy":"product_brand","embeddable":true,"href":"https:\/\/luminairesgregoire.com\/en\/wp-json\/wp\/v2\/product_brand?post=38261"},{"taxonomy":"product_cat","embeddable":true,"href":"https:\/\/luminairesgregoire.com\/en\/wp-json\/wp\/v2\/product_cat?post=38261"},{"taxonomy":"product_tag","embeddable":true,"href":"https:\/\/luminairesgregoire.com\/en\/wp-json\/wp\/v2\/product_tag?post=38261"}],"curies":[{"name":"wp","href":"https:\/\/api.w.org\/{rel}","templated":true}]}}