{"id":38272,"date":"2026-04-17T02:30:30","date_gmt":"2026-04-17T06:30:30","guid":{"rendered":"https:\/\/luminairesgregoire.com\/?post_type=product&#038;p=38272"},"modified":"2026-04-28T05:01:22","modified_gmt":"2026-04-28T09:01:22","slug":"plafonnier-exterieur-noir-shana-iol709bk","status":"publish","type":"product","link":"https:\/\/luminairesgregoire.com\/en\/product\/plafonnier-exterieur-noir-shana-iol709bk\/","title":{"rendered":"PLAFONNIER EXT\u00c9RIEUR NOIR- SHANA IOL709BK"},"content":{"rendered":"<p data-start=\"0\" data-end=\"260\">Le plafonnier ext\u00e9rieur <strong data-start=\"24\" data-end=\"33\">Shana<\/strong> marie avec \u00e9l\u00e9gance sophistication moderne et design fonctionnel, en faisant un choix id\u00e9al pour vos espaces ext\u00e9rieurs. Dot\u00e9 d\u2019une configuration \u00e0 3 lumi\u00e8res, il est parfait pour illuminer une entr\u00e9e, un patio ou une v\u00e9randa.<\/p>\n<p data-start=\"262\" data-end=\"630\">Son fini noir mat contemporain s\u2019harmonise parfaitement avec le charme rustique de son verre textur\u00e9 (watermark), cr\u00e9ant un \u00e9quilibre visuel \u00e0 la fois chaleureux et actuel. La lumi\u00e8re se diffuse doucement \u00e0 travers le verre, offrant un \u00e9clairage agr\u00e9able et accueillant. Compatible avec des ampoules de type A de 60 W (non incluses), il assure une luminosit\u00e9 optimale.<\/p>\n","protected":false},"excerpt":{"rendered":"<p>Le plafonnier ext\u00e9rieur Shana marie avec \u00e9l\u00e9gance sophistication moderne et design fonctionnel, en faisant un choix id\u00e9al pour vos espaces ext\u00e9rieurs. Dot\u00e9 d\u2019une configuration \u00e0 3 lumi\u00e8res, il est parfait pour illuminer une entr\u00e9e, un patio ou une v\u00e9randa. Son fini noir mat contemporain s\u2019harmonise parfaitement avec le charme rustique de son verre textur\u00e9 (watermark), [&hellip;]<\/p>\n","protected":false},"featured_media":38868,"template":"","meta":{"_acf_changed":false},"product_brand":[6009],"product_cat":[5837,5842,5858],"product_tag":[],"class_list":{"0":"post-38272","1":"product","2":"type-product","3":"status-publish","4":"has-post-thumbnail","6":"product_brand-canarm","7":"product_cat-eclairages-exterieurs","8":"product_cat-plafonniers-plafonniers","9":"product_cat-plafonniers-et-suspendus","10":"pa_couleur-verre-clair-texture","11":"pa_finis-noir","12":"pa_garantie-1-an","13":"pa_hauteur-5-5-8","14":"pa_largeur-18-1-8","16":"first","17":"instock","18":"taxable","19":"shipping-taxable","20":"purchasable","21":"product-type-simple"},"acf":[],"yoast_head":"<!-- This site is optimized with the Yoast SEO plugin v27.4 - https:\/\/yoast.com\/product\/yoast-seo-wordpress\/ -->\n<title>PLAFONNIER EXT\u00c9RIEUR NOIR- SHANA IOL709BK - Luminaires Paul Gr\u00e9goire<\/title>\n<meta name=\"description\" content=\"PLAFONNIER EXT\u00c9RIEUR NOIR- SHANA IOL709BK - Discover our collection of designer lighting \u2014 pendants, lamps, and ceiling lights \u2014 to brighten every space with style and elegance.\" \/>\n<meta name=\"robots\" content=\"index, follow, max-snippet:-1, max-image-preview:large, max-video-preview:-1\" \/>\n<link rel=\"canonical\" href=\"https:\/\/luminairesgregoire.com\/en\/product\/plafonnier-exterieur-noir-shana-iol709bk\/\" \/>\n<meta property=\"og:locale\" content=\"en_US\" \/>\n<meta property=\"og:type\" content=\"article\" \/>\n<meta property=\"og:title\" content=\"PLAFONNIER EXT\u00c9RIEUR NOIR- SHANA IOL709BK - Luminaires Paul Gr\u00e9goire\" \/>\n<meta property=\"og:description\" content=\"PLAFONNIER EXT\u00c9RIEUR NOIR- SHANA IOL709BK - Discover our collection of designer lighting \u2014 pendants, lamps, and ceiling lights \u2014 to brighten every space with style and elegance.\" \/>\n<meta property=\"og:url\" content=\"https:\/\/luminairesgregoire.com\/en\/product\/plafonnier-exterieur-noir-shana-iol709bk\/\" \/>\n<meta property=\"og:site_name\" content=\"Luminaires Paul Gr\u00e9goire\" \/>\n<meta property=\"article:modified_time\" content=\"2026-04-28T09:01:22+00:00\" \/>\n<meta property=\"og:image\" content=\"https:\/\/luminairesgregoire.com\/wp-content\/uploads\/2026\/04\/Votre-texte-de-paragraphe-2026-04-24T184808.767.webp\" \/>\n\t<meta property=\"og:image:width\" content=\"850\" \/>\n\t<meta property=\"og:image:height\" content=\"850\" \/>\n\t<meta property=\"og:image:type\" content=\"image\/jpeg\" \/>\n<meta name=\"twitter:card\" content=\"summary_large_image\" \/>\n<meta name=\"twitter:label1\" content=\"Est. reading time\" \/>\n\t<meta name=\"twitter:data1\" content=\"1 minute\" \/>\n<script type=\"application\/ld+json\" class=\"yoast-schema-graph\">{\"@context\":\"https:\\\/\\\/schema.org\",\"@graph\":[{\"@type\":\"WebPage\",\"@id\":\"https:\\\/\\\/luminairesgregoire.com\\\/en\\\/product\\\/plafonnier-exterieur-noir-shana-iol709bk\\\/\",\"url\":\"https:\\\/\\\/luminairesgregoire.com\\\/en\\\/product\\\/plafonnier-exterieur-noir-shana-iol709bk\\\/\",\"name\":\"PLAFONNIER EXT\u00c9RIEUR NOIR- SHANA IOL709BK - Luminaires Paul Gr\u00e9goire\",\"isPartOf\":{\"@id\":\"https:\\\/\\\/luminairesgregoire.com\\\/en\\\/#website\"},\"primaryImageOfPage\":{\"@id\":\"https:\\\/\\\/luminairesgregoire.com\\\/en\\\/product\\\/plafonnier-exterieur-noir-shana-iol709bk\\\/#primaryimage\"},\"image\":{\"@id\":\"https:\\\/\\\/luminairesgregoire.com\\\/en\\\/product\\\/plafonnier-exterieur-noir-shana-iol709bk\\\/#primaryimage\"},\"thumbnailUrl\":\"https:\\\/\\\/luminairesgregoire.com\\\/wp-content\\\/uploads\\\/2026\\\/04\\\/Votre-texte-de-paragraphe-2026-04-24T184808.767.webp\",\"datePublished\":\"2026-04-17T06:30:30+00:00\",\"dateModified\":\"2026-04-28T09:01:22+00:00\",\"description\":\"PLAFONNIER EXT\u00c9RIEUR NOIR- SHANA IOL709BK - Discover our collection of designer lighting \u2014 pendants, lamps, and ceiling lights \u2014 to brighten every space with style and elegance.\",\"breadcrumb\":{\"@id\":\"https:\\\/\\\/luminairesgregoire.com\\\/en\\\/product\\\/plafonnier-exterieur-noir-shana-iol709bk\\\/#breadcrumb\"},\"inLanguage\":\"en-US\",\"potentialAction\":[{\"@type\":\"ReadAction\",\"target\":[\"https:\\\/\\\/luminairesgregoire.com\\\/en\\\/product\\\/plafonnier-exterieur-noir-shana-iol709bk\\\/\"]}]},{\"@type\":\"ImageObject\",\"inLanguage\":\"en-US\",\"@id\":\"https:\\\/\\\/luminairesgregoire.com\\\/en\\\/product\\\/plafonnier-exterieur-noir-shana-iol709bk\\\/#primaryimage\",\"url\":\"https:\\\/\\\/luminairesgregoire.com\\\/wp-content\\\/uploads\\\/2026\\\/04\\\/Votre-texte-de-paragraphe-2026-04-24T184808.767.webp\",\"contentUrl\":\"https:\\\/\\\/luminairesgregoire.com\\\/wp-content\\\/uploads\\\/2026\\\/04\\\/Votre-texte-de-paragraphe-2026-04-24T184808.767.webp\",\"width\":850,\"height\":850,\"caption\":\"PLAFONNIER EXT\u00c9RIEUR NOIR- SHANA IOL709BK\"},{\"@type\":\"BreadcrumbList\",\"@id\":\"https:\\\/\\\/luminairesgregoire.com\\\/en\\\/product\\\/plafonnier-exterieur-noir-shana-iol709bk\\\/#breadcrumb\",\"itemListElement\":[{\"@type\":\"ListItem\",\"position\":1,\"name\":\"Home\",\"item\":\"https:\\\/\\\/luminairesgregoire.com\\\/en\\\/\"},{\"@type\":\"ListItem\",\"position\":2,\"name\":\"Store\",\"item\":\"https:\\\/\\\/luminairesgregoire.com\\\/en\\\/products\\\/\"},{\"@type\":\"ListItem\",\"position\":3,\"name\":\"PLAFONNIER EXT\u00c9RIEUR NOIR- SHANA IOL709BK\"}]},{\"@type\":\"WebSite\",\"@id\":\"https:\\\/\\\/luminairesgregoire.com\\\/en\\\/#website\",\"url\":\"https:\\\/\\\/luminairesgregoire.com\\\/en\\\/\",\"name\":\"Luminaires Paul Gr\u00e9goire\",\"description\":\"\",\"publisher\":{\"@id\":\"https:\\\/\\\/luminairesgregoire.com\\\/en\\\/#organization\"},\"potentialAction\":[{\"@type\":\"SearchAction\",\"target\":{\"@type\":\"EntryPoint\",\"urlTemplate\":\"https:\\\/\\\/luminairesgregoire.com\\\/en\\\/?s={search_term_string}\"},\"query-input\":{\"@type\":\"PropertyValueSpecification\",\"valueRequired\":true,\"valueName\":\"search_term_string\"}}],\"inLanguage\":\"en-US\"},{\"@type\":\"Organization\",\"@id\":\"https:\\\/\\\/luminairesgregoire.com\\\/en\\\/#organization\",\"name\":\"Luminaires Paul Gr\u00e9goire\",\"url\":\"https:\\\/\\\/luminairesgregoire.com\\\/en\\\/\",\"logo\":{\"@type\":\"ImageObject\",\"inLanguage\":\"en-US\",\"@id\":\"https:\\\/\\\/luminairesgregoire.com\\\/en\\\/#\\\/schema\\\/logo\\\/image\\\/\",\"url\":\"https:\\\/\\\/luminairesgregoire.com\\\/wp-content\\\/uploads\\\/2021\\\/05\\\/logo_CMYK-1-1.png\",\"contentUrl\":\"https:\\\/\\\/luminairesgregoire.com\\\/wp-content\\\/uploads\\\/2021\\\/05\\\/logo_CMYK-1-1.png\",\"width\":350,\"height\":164,\"caption\":\"Luminaires Paul Gr\u00e9goire\"},\"image\":{\"@id\":\"https:\\\/\\\/luminairesgregoire.com\\\/en\\\/#\\\/schema\\\/logo\\\/image\\\/\"}}]}<\/script>\n<!-- \/ Yoast SEO plugin. -->","yoast_head_json":{"title":"PLAFONNIER EXT\u00c9RIEUR NOIR- SHANA IOL709BK - Luminaires Paul Gr\u00e9goire","description":"PLAFONNIER EXT\u00c9RIEUR NOIR- SHANA IOL709BK - Discover our collection of designer lighting \u2014 pendants, lamps, and ceiling lights \u2014 to brighten every space with style and elegance.","robots":{"index":"index","follow":"follow","max-snippet":"max-snippet:-1","max-image-preview":"max-image-preview:large","max-video-preview":"max-video-preview:-1"},"canonical":"https:\/\/luminairesgregoire.com\/en\/product\/plafonnier-exterieur-noir-shana-iol709bk\/","og_locale":"en_US","og_type":"article","og_title":"PLAFONNIER EXT\u00c9RIEUR NOIR- SHANA IOL709BK - Luminaires Paul Gr\u00e9goire","og_description":"PLAFONNIER EXT\u00c9RIEUR NOIR- SHANA IOL709BK - Discover our collection of designer lighting \u2014 pendants, lamps, and ceiling lights \u2014 to brighten every space with style and elegance.","og_url":"https:\/\/luminairesgregoire.com\/en\/product\/plafonnier-exterieur-noir-shana-iol709bk\/","og_site_name":"Luminaires Paul Gr\u00e9goire","article_modified_time":"2026-04-28T09:01:22+00:00","og_image":[{"width":850,"height":850,"url":"https:\/\/luminairesgregoire.com\/wp-content\/uploads\/2026\/04\/Votre-texte-de-paragraphe-2026-04-24T184808.767.webp","type":"image\/jpeg"}],"twitter_card":"summary_large_image","twitter_misc":{"Est. reading time":"1 minute"},"schema":{"@context":"https:\/\/schema.org","@graph":[{"@type":"WebPage","@id":"https:\/\/luminairesgregoire.com\/en\/product\/plafonnier-exterieur-noir-shana-iol709bk\/","url":"https:\/\/luminairesgregoire.com\/en\/product\/plafonnier-exterieur-noir-shana-iol709bk\/","name":"PLAFONNIER EXT\u00c9RIEUR NOIR- SHANA IOL709BK - Luminaires Paul Gr\u00e9goire","isPartOf":{"@id":"https:\/\/luminairesgregoire.com\/en\/#website"},"primaryImageOfPage":{"@id":"https:\/\/luminairesgregoire.com\/en\/product\/plafonnier-exterieur-noir-shana-iol709bk\/#primaryimage"},"image":{"@id":"https:\/\/luminairesgregoire.com\/en\/product\/plafonnier-exterieur-noir-shana-iol709bk\/#primaryimage"},"thumbnailUrl":"https:\/\/luminairesgregoire.com\/wp-content\/uploads\/2026\/04\/Votre-texte-de-paragraphe-2026-04-24T184808.767.webp","datePublished":"2026-04-17T06:30:30+00:00","dateModified":"2026-04-28T09:01:22+00:00","description":"PLAFONNIER EXT\u00c9RIEUR NOIR- SHANA IOL709BK - Discover our collection of designer lighting \u2014 pendants, lamps, and ceiling lights \u2014 to brighten every space with style and elegance.","breadcrumb":{"@id":"https:\/\/luminairesgregoire.com\/en\/product\/plafonnier-exterieur-noir-shana-iol709bk\/#breadcrumb"},"inLanguage":"en-US","potentialAction":[{"@type":"ReadAction","target":["https:\/\/luminairesgregoire.com\/en\/product\/plafonnier-exterieur-noir-shana-iol709bk\/"]}]},{"@type":"ImageObject","inLanguage":"en-US","@id":"https:\/\/luminairesgregoire.com\/en\/product\/plafonnier-exterieur-noir-shana-iol709bk\/#primaryimage","url":"https:\/\/luminairesgregoire.com\/wp-content\/uploads\/2026\/04\/Votre-texte-de-paragraphe-2026-04-24T184808.767.webp","contentUrl":"https:\/\/luminairesgregoire.com\/wp-content\/uploads\/2026\/04\/Votre-texte-de-paragraphe-2026-04-24T184808.767.webp","width":850,"height":850,"caption":"PLAFONNIER EXT\u00c9RIEUR NOIR- SHANA IOL709BK"},{"@type":"BreadcrumbList","@id":"https:\/\/luminairesgregoire.com\/en\/product\/plafonnier-exterieur-noir-shana-iol709bk\/#breadcrumb","itemListElement":[{"@type":"ListItem","position":1,"name":"Home","item":"https:\/\/luminairesgregoire.com\/en\/"},{"@type":"ListItem","position":2,"name":"Store","item":"https:\/\/luminairesgregoire.com\/en\/products\/"},{"@type":"ListItem","position":3,"name":"PLAFONNIER EXT\u00c9RIEUR NOIR- SHANA IOL709BK"}]},{"@type":"WebSite","@id":"https:\/\/luminairesgregoire.com\/en\/#website","url":"https:\/\/luminairesgregoire.com\/en\/","name":"Luminaires Paul Gr\u00e9goire","description":"","publisher":{"@id":"https:\/\/luminairesgregoire.com\/en\/#organization"},"potentialAction":[{"@type":"SearchAction","target":{"@type":"EntryPoint","urlTemplate":"https:\/\/luminairesgregoire.com\/en\/?s={search_term_string}"},"query-input":{"@type":"PropertyValueSpecification","valueRequired":true,"valueName":"search_term_string"}}],"inLanguage":"en-US"},{"@type":"Organization","@id":"https:\/\/luminairesgregoire.com\/en\/#organization","name":"Luminaires Paul Gr\u00e9goire","url":"https:\/\/luminairesgregoire.com\/en\/","logo":{"@type":"ImageObject","inLanguage":"en-US","@id":"https:\/\/luminairesgregoire.com\/en\/#\/schema\/logo\/image\/","url":"https:\/\/luminairesgregoire.com\/wp-content\/uploads\/2021\/05\/logo_CMYK-1-1.png","contentUrl":"https:\/\/luminairesgregoire.com\/wp-content\/uploads\/2021\/05\/logo_CMYK-1-1.png","width":350,"height":164,"caption":"Luminaires Paul Gr\u00e9goire"},"image":{"@id":"https:\/\/luminairesgregoire.com\/en\/#\/schema\/logo\/image\/"}}]}},"_links":{"self":[{"href":"https:\/\/luminairesgregoire.com\/en\/wp-json\/wp\/v2\/product\/38272","targetHints":{"allow":["GET"]}}],"collection":[{"href":"https:\/\/luminairesgregoire.com\/en\/wp-json\/wp\/v2\/product"}],"about":[{"href":"https:\/\/luminairesgregoire.com\/en\/wp-json\/wp\/v2\/types\/product"}],"wp:featuredmedia":[{"embeddable":true,"href":"https:\/\/luminairesgregoire.com\/en\/wp-json\/wp\/v2\/media\/38868"}],"wp:attachment":[{"href":"https:\/\/luminairesgregoire.com\/en\/wp-json\/wp\/v2\/media?parent=38272"}],"wp:term":[{"taxonomy":"product_brand","embeddable":true,"href":"https:\/\/luminairesgregoire.com\/en\/wp-json\/wp\/v2\/product_brand?post=38272"},{"taxonomy":"product_cat","embeddable":true,"href":"https:\/\/luminairesgregoire.com\/en\/wp-json\/wp\/v2\/product_cat?post=38272"},{"taxonomy":"product_tag","embeddable":true,"href":"https:\/\/luminairesgregoire.com\/en\/wp-json\/wp\/v2\/product_tag?post=38272"}],"curies":[{"name":"wp","href":"https:\/\/api.w.org\/{rel}","templated":true}]}}