{"id":38617,"date":"2026-04-22T02:14:48","date_gmt":"2026-04-22T06:14:48","guid":{"rendered":"https:\/\/luminairesgregoire.com\/?post_type=product&#038;p=38617"},"modified":"2026-05-07T05:04:33","modified_gmt":"2026-05-07T09:04:33","slug":"suspendu-simple-ambre-magma-c81011am","status":"publish","type":"product","link":"https:\/\/luminairesgregoire.com\/product\/suspendu-simple-ambre-magma-c81011am\/","title":{"rendered":"SUSPENDU SIMPLE AMBRE- MAGMA C81011AM"},"content":{"rendered":"<p>Une collection minimaliste qui met l\u2019ampoule au c\u0153ur du design. Con\u00e7ue avec une tige noire \u00e9pur\u00e9e rehauss\u00e9e de subtils accents en laiton dor\u00e9 vieilli. Offerte avec des verres ambr\u00e9, clair ou fum\u00e9. \u00c9galement disponible en applique murale avec petit verre de 5 7\/8 po.<\/p>\n","protected":false},"excerpt":{"rendered":"<p>Une collection minimaliste qui met l\u2019ampoule au c\u0153ur du design. Con\u00e7ue avec une tige noire \u00e9pur\u00e9e rehauss\u00e9e de subtils accents en laiton dor\u00e9 vieilli. Offerte avec des verres ambr\u00e9, clair ou fum\u00e9. \u00c9galement disponible en applique murale avec petit verre de 5 7\/8 po.<\/p>\n","protected":false},"featured_media":39364,"template":"","meta":{"_acf_changed":false},"product_brand":[350],"product_cat":[5835,5845],"product_tag":[],"class_list":{"0":"post-38617","1":"product","2":"type-product","3":"status-publish","4":"has-post-thumbnail","6":"product_brand-matteo-modern","7":"product_cat-suspension","8":"product_cat-suspensions-simples","9":"pa_couleur-verre-ambre","10":"pa_diametre-7-1-8","11":"pa_finis-noir","12":"pa_formes-dampoules-g9","13":"pa_hauteur-120-max","14":"pa_nombre-dampoules-6417","15":"pa_types-dampoules-ampoule-del","16":"pa_watts-5-w","18":"first","19":"instock","20":"taxable","21":"shipping-taxable","22":"purchasable","23":"product-type-simple"},"acf":[],"yoast_head":"<!-- This site is optimized with the Yoast SEO plugin v27.4 - https:\/\/yoast.com\/product\/yoast-seo-wordpress\/ -->\n<title>SUSPENDU SIMPLE AMBRE- MAGMA C81011AM - Luminaires Paul Gr\u00e9goire<\/title>\n<meta name=\"description\" content=\"SUSPENDU SIMPLE AMBRE- MAGMA C81011AM - Discover our collection of designer lighting \u2014 pendants, lamps, and ceiling lights \u2014 to brighten every space with style and elegance.\" \/>\n<meta name=\"robots\" content=\"index, follow, max-snippet:-1, max-image-preview:large, max-video-preview:-1\" \/>\n<link rel=\"canonical\" href=\"https:\/\/luminairesgregoire.com\/en\/product\/suspendu-simple-ambre-magma-c81011am\/\" \/>\n<meta property=\"og:locale\" content=\"en_US\" \/>\n<meta property=\"og:type\" content=\"article\" \/>\n<meta property=\"og:title\" content=\"SUSPENDU SIMPLE AMBRE- MAGMA C81011AM - Luminaires Paul Gr\u00e9goire\" \/>\n<meta property=\"og:description\" content=\"SUSPENDU SIMPLE AMBRE- MAGMA C81011AM - Discover our collection of designer lighting \u2014 pendants, lamps, and ceiling lights \u2014 to brighten every space with style and elegance.\" \/>\n<meta property=\"og:url\" content=\"https:\/\/luminairesgregoire.com\/product\/suspendu-simple-ambre-magma-c81011am\/\" \/>\n<meta property=\"og:site_name\" content=\"Luminaires Paul Gr\u00e9goire\" \/>\n<meta property=\"article:modified_time\" content=\"2026-05-07T09:04:33+00:00\" \/>\n<meta property=\"og:image\" content=\"https:\/\/luminairesgregoire.com\/wp-content\/uploads\/2026\/05\/Votre-texte-de-paragraphe-2026-05-02T163830.088.webp\" \/>\n\t<meta property=\"og:image:width\" content=\"850\" \/>\n\t<meta property=\"og:image:height\" content=\"850\" \/>\n\t<meta property=\"og:image:type\" content=\"image\/jpeg\" \/>\n<meta name=\"twitter:card\" content=\"summary_large_image\" \/>\n<meta name=\"twitter:label1\" content=\"Est. reading time\" \/>\n\t<meta name=\"twitter:data1\" content=\"1 minute\" \/>\n<script type=\"application\/ld+json\" class=\"yoast-schema-graph\">{\"@context\":\"https:\\\/\\\/schema.org\",\"@graph\":[{\"@type\":\"WebPage\",\"@id\":\"https:\\\/\\\/luminairesgregoire.com\\\/product\\\/suspendu-simple-ambre-magma-c81011am\\\/\",\"url\":\"https:\\\/\\\/luminairesgregoire.com\\\/product\\\/suspendu-simple-ambre-magma-c81011am\\\/\",\"name\":\"SUSPENDU SIMPLE AMBRE- MAGMA C81011AM - Luminaires Paul Gr\u00e9goire\",\"isPartOf\":{\"@id\":\"https:\\\/\\\/luminairesgregoire.com\\\/en\\\/#website\"},\"primaryImageOfPage\":{\"@id\":\"https:\\\/\\\/luminairesgregoire.com\\\/product\\\/suspendu-simple-ambre-magma-c81011am\\\/#primaryimage\"},\"image\":{\"@id\":\"https:\\\/\\\/luminairesgregoire.com\\\/product\\\/suspendu-simple-ambre-magma-c81011am\\\/#primaryimage\"},\"thumbnailUrl\":\"https:\\\/\\\/luminairesgregoire.com\\\/wp-content\\\/uploads\\\/2026\\\/05\\\/Votre-texte-de-paragraphe-2026-05-02T163830.088.webp\",\"datePublished\":\"2026-04-22T06:14:48+00:00\",\"dateModified\":\"2026-05-07T09:04:33+00:00\",\"description\":\"SUSPENDU SIMPLE AMBRE- MAGMA C81011AM - Discover our collection of designer lighting \u2014 pendants, lamps, and ceiling lights \u2014 to brighten every space with style and elegance.\",\"breadcrumb\":{\"@id\":\"https:\\\/\\\/luminairesgregoire.com\\\/product\\\/suspendu-simple-ambre-magma-c81011am\\\/#breadcrumb\"},\"inLanguage\":\"en-US\",\"potentialAction\":[{\"@type\":\"ReadAction\",\"target\":[\"https:\\\/\\\/luminairesgregoire.com\\\/product\\\/suspendu-simple-ambre-magma-c81011am\\\/\"]}]},{\"@type\":\"ImageObject\",\"inLanguage\":\"en-US\",\"@id\":\"https:\\\/\\\/luminairesgregoire.com\\\/product\\\/suspendu-simple-ambre-magma-c81011am\\\/#primaryimage\",\"url\":\"https:\\\/\\\/luminairesgregoire.com\\\/wp-content\\\/uploads\\\/2026\\\/05\\\/Votre-texte-de-paragraphe-2026-05-02T163830.088.webp\",\"contentUrl\":\"https:\\\/\\\/luminairesgregoire.com\\\/wp-content\\\/uploads\\\/2026\\\/05\\\/Votre-texte-de-paragraphe-2026-05-02T163830.088.webp\",\"width\":850,\"height\":850,\"caption\":\"SUSPENDU SIMPLE AMBRE- MAGMA C81011AM\"},{\"@type\":\"BreadcrumbList\",\"@id\":\"https:\\\/\\\/luminairesgregoire.com\\\/product\\\/suspendu-simple-ambre-magma-c81011am\\\/#breadcrumb\",\"itemListElement\":[{\"@type\":\"ListItem\",\"position\":1,\"name\":\"Home\",\"item\":\"https:\\\/\\\/luminairesgregoire.com\\\/en\\\/\"},{\"@type\":\"ListItem\",\"position\":2,\"name\":\"Store\",\"item\":\"https:\\\/\\\/luminairesgregoire.com\\\/en\\\/products\\\/\"},{\"@type\":\"ListItem\",\"position\":3,\"name\":\"SUSPENDU SIMPLE AMBRE- MAGMA C81011AM\"}]},{\"@type\":\"WebSite\",\"@id\":\"https:\\\/\\\/luminairesgregoire.com\\\/en\\\/#website\",\"url\":\"https:\\\/\\\/luminairesgregoire.com\\\/en\\\/\",\"name\":\"Luminaires Paul Gr\u00e9goire\",\"description\":\"\",\"publisher\":{\"@id\":\"https:\\\/\\\/luminairesgregoire.com\\\/en\\\/#organization\"},\"potentialAction\":[{\"@type\":\"SearchAction\",\"target\":{\"@type\":\"EntryPoint\",\"urlTemplate\":\"https:\\\/\\\/luminairesgregoire.com\\\/en\\\/?s={search_term_string}\"},\"query-input\":{\"@type\":\"PropertyValueSpecification\",\"valueRequired\":true,\"valueName\":\"search_term_string\"}}],\"inLanguage\":\"en-US\"},{\"@type\":\"Organization\",\"@id\":\"https:\\\/\\\/luminairesgregoire.com\\\/en\\\/#organization\",\"name\":\"Luminaires Paul Gr\u00e9goire\",\"url\":\"https:\\\/\\\/luminairesgregoire.com\\\/en\\\/\",\"logo\":{\"@type\":\"ImageObject\",\"inLanguage\":\"en-US\",\"@id\":\"https:\\\/\\\/luminairesgregoire.com\\\/en\\\/#\\\/schema\\\/logo\\\/image\\\/\",\"url\":\"https:\\\/\\\/luminairesgregoire.com\\\/wp-content\\\/uploads\\\/2021\\\/05\\\/logo_CMYK-1-1.png\",\"contentUrl\":\"https:\\\/\\\/luminairesgregoire.com\\\/wp-content\\\/uploads\\\/2021\\\/05\\\/logo_CMYK-1-1.png\",\"width\":350,\"height\":164,\"caption\":\"Luminaires Paul Gr\u00e9goire\"},\"image\":{\"@id\":\"https:\\\/\\\/luminairesgregoire.com\\\/en\\\/#\\\/schema\\\/logo\\\/image\\\/\"}}]}<\/script>\n<!-- \/ Yoast SEO plugin. -->","yoast_head_json":{"title":"SUSPENDU SIMPLE AMBRE- MAGMA C81011AM - Luminaires Paul Gr\u00e9goire","description":"SUSPENDU SIMPLE AMBRE- MAGMA C81011AM - Discover our collection of designer lighting \u2014 pendants, lamps, and ceiling lights \u2014 to brighten every space with style and elegance.","robots":{"index":"index","follow":"follow","max-snippet":"max-snippet:-1","max-image-preview":"max-image-preview:large","max-video-preview":"max-video-preview:-1"},"canonical":"https:\/\/luminairesgregoire.com\/en\/product\/suspendu-simple-ambre-magma-c81011am\/","og_locale":"en_US","og_type":"article","og_title":"SUSPENDU SIMPLE AMBRE- MAGMA C81011AM - Luminaires Paul Gr\u00e9goire","og_description":"SUSPENDU SIMPLE AMBRE- MAGMA C81011AM - Discover our collection of designer lighting \u2014 pendants, lamps, and ceiling lights \u2014 to brighten every space with style and elegance.","og_url":"https:\/\/luminairesgregoire.com\/product\/suspendu-simple-ambre-magma-c81011am\/","og_site_name":"Luminaires Paul Gr\u00e9goire","article_modified_time":"2026-05-07T09:04:33+00:00","og_image":[{"width":850,"height":850,"url":"https:\/\/luminairesgregoire.com\/wp-content\/uploads\/2026\/05\/Votre-texte-de-paragraphe-2026-05-02T163830.088.webp","type":"image\/jpeg"}],"twitter_card":"summary_large_image","twitter_misc":{"Est. reading time":"1 minute"},"schema":{"@context":"https:\/\/schema.org","@graph":[{"@type":"WebPage","@id":"https:\/\/luminairesgregoire.com\/product\/suspendu-simple-ambre-magma-c81011am\/","url":"https:\/\/luminairesgregoire.com\/product\/suspendu-simple-ambre-magma-c81011am\/","name":"SUSPENDU SIMPLE AMBRE- MAGMA C81011AM - Luminaires Paul Gr\u00e9goire","isPartOf":{"@id":"https:\/\/luminairesgregoire.com\/en\/#website"},"primaryImageOfPage":{"@id":"https:\/\/luminairesgregoire.com\/product\/suspendu-simple-ambre-magma-c81011am\/#primaryimage"},"image":{"@id":"https:\/\/luminairesgregoire.com\/product\/suspendu-simple-ambre-magma-c81011am\/#primaryimage"},"thumbnailUrl":"https:\/\/luminairesgregoire.com\/wp-content\/uploads\/2026\/05\/Votre-texte-de-paragraphe-2026-05-02T163830.088.webp","datePublished":"2026-04-22T06:14:48+00:00","dateModified":"2026-05-07T09:04:33+00:00","description":"SUSPENDU SIMPLE AMBRE- MAGMA C81011AM - Discover our collection of designer lighting \u2014 pendants, lamps, and ceiling lights \u2014 to brighten every space with style and elegance.","breadcrumb":{"@id":"https:\/\/luminairesgregoire.com\/product\/suspendu-simple-ambre-magma-c81011am\/#breadcrumb"},"inLanguage":"en-US","potentialAction":[{"@type":"ReadAction","target":["https:\/\/luminairesgregoire.com\/product\/suspendu-simple-ambre-magma-c81011am\/"]}]},{"@type":"ImageObject","inLanguage":"en-US","@id":"https:\/\/luminairesgregoire.com\/product\/suspendu-simple-ambre-magma-c81011am\/#primaryimage","url":"https:\/\/luminairesgregoire.com\/wp-content\/uploads\/2026\/05\/Votre-texte-de-paragraphe-2026-05-02T163830.088.webp","contentUrl":"https:\/\/luminairesgregoire.com\/wp-content\/uploads\/2026\/05\/Votre-texte-de-paragraphe-2026-05-02T163830.088.webp","width":850,"height":850,"caption":"SUSPENDU SIMPLE AMBRE- MAGMA C81011AM"},{"@type":"BreadcrumbList","@id":"https:\/\/luminairesgregoire.com\/product\/suspendu-simple-ambre-magma-c81011am\/#breadcrumb","itemListElement":[{"@type":"ListItem","position":1,"name":"Home","item":"https:\/\/luminairesgregoire.com\/en\/"},{"@type":"ListItem","position":2,"name":"Store","item":"https:\/\/luminairesgregoire.com\/en\/products\/"},{"@type":"ListItem","position":3,"name":"SUSPENDU SIMPLE AMBRE- MAGMA C81011AM"}]},{"@type":"WebSite","@id":"https:\/\/luminairesgregoire.com\/en\/#website","url":"https:\/\/luminairesgregoire.com\/en\/","name":"Luminaires Paul Gr\u00e9goire","description":"","publisher":{"@id":"https:\/\/luminairesgregoire.com\/en\/#organization"},"potentialAction":[{"@type":"SearchAction","target":{"@type":"EntryPoint","urlTemplate":"https:\/\/luminairesgregoire.com\/en\/?s={search_term_string}"},"query-input":{"@type":"PropertyValueSpecification","valueRequired":true,"valueName":"search_term_string"}}],"inLanguage":"en-US"},{"@type":"Organization","@id":"https:\/\/luminairesgregoire.com\/en\/#organization","name":"Luminaires Paul Gr\u00e9goire","url":"https:\/\/luminairesgregoire.com\/en\/","logo":{"@type":"ImageObject","inLanguage":"en-US","@id":"https:\/\/luminairesgregoire.com\/en\/#\/schema\/logo\/image\/","url":"https:\/\/luminairesgregoire.com\/wp-content\/uploads\/2021\/05\/logo_CMYK-1-1.png","contentUrl":"https:\/\/luminairesgregoire.com\/wp-content\/uploads\/2021\/05\/logo_CMYK-1-1.png","width":350,"height":164,"caption":"Luminaires Paul Gr\u00e9goire"},"image":{"@id":"https:\/\/luminairesgregoire.com\/en\/#\/schema\/logo\/image\/"}}]}},"_links":{"self":[{"href":"https:\/\/luminairesgregoire.com\/en\/wp-json\/wp\/v2\/product\/38617","targetHints":{"allow":["GET"]}}],"collection":[{"href":"https:\/\/luminairesgregoire.com\/en\/wp-json\/wp\/v2\/product"}],"about":[{"href":"https:\/\/luminairesgregoire.com\/en\/wp-json\/wp\/v2\/types\/product"}],"wp:featuredmedia":[{"embeddable":true,"href":"https:\/\/luminairesgregoire.com\/en\/wp-json\/wp\/v2\/media\/39364"}],"wp:attachment":[{"href":"https:\/\/luminairesgregoire.com\/en\/wp-json\/wp\/v2\/media?parent=38617"}],"wp:term":[{"taxonomy":"product_brand","embeddable":true,"href":"https:\/\/luminairesgregoire.com\/en\/wp-json\/wp\/v2\/product_brand?post=38617"},{"taxonomy":"product_cat","embeddable":true,"href":"https:\/\/luminairesgregoire.com\/en\/wp-json\/wp\/v2\/product_cat?post=38617"},{"taxonomy":"product_tag","embeddable":true,"href":"https:\/\/luminairesgregoire.com\/en\/wp-json\/wp\/v2\/product_tag?post=38617"}],"curies":[{"name":"wp","href":"https:\/\/api.w.org\/{rel}","templated":true}]}}