{"id":38621,"date":"2026-04-22T02:14:57","date_gmt":"2026-04-22T06:14:57","guid":{"rendered":"https:\/\/luminairesgregoire.com\/?post_type=product&#038;p=38621"},"modified":"2026-05-05T10:10:18","modified_gmt":"2026-05-05T14:10:18","slug":"suspendu-simple-del-noir-dango-c82421ob","status":"publish","type":"product","link":"https:\/\/luminairesgregoire.com\/en\/product\/suspendu-simple-del-noir-dango-c82421ob\/","title":{"rendered":"SUSPENDU SIMPLE DEL NOIR- DANGO C82421OB"},"content":{"rendered":"<section class=\"text-token-text-primary w-full focus:outline-none [--shadow-height:45px] has-data-writing-block:pointer-events-none has-data-writing-block:-mt-(--shadow-height) has-data-writing-block:pt-(--shadow-height) [&amp;:has([data-writing-block])&gt;*]:pointer-events-auto [content-visibility:auto] supports-[content-visibility:auto]:[contain-intrinsic-size:auto_100lvh] R6Vx5W_threadScrollVars scroll-mb-[calc(var(--scroll-root-safe-area-inset-bottom,0px)+var(--thread-response-height))] scroll-mt-[calc(var(--header-height)+min(200px,max(70px,20svh)))]\" dir=\"auto\" data-turn-id=\"request-WEB:52bd419d-f9d3-4e31-9006-c7846a1f4529-8\" data-testid=\"conversation-turn-18\" data-scroll-anchor=\"false\" data-turn=\"assistant\">\n<div class=\"text-base my-auto mx-auto pb-10 [--thread-content-margin:var(--thread-content-margin-xs,calc(var(--spacing)*4))] @w-sm\/main:[--thread-content-margin:var(--thread-content-margin-sm,calc(var(--spacing)*6))] @w-lg\/main:[--thread-content-margin:var(--thread-content-margin-lg,calc(var(--spacing)*16))] px-(--thread-content-margin)\">\n<div class=\"[--thread-content-max-width:40rem] @w-lg\/main:[--thread-content-max-width:48rem] mx-auto max-w-(--thread-content-max-width) flex-1 group\/turn-messages focus-visible:outline-hidden relative flex w-full min-w-0 flex-col agent-turn\">\n<div class=\"flex max-w-full flex-col gap-4 grow\">\n<div class=\"min-h-8 text-message relative flex w-full flex-col items-end gap-2 text-start break-words whitespace-normal outline-none keyboard-focused:focus-ring [.text-message+&amp;]:mt-1\" dir=\"auto\" data-message-author-role=\"assistant\" data-message-id=\"9c8393e7-3d9a-4eae-92b6-1c35a5df22bb\" data-message-model-slug=\"gpt-5-3\" data-turn-start-message=\"true\">\n<div class=\"flex w-full flex-col gap-1 empty:hidden\">\n<div class=\"markdown prose dark:prose-invert w-full wrap-break-word light markdown-new-styling\">\n<p data-start=\"33\" data-end=\"433\" data-is-last-node=\"\" data-is-only-node=\"\"><strong data-start=\"33\" data-end=\"433\" data-is-last-node=\"\">Une collection unique de suspensions, Dango se compose de verres givr\u00e9s aux formes g\u00e9om\u00e9triques, rehauss\u00e9s de d\u00e9tails en fini rose oxyd\u00e9 ou noir oxyd\u00e9. Deux styles sont offerts : une version avec un seul type de verre ou une version avec un m\u00e9lange de verres. Des verres additionnels peuvent \u00eatre achet\u00e9s s\u00e9par\u00e9ment afin de cr\u00e9er un luminaire personnalis\u00e9 et unique. Disponible en quatre formats.<\/strong><\/p>\n<\/div>\n<\/div>\n<\/div>\n<\/div>\n<div class=\"z-0 flex min-h-[46px] justify-start\"><\/div>\n<div class=\"mt-3 w-full empty:hidden\">\n<div class=\"text-center\"><\/div>\n<\/div>\n<\/div>\n<\/div>\n<\/section>\n<div class=\"pointer-events-none -mt-px h-px translate-y-[calc(var(--scroll-root-safe-area-inset-bottom)-14*var(--spacing))]\" aria-hidden=\"true\"><\/div>\n","protected":false},"excerpt":{"rendered":"<p>Une collection unique de suspensions, Dango se compose de verres givr\u00e9s aux formes g\u00e9om\u00e9triques, rehauss\u00e9s de d\u00e9tails en fini rose oxyd\u00e9 ou noir oxyd\u00e9. Deux styles sont offerts : une version avec un seul type de verre ou une version avec un m\u00e9lange de verres. Des verres additionnels peuvent \u00eatre achet\u00e9s s\u00e9par\u00e9ment afin de cr\u00e9er [&hellip;]<\/p>\n","protected":false},"featured_media":39414,"template":"","meta":{"_acf_changed":false},"product_brand":[350],"product_cat":[5835,5845],"product_tag":[],"class_list":{"0":"post-38621","1":"product","2":"type-product","3":"status-publish","4":"has-post-thumbnail","6":"product_brand-matteo-modern","7":"product_cat-suspension","8":"product_cat-suspensions-simples","9":"pa_couleur-verre-blanc-opalin","10":"pa_diametre-6-3-8","11":"pa_finis-noir","12":"pa_garantie-5-ans","13":"pa_hauteur-120-max","14":"pa_kelvin-3000-k","15":"pa_lumens-1080-lm","16":"pa_types-dampoules-del-integre","17":"pa_watts-12-w","19":"first","20":"instock","21":"taxable","22":"shipping-taxable","23":"purchasable","24":"product-type-simple"},"acf":[],"yoast_head":"<!-- This site is optimized with the Yoast SEO plugin v27.4 - https:\/\/yoast.com\/product\/yoast-seo-wordpress\/ -->\n<title>SUSPENDU SIMPLE DEL NOIR- DANGO C82421OB - Luminaires Paul Gr\u00e9goire<\/title>\n<meta name=\"description\" content=\"SUSPENDU SIMPLE DEL NOIR- DANGO C82421OB - Discover our collection of designer lighting \u2014 pendants, lamps, and ceiling lights \u2014 to brighten every space with style and elegance.\" \/>\n<meta name=\"robots\" content=\"index, follow, max-snippet:-1, max-image-preview:large, max-video-preview:-1\" \/>\n<link rel=\"canonical\" href=\"https:\/\/luminairesgregoire.com\/en\/product\/suspendu-simple-del-noir-dango-c82421ob\/\" \/>\n<meta property=\"og:locale\" content=\"en_US\" \/>\n<meta property=\"og:type\" content=\"article\" \/>\n<meta property=\"og:title\" content=\"SUSPENDU SIMPLE DEL NOIR- DANGO C82421OB - Luminaires Paul Gr\u00e9goire\" \/>\n<meta property=\"og:description\" content=\"SUSPENDU SIMPLE DEL NOIR- DANGO C82421OB - Discover our collection of designer lighting \u2014 pendants, lamps, and ceiling lights \u2014 to brighten every space with style and elegance.\" \/>\n<meta property=\"og:url\" content=\"https:\/\/luminairesgregoire.com\/en\/product\/suspendu-simple-del-noir-dango-c82421ob\/\" \/>\n<meta property=\"og:site_name\" content=\"Luminaires Paul Gr\u00e9goire\" \/>\n<meta property=\"article:modified_time\" content=\"2026-05-05T14:10:18+00:00\" \/>\n<meta property=\"og:image\" content=\"https:\/\/luminairesgregoire.com\/wp-content\/uploads\/2026\/05\/Votre-texte-de-paragraphe-2026-05-04T160327.883.webp\" \/>\n\t<meta property=\"og:image:width\" content=\"850\" \/>\n\t<meta property=\"og:image:height\" content=\"850\" \/>\n\t<meta property=\"og:image:type\" content=\"image\/jpeg\" \/>\n<meta name=\"twitter:card\" content=\"summary_large_image\" \/>\n<meta name=\"twitter:label1\" content=\"Est. reading time\" \/>\n\t<meta name=\"twitter:data1\" content=\"1 minute\" \/>\n<script type=\"application\/ld+json\" class=\"yoast-schema-graph\">{\"@context\":\"https:\\\/\\\/schema.org\",\"@graph\":[{\"@type\":\"WebPage\",\"@id\":\"https:\\\/\\\/luminairesgregoire.com\\\/en\\\/product\\\/suspendu-simple-del-noir-dango-c82421ob\\\/\",\"url\":\"https:\\\/\\\/luminairesgregoire.com\\\/en\\\/product\\\/suspendu-simple-del-noir-dango-c82421ob\\\/\",\"name\":\"SUSPENDU SIMPLE DEL NOIR- DANGO C82421OB - Luminaires Paul Gr\u00e9goire\",\"isPartOf\":{\"@id\":\"https:\\\/\\\/luminairesgregoire.com\\\/en\\\/#website\"},\"primaryImageOfPage\":{\"@id\":\"https:\\\/\\\/luminairesgregoire.com\\\/en\\\/product\\\/suspendu-simple-del-noir-dango-c82421ob\\\/#primaryimage\"},\"image\":{\"@id\":\"https:\\\/\\\/luminairesgregoire.com\\\/en\\\/product\\\/suspendu-simple-del-noir-dango-c82421ob\\\/#primaryimage\"},\"thumbnailUrl\":\"https:\\\/\\\/luminairesgregoire.com\\\/wp-content\\\/uploads\\\/2026\\\/05\\\/Votre-texte-de-paragraphe-2026-05-04T160327.883.webp\",\"datePublished\":\"2026-04-22T06:14:57+00:00\",\"dateModified\":\"2026-05-05T14:10:18+00:00\",\"description\":\"SUSPENDU SIMPLE DEL NOIR- DANGO C82421OB - Discover our collection of designer lighting \u2014 pendants, lamps, and ceiling lights \u2014 to brighten every space with style and elegance.\",\"breadcrumb\":{\"@id\":\"https:\\\/\\\/luminairesgregoire.com\\\/en\\\/product\\\/suspendu-simple-del-noir-dango-c82421ob\\\/#breadcrumb\"},\"inLanguage\":\"en-US\",\"potentialAction\":[{\"@type\":\"ReadAction\",\"target\":[\"https:\\\/\\\/luminairesgregoire.com\\\/en\\\/product\\\/suspendu-simple-del-noir-dango-c82421ob\\\/\"]}]},{\"@type\":\"ImageObject\",\"inLanguage\":\"en-US\",\"@id\":\"https:\\\/\\\/luminairesgregoire.com\\\/en\\\/product\\\/suspendu-simple-del-noir-dango-c82421ob\\\/#primaryimage\",\"url\":\"https:\\\/\\\/luminairesgregoire.com\\\/wp-content\\\/uploads\\\/2026\\\/05\\\/Votre-texte-de-paragraphe-2026-05-04T160327.883.webp\",\"contentUrl\":\"https:\\\/\\\/luminairesgregoire.com\\\/wp-content\\\/uploads\\\/2026\\\/05\\\/Votre-texte-de-paragraphe-2026-05-04T160327.883.webp\",\"width\":850,\"height\":850,\"caption\":\"SUSPENDU SIMPLE DEL NOIR- DANGO C82421OB\"},{\"@type\":\"BreadcrumbList\",\"@id\":\"https:\\\/\\\/luminairesgregoire.com\\\/en\\\/product\\\/suspendu-simple-del-noir-dango-c82421ob\\\/#breadcrumb\",\"itemListElement\":[{\"@type\":\"ListItem\",\"position\":1,\"name\":\"Home\",\"item\":\"https:\\\/\\\/luminairesgregoire.com\\\/en\\\/\"},{\"@type\":\"ListItem\",\"position\":2,\"name\":\"Store\",\"item\":\"https:\\\/\\\/luminairesgregoire.com\\\/en\\\/products\\\/\"},{\"@type\":\"ListItem\",\"position\":3,\"name\":\"SUSPENDU SIMPLE DEL NOIR- DANGO C82421OB\"}]},{\"@type\":\"WebSite\",\"@id\":\"https:\\\/\\\/luminairesgregoire.com\\\/en\\\/#website\",\"url\":\"https:\\\/\\\/luminairesgregoire.com\\\/en\\\/\",\"name\":\"Luminaires Paul Gr\u00e9goire\",\"description\":\"\",\"publisher\":{\"@id\":\"https:\\\/\\\/luminairesgregoire.com\\\/en\\\/#organization\"},\"potentialAction\":[{\"@type\":\"SearchAction\",\"target\":{\"@type\":\"EntryPoint\",\"urlTemplate\":\"https:\\\/\\\/luminairesgregoire.com\\\/en\\\/?s={search_term_string}\"},\"query-input\":{\"@type\":\"PropertyValueSpecification\",\"valueRequired\":true,\"valueName\":\"search_term_string\"}}],\"inLanguage\":\"en-US\"},{\"@type\":\"Organization\",\"@id\":\"https:\\\/\\\/luminairesgregoire.com\\\/en\\\/#organization\",\"name\":\"Luminaires Paul Gr\u00e9goire\",\"url\":\"https:\\\/\\\/luminairesgregoire.com\\\/en\\\/\",\"logo\":{\"@type\":\"ImageObject\",\"inLanguage\":\"en-US\",\"@id\":\"https:\\\/\\\/luminairesgregoire.com\\\/en\\\/#\\\/schema\\\/logo\\\/image\\\/\",\"url\":\"https:\\\/\\\/luminairesgregoire.com\\\/wp-content\\\/uploads\\\/2021\\\/05\\\/logo_CMYK-1-1.png\",\"contentUrl\":\"https:\\\/\\\/luminairesgregoire.com\\\/wp-content\\\/uploads\\\/2021\\\/05\\\/logo_CMYK-1-1.png\",\"width\":350,\"height\":164,\"caption\":\"Luminaires Paul Gr\u00e9goire\"},\"image\":{\"@id\":\"https:\\\/\\\/luminairesgregoire.com\\\/en\\\/#\\\/schema\\\/logo\\\/image\\\/\"}}]}<\/script>\n<!-- \/ Yoast SEO plugin. -->","yoast_head_json":{"title":"SUSPENDU SIMPLE DEL NOIR- DANGO C82421OB - Luminaires Paul Gr\u00e9goire","description":"SUSPENDU SIMPLE DEL NOIR- DANGO C82421OB - Discover our collection of designer lighting \u2014 pendants, lamps, and ceiling lights \u2014 to brighten every space with style and elegance.","robots":{"index":"index","follow":"follow","max-snippet":"max-snippet:-1","max-image-preview":"max-image-preview:large","max-video-preview":"max-video-preview:-1"},"canonical":"https:\/\/luminairesgregoire.com\/en\/product\/suspendu-simple-del-noir-dango-c82421ob\/","og_locale":"en_US","og_type":"article","og_title":"SUSPENDU SIMPLE DEL NOIR- DANGO C82421OB - Luminaires Paul Gr\u00e9goire","og_description":"SUSPENDU SIMPLE DEL NOIR- DANGO C82421OB - Discover our collection of designer lighting \u2014 pendants, lamps, and ceiling lights \u2014 to brighten every space with style and elegance.","og_url":"https:\/\/luminairesgregoire.com\/en\/product\/suspendu-simple-del-noir-dango-c82421ob\/","og_site_name":"Luminaires Paul Gr\u00e9goire","article_modified_time":"2026-05-05T14:10:18+00:00","og_image":[{"width":850,"height":850,"url":"https:\/\/luminairesgregoire.com\/wp-content\/uploads\/2026\/05\/Votre-texte-de-paragraphe-2026-05-04T160327.883.webp","type":"image\/jpeg"}],"twitter_card":"summary_large_image","twitter_misc":{"Est. reading time":"1 minute"},"schema":{"@context":"https:\/\/schema.org","@graph":[{"@type":"WebPage","@id":"https:\/\/luminairesgregoire.com\/en\/product\/suspendu-simple-del-noir-dango-c82421ob\/","url":"https:\/\/luminairesgregoire.com\/en\/product\/suspendu-simple-del-noir-dango-c82421ob\/","name":"SUSPENDU SIMPLE DEL NOIR- DANGO C82421OB - Luminaires Paul Gr\u00e9goire","isPartOf":{"@id":"https:\/\/luminairesgregoire.com\/en\/#website"},"primaryImageOfPage":{"@id":"https:\/\/luminairesgregoire.com\/en\/product\/suspendu-simple-del-noir-dango-c82421ob\/#primaryimage"},"image":{"@id":"https:\/\/luminairesgregoire.com\/en\/product\/suspendu-simple-del-noir-dango-c82421ob\/#primaryimage"},"thumbnailUrl":"https:\/\/luminairesgregoire.com\/wp-content\/uploads\/2026\/05\/Votre-texte-de-paragraphe-2026-05-04T160327.883.webp","datePublished":"2026-04-22T06:14:57+00:00","dateModified":"2026-05-05T14:10:18+00:00","description":"SUSPENDU SIMPLE DEL NOIR- DANGO C82421OB - Discover our collection of designer lighting \u2014 pendants, lamps, and ceiling lights \u2014 to brighten every space with style and elegance.","breadcrumb":{"@id":"https:\/\/luminairesgregoire.com\/en\/product\/suspendu-simple-del-noir-dango-c82421ob\/#breadcrumb"},"inLanguage":"en-US","potentialAction":[{"@type":"ReadAction","target":["https:\/\/luminairesgregoire.com\/en\/product\/suspendu-simple-del-noir-dango-c82421ob\/"]}]},{"@type":"ImageObject","inLanguage":"en-US","@id":"https:\/\/luminairesgregoire.com\/en\/product\/suspendu-simple-del-noir-dango-c82421ob\/#primaryimage","url":"https:\/\/luminairesgregoire.com\/wp-content\/uploads\/2026\/05\/Votre-texte-de-paragraphe-2026-05-04T160327.883.webp","contentUrl":"https:\/\/luminairesgregoire.com\/wp-content\/uploads\/2026\/05\/Votre-texte-de-paragraphe-2026-05-04T160327.883.webp","width":850,"height":850,"caption":"SUSPENDU SIMPLE DEL NOIR- DANGO C82421OB"},{"@type":"BreadcrumbList","@id":"https:\/\/luminairesgregoire.com\/en\/product\/suspendu-simple-del-noir-dango-c82421ob\/#breadcrumb","itemListElement":[{"@type":"ListItem","position":1,"name":"Home","item":"https:\/\/luminairesgregoire.com\/en\/"},{"@type":"ListItem","position":2,"name":"Store","item":"https:\/\/luminairesgregoire.com\/en\/products\/"},{"@type":"ListItem","position":3,"name":"SUSPENDU SIMPLE DEL NOIR- DANGO C82421OB"}]},{"@type":"WebSite","@id":"https:\/\/luminairesgregoire.com\/en\/#website","url":"https:\/\/luminairesgregoire.com\/en\/","name":"Luminaires Paul Gr\u00e9goire","description":"","publisher":{"@id":"https:\/\/luminairesgregoire.com\/en\/#organization"},"potentialAction":[{"@type":"SearchAction","target":{"@type":"EntryPoint","urlTemplate":"https:\/\/luminairesgregoire.com\/en\/?s={search_term_string}"},"query-input":{"@type":"PropertyValueSpecification","valueRequired":true,"valueName":"search_term_string"}}],"inLanguage":"en-US"},{"@type":"Organization","@id":"https:\/\/luminairesgregoire.com\/en\/#organization","name":"Luminaires Paul Gr\u00e9goire","url":"https:\/\/luminairesgregoire.com\/en\/","logo":{"@type":"ImageObject","inLanguage":"en-US","@id":"https:\/\/luminairesgregoire.com\/en\/#\/schema\/logo\/image\/","url":"https:\/\/luminairesgregoire.com\/wp-content\/uploads\/2021\/05\/logo_CMYK-1-1.png","contentUrl":"https:\/\/luminairesgregoire.com\/wp-content\/uploads\/2021\/05\/logo_CMYK-1-1.png","width":350,"height":164,"caption":"Luminaires Paul Gr\u00e9goire"},"image":{"@id":"https:\/\/luminairesgregoire.com\/en\/#\/schema\/logo\/image\/"}}]}},"_links":{"self":[{"href":"https:\/\/luminairesgregoire.com\/en\/wp-json\/wp\/v2\/product\/38621","targetHints":{"allow":["GET"]}}],"collection":[{"href":"https:\/\/luminairesgregoire.com\/en\/wp-json\/wp\/v2\/product"}],"about":[{"href":"https:\/\/luminairesgregoire.com\/en\/wp-json\/wp\/v2\/types\/product"}],"wp:featuredmedia":[{"embeddable":true,"href":"https:\/\/luminairesgregoire.com\/en\/wp-json\/wp\/v2\/media\/39414"}],"wp:attachment":[{"href":"https:\/\/luminairesgregoire.com\/en\/wp-json\/wp\/v2\/media?parent=38621"}],"wp:term":[{"taxonomy":"product_brand","embeddable":true,"href":"https:\/\/luminairesgregoire.com\/en\/wp-json\/wp\/v2\/product_brand?post=38621"},{"taxonomy":"product_cat","embeddable":true,"href":"https:\/\/luminairesgregoire.com\/en\/wp-json\/wp\/v2\/product_cat?post=38621"},{"taxonomy":"product_tag","embeddable":true,"href":"https:\/\/luminairesgregoire.com\/en\/wp-json\/wp\/v2\/product_tag?post=38621"}],"curies":[{"name":"wp","href":"https:\/\/api.w.org\/{rel}","templated":true}]}}