{"id":38623,"date":"2026-04-22T02:24:10","date_gmt":"2026-04-22T06:24:10","guid":{"rendered":"https:\/\/luminairesgregoire.com\/?post_type=product&#038;p=38623"},"modified":"2026-05-06T04:49:53","modified_gmt":"2026-05-06T08:49:53","slug":"encastre-exterieur-mural-del-noir-dawn-e20303mb","status":"publish","type":"product","link":"https:\/\/luminairesgregoire.com\/en\/product\/encastre-exterieur-mural-del-noir-dawn-e20303mb\/","title":{"rendered":"ENCASTR\u00c9 EXT\u00c9RIEUR MURAL DEL NOIR- DAWN E20303MB"},"content":{"rendered":"<p>Ce luminaire Hi-Lumen convient parfaitement aux poteaux ou colonnes \u00e9troits, tandis que la version horizontale est id\u00e9ale pour les murs plus larges ou les marches d\u2019escalier plus profondes. Offert en fini noir mat.<\/p>\n<p>&nbsp;<\/p>\n<p>****Utiliser une bo\u00eete de jonction plus profonde (minimum 2 3\/4 po) pour les raccordements comportant plus d\u2019un fil.<\/p>\n","protected":false},"excerpt":{"rendered":"<p>Ce luminaire Hi-Lumen convient parfaitement aux poteaux ou colonnes \u00e9troits, tandis que la version horizontale est id\u00e9ale pour les murs plus larges ou les marches d\u2019escalier plus profondes. Offert en fini noir mat. &nbsp; ****Utiliser une bo\u00eete de jonction plus profonde (minimum 2 3\/4 po) pour les raccordements comportant plus d\u2019un fil.<\/p>\n","protected":false},"featured_media":39426,"template":"","meta":{"_acf_changed":false},"product_brand":[7079],"product_cat":[5891,6356,5890],"product_tag":[],"class_list":{"0":"post-38623","1":"product","2":"type-product","3":"status-publish","4":"has-post-thumbnail","6":"product_brand-matteo-modern","7":"product_cat-outdoor-lighting","8":"product_cat-step-lights","9":"product_cat-recessed-lights","10":"pa_extension-3-4","11":"pa_finis-black","12":"pa_hauteur-7484","13":"pa_kelvin-3-cct-2700k-3000k-4000k","14":"pa_largeur-8251","15":"pa_types-dampoules-led-integrated","16":"pa_watts-3-w","18":"first","19":"instock","20":"taxable","21":"shipping-taxable","22":"purchasable","23":"product-type-simple"},"acf":[],"yoast_head":"<!-- This site is optimized with the Yoast SEO plugin v27.4 - https:\/\/yoast.com\/product\/yoast-seo-wordpress\/ -->\n<title>ENCASTR\u00c9 EXT\u00c9RIEUR MURAL DEL NOIR- DAWN E20303MB - Luminaires Paul Gr\u00e9goire<\/title>\n<meta name=\"description\" content=\"ENCASTR\u00c9 EXT\u00c9RIEUR MURAL DEL NOIR- DAWN E20303MB - Discover our collection of designer lighting \u2014 pendants, lamps, and ceiling lights \u2014 to brighten every space with style and elegance.\" \/>\n<meta name=\"robots\" content=\"index, follow, max-snippet:-1, max-image-preview:large, max-video-preview:-1\" \/>\n<link rel=\"canonical\" href=\"https:\/\/luminairesgregoire.com\/en\/product\/encastre-exterieur-mural-del-noir-dawn-e20303mb\/\" \/>\n<meta property=\"og:locale\" content=\"en_US\" \/>\n<meta property=\"og:type\" content=\"article\" \/>\n<meta property=\"og:title\" content=\"ENCASTR\u00c9 EXT\u00c9RIEUR MURAL DEL NOIR- DAWN E20303MB - Luminaires Paul Gr\u00e9goire\" \/>\n<meta property=\"og:description\" content=\"ENCASTR\u00c9 EXT\u00c9RIEUR MURAL DEL NOIR- DAWN E20303MB - Discover our collection of designer lighting \u2014 pendants, lamps, and ceiling lights \u2014 to brighten every space with style and elegance.\" \/>\n<meta property=\"og:url\" content=\"https:\/\/luminairesgregoire.com\/en\/product\/encastre-exterieur-mural-del-noir-dawn-e20303mb\/\" \/>\n<meta property=\"og:site_name\" content=\"Luminaires Paul Gr\u00e9goire\" \/>\n<meta property=\"article:modified_time\" content=\"2026-05-06T08:49:53+00:00\" \/>\n<meta property=\"og:image\" content=\"https:\/\/luminairesgregoire.com\/wp-content\/uploads\/2026\/05\/Votre-texte-de-paragraphe-2026-05-05T121803.949.webp\" \/>\n\t<meta property=\"og:image:width\" content=\"850\" \/>\n\t<meta property=\"og:image:height\" content=\"850\" \/>\n\t<meta property=\"og:image:type\" content=\"image\/jpeg\" \/>\n<meta name=\"twitter:card\" content=\"summary_large_image\" \/>\n<meta name=\"twitter:label1\" content=\"Est. reading time\" \/>\n\t<meta name=\"twitter:data1\" content=\"1 minute\" \/>\n<script type=\"application\/ld+json\" class=\"yoast-schema-graph\">{\"@context\":\"https:\\\/\\\/schema.org\",\"@graph\":[{\"@type\":\"WebPage\",\"@id\":\"https:\\\/\\\/luminairesgregoire.com\\\/en\\\/product\\\/encastre-exterieur-mural-del-noir-dawn-e20303mb\\\/\",\"url\":\"https:\\\/\\\/luminairesgregoire.com\\\/en\\\/product\\\/encastre-exterieur-mural-del-noir-dawn-e20303mb\\\/\",\"name\":\"ENCASTR\u00c9 EXT\u00c9RIEUR MURAL DEL NOIR- DAWN E20303MB - Luminaires Paul Gr\u00e9goire\",\"isPartOf\":{\"@id\":\"https:\\\/\\\/luminairesgregoire.com\\\/en\\\/#website\"},\"primaryImageOfPage\":{\"@id\":\"https:\\\/\\\/luminairesgregoire.com\\\/en\\\/product\\\/encastre-exterieur-mural-del-noir-dawn-e20303mb\\\/#primaryimage\"},\"image\":{\"@id\":\"https:\\\/\\\/luminairesgregoire.com\\\/en\\\/product\\\/encastre-exterieur-mural-del-noir-dawn-e20303mb\\\/#primaryimage\"},\"thumbnailUrl\":\"https:\\\/\\\/luminairesgregoire.com\\\/wp-content\\\/uploads\\\/2026\\\/05\\\/Votre-texte-de-paragraphe-2026-05-05T121803.949.webp\",\"datePublished\":\"2026-04-22T06:24:10+00:00\",\"dateModified\":\"2026-05-06T08:49:53+00:00\",\"description\":\"ENCASTR\u00c9 EXT\u00c9RIEUR MURAL DEL NOIR- DAWN E20303MB - Discover our collection of designer lighting \u2014 pendants, lamps, and ceiling lights \u2014 to brighten every space with style and elegance.\",\"breadcrumb\":{\"@id\":\"https:\\\/\\\/luminairesgregoire.com\\\/en\\\/product\\\/encastre-exterieur-mural-del-noir-dawn-e20303mb\\\/#breadcrumb\"},\"inLanguage\":\"en-US\",\"potentialAction\":[{\"@type\":\"ReadAction\",\"target\":[\"https:\\\/\\\/luminairesgregoire.com\\\/en\\\/product\\\/encastre-exterieur-mural-del-noir-dawn-e20303mb\\\/\"]}]},{\"@type\":\"ImageObject\",\"inLanguage\":\"en-US\",\"@id\":\"https:\\\/\\\/luminairesgregoire.com\\\/en\\\/product\\\/encastre-exterieur-mural-del-noir-dawn-e20303mb\\\/#primaryimage\",\"url\":\"https:\\\/\\\/luminairesgregoire.com\\\/wp-content\\\/uploads\\\/2026\\\/05\\\/Votre-texte-de-paragraphe-2026-05-05T121803.949.webp\",\"contentUrl\":\"https:\\\/\\\/luminairesgregoire.com\\\/wp-content\\\/uploads\\\/2026\\\/05\\\/Votre-texte-de-paragraphe-2026-05-05T121803.949.webp\",\"width\":850,\"height\":850,\"caption\":\"ENCASTR\u00c9 EXT\u00c9RIEUR MURAL DEL NOIR- DAWN E20303MB\"},{\"@type\":\"BreadcrumbList\",\"@id\":\"https:\\\/\\\/luminairesgregoire.com\\\/en\\\/product\\\/encastre-exterieur-mural-del-noir-dawn-e20303mb\\\/#breadcrumb\",\"itemListElement\":[{\"@type\":\"ListItem\",\"position\":1,\"name\":\"Home\",\"item\":\"https:\\\/\\\/luminairesgregoire.com\\\/en\\\/\"},{\"@type\":\"ListItem\",\"position\":2,\"name\":\"Store\",\"item\":\"https:\\\/\\\/luminairesgregoire.com\\\/en\\\/products\\\/\"},{\"@type\":\"ListItem\",\"position\":3,\"name\":\"ENCASTR\u00c9 EXT\u00c9RIEUR MURAL DEL NOIR- DAWN E20303MB\"}]},{\"@type\":\"WebSite\",\"@id\":\"https:\\\/\\\/luminairesgregoire.com\\\/en\\\/#website\",\"url\":\"https:\\\/\\\/luminairesgregoire.com\\\/en\\\/\",\"name\":\"Luminaires Paul Gr\u00e9goire\",\"description\":\"\",\"publisher\":{\"@id\":\"https:\\\/\\\/luminairesgregoire.com\\\/en\\\/#organization\"},\"potentialAction\":[{\"@type\":\"SearchAction\",\"target\":{\"@type\":\"EntryPoint\",\"urlTemplate\":\"https:\\\/\\\/luminairesgregoire.com\\\/en\\\/?s={search_term_string}\"},\"query-input\":{\"@type\":\"PropertyValueSpecification\",\"valueRequired\":true,\"valueName\":\"search_term_string\"}}],\"inLanguage\":\"en-US\"},{\"@type\":\"Organization\",\"@id\":\"https:\\\/\\\/luminairesgregoire.com\\\/en\\\/#organization\",\"name\":\"Luminaires Paul Gr\u00e9goire\",\"url\":\"https:\\\/\\\/luminairesgregoire.com\\\/en\\\/\",\"logo\":{\"@type\":\"ImageObject\",\"inLanguage\":\"en-US\",\"@id\":\"https:\\\/\\\/luminairesgregoire.com\\\/en\\\/#\\\/schema\\\/logo\\\/image\\\/\",\"url\":\"https:\\\/\\\/luminairesgregoire.com\\\/wp-content\\\/uploads\\\/2021\\\/05\\\/logo_CMYK-1-1.png\",\"contentUrl\":\"https:\\\/\\\/luminairesgregoire.com\\\/wp-content\\\/uploads\\\/2021\\\/05\\\/logo_CMYK-1-1.png\",\"width\":350,\"height\":164,\"caption\":\"Luminaires Paul Gr\u00e9goire\"},\"image\":{\"@id\":\"https:\\\/\\\/luminairesgregoire.com\\\/en\\\/#\\\/schema\\\/logo\\\/image\\\/\"}}]}<\/script>\n<!-- \/ Yoast SEO plugin. -->","yoast_head_json":{"title":"ENCASTR\u00c9 EXT\u00c9RIEUR MURAL DEL NOIR- DAWN E20303MB - Luminaires Paul Gr\u00e9goire","description":"ENCASTR\u00c9 EXT\u00c9RIEUR MURAL DEL NOIR- DAWN E20303MB - Discover our collection of designer lighting \u2014 pendants, lamps, and ceiling lights \u2014 to brighten every space with style and elegance.","robots":{"index":"index","follow":"follow","max-snippet":"max-snippet:-1","max-image-preview":"max-image-preview:large","max-video-preview":"max-video-preview:-1"},"canonical":"https:\/\/luminairesgregoire.com\/en\/product\/encastre-exterieur-mural-del-noir-dawn-e20303mb\/","og_locale":"en_US","og_type":"article","og_title":"ENCASTR\u00c9 EXT\u00c9RIEUR MURAL DEL NOIR- DAWN E20303MB - Luminaires Paul Gr\u00e9goire","og_description":"ENCASTR\u00c9 EXT\u00c9RIEUR MURAL DEL NOIR- DAWN E20303MB - Discover our collection of designer lighting \u2014 pendants, lamps, and ceiling lights \u2014 to brighten every space with style and elegance.","og_url":"https:\/\/luminairesgregoire.com\/en\/product\/encastre-exterieur-mural-del-noir-dawn-e20303mb\/","og_site_name":"Luminaires Paul Gr\u00e9goire","article_modified_time":"2026-05-06T08:49:53+00:00","og_image":[{"width":850,"height":850,"url":"https:\/\/luminairesgregoire.com\/wp-content\/uploads\/2026\/05\/Votre-texte-de-paragraphe-2026-05-05T121803.949.webp","type":"image\/jpeg"}],"twitter_card":"summary_large_image","twitter_misc":{"Est. reading time":"1 minute"},"schema":{"@context":"https:\/\/schema.org","@graph":[{"@type":"WebPage","@id":"https:\/\/luminairesgregoire.com\/en\/product\/encastre-exterieur-mural-del-noir-dawn-e20303mb\/","url":"https:\/\/luminairesgregoire.com\/en\/product\/encastre-exterieur-mural-del-noir-dawn-e20303mb\/","name":"ENCASTR\u00c9 EXT\u00c9RIEUR MURAL DEL NOIR- DAWN E20303MB - Luminaires Paul Gr\u00e9goire","isPartOf":{"@id":"https:\/\/luminairesgregoire.com\/en\/#website"},"primaryImageOfPage":{"@id":"https:\/\/luminairesgregoire.com\/en\/product\/encastre-exterieur-mural-del-noir-dawn-e20303mb\/#primaryimage"},"image":{"@id":"https:\/\/luminairesgregoire.com\/en\/product\/encastre-exterieur-mural-del-noir-dawn-e20303mb\/#primaryimage"},"thumbnailUrl":"https:\/\/luminairesgregoire.com\/wp-content\/uploads\/2026\/05\/Votre-texte-de-paragraphe-2026-05-05T121803.949.webp","datePublished":"2026-04-22T06:24:10+00:00","dateModified":"2026-05-06T08:49:53+00:00","description":"ENCASTR\u00c9 EXT\u00c9RIEUR MURAL DEL NOIR- DAWN E20303MB - Discover our collection of designer lighting \u2014 pendants, lamps, and ceiling lights \u2014 to brighten every space with style and elegance.","breadcrumb":{"@id":"https:\/\/luminairesgregoire.com\/en\/product\/encastre-exterieur-mural-del-noir-dawn-e20303mb\/#breadcrumb"},"inLanguage":"en-US","potentialAction":[{"@type":"ReadAction","target":["https:\/\/luminairesgregoire.com\/en\/product\/encastre-exterieur-mural-del-noir-dawn-e20303mb\/"]}]},{"@type":"ImageObject","inLanguage":"en-US","@id":"https:\/\/luminairesgregoire.com\/en\/product\/encastre-exterieur-mural-del-noir-dawn-e20303mb\/#primaryimage","url":"https:\/\/luminairesgregoire.com\/wp-content\/uploads\/2026\/05\/Votre-texte-de-paragraphe-2026-05-05T121803.949.webp","contentUrl":"https:\/\/luminairesgregoire.com\/wp-content\/uploads\/2026\/05\/Votre-texte-de-paragraphe-2026-05-05T121803.949.webp","width":850,"height":850,"caption":"ENCASTR\u00c9 EXT\u00c9RIEUR MURAL DEL NOIR- DAWN E20303MB"},{"@type":"BreadcrumbList","@id":"https:\/\/luminairesgregoire.com\/en\/product\/encastre-exterieur-mural-del-noir-dawn-e20303mb\/#breadcrumb","itemListElement":[{"@type":"ListItem","position":1,"name":"Home","item":"https:\/\/luminairesgregoire.com\/en\/"},{"@type":"ListItem","position":2,"name":"Store","item":"https:\/\/luminairesgregoire.com\/en\/products\/"},{"@type":"ListItem","position":3,"name":"ENCASTR\u00c9 EXT\u00c9RIEUR MURAL DEL NOIR- DAWN E20303MB"}]},{"@type":"WebSite","@id":"https:\/\/luminairesgregoire.com\/en\/#website","url":"https:\/\/luminairesgregoire.com\/en\/","name":"Luminaires Paul Gr\u00e9goire","description":"","publisher":{"@id":"https:\/\/luminairesgregoire.com\/en\/#organization"},"potentialAction":[{"@type":"SearchAction","target":{"@type":"EntryPoint","urlTemplate":"https:\/\/luminairesgregoire.com\/en\/?s={search_term_string}"},"query-input":{"@type":"PropertyValueSpecification","valueRequired":true,"valueName":"search_term_string"}}],"inLanguage":"en-US"},{"@type":"Organization","@id":"https:\/\/luminairesgregoire.com\/en\/#organization","name":"Luminaires Paul Gr\u00e9goire","url":"https:\/\/luminairesgregoire.com\/en\/","logo":{"@type":"ImageObject","inLanguage":"en-US","@id":"https:\/\/luminairesgregoire.com\/en\/#\/schema\/logo\/image\/","url":"https:\/\/luminairesgregoire.com\/wp-content\/uploads\/2021\/05\/logo_CMYK-1-1.png","contentUrl":"https:\/\/luminairesgregoire.com\/wp-content\/uploads\/2021\/05\/logo_CMYK-1-1.png","width":350,"height":164,"caption":"Luminaires Paul Gr\u00e9goire"},"image":{"@id":"https:\/\/luminairesgregoire.com\/en\/#\/schema\/logo\/image\/"}}]}},"_links":{"self":[{"href":"https:\/\/luminairesgregoire.com\/en\/wp-json\/wp\/v2\/product\/38623","targetHints":{"allow":["GET"]}}],"collection":[{"href":"https:\/\/luminairesgregoire.com\/en\/wp-json\/wp\/v2\/product"}],"about":[{"href":"https:\/\/luminairesgregoire.com\/en\/wp-json\/wp\/v2\/types\/product"}],"wp:featuredmedia":[{"embeddable":true,"href":"https:\/\/luminairesgregoire.com\/en\/wp-json\/wp\/v2\/media\/39426"}],"wp:attachment":[{"href":"https:\/\/luminairesgregoire.com\/en\/wp-json\/wp\/v2\/media?parent=38623"}],"wp:term":[{"taxonomy":"product_brand","embeddable":true,"href":"https:\/\/luminairesgregoire.com\/en\/wp-json\/wp\/v2\/product_brand?post=38623"},{"taxonomy":"product_cat","embeddable":true,"href":"https:\/\/luminairesgregoire.com\/en\/wp-json\/wp\/v2\/product_cat?post=38623"},{"taxonomy":"product_tag","embeddable":true,"href":"https:\/\/luminairesgregoire.com\/en\/wp-json\/wp\/v2\/product_tag?post=38623"}],"curies":[{"name":"wp","href":"https:\/\/api.w.org\/{rel}","templated":true}]}}