{"id":38630,"date":"2026-04-22T02:35:08","date_gmt":"2026-04-22T06:35:08","guid":{"rendered":"https:\/\/luminairesgregoire.com\/?post_type=product&#038;p=38630"},"modified":"2026-05-07T05:04:52","modified_gmt":"2026-05-07T09:04:52","slug":"suspendu-rotin-naturel-et-champagne-bekah-52729cpz","status":"publish","type":"product","link":"https:\/\/luminairesgregoire.com\/en\/product\/suspendu-rotin-naturel-et-champagne-bekah-52729cpz\/","title":{"rendered":"SUSPENDU ROTIN NATUREL ET CHAMPAGNE- BEKAH 52729CPZ"},"content":{"rendered":"<p>Cr\u00e9ez une ambiance organique et chaleureuse dans votre espace avec le suspendu convertible Bekah. Fabriqu\u00e9 \u00e0 la main par des artisans \u00e0 l\u2019aide de techniques de tissage traditionnel et de mat\u00e9riaux naturels, chaque luminaire est unique. Son abat-jour en rotin et son diffuseur en verre opale filtrent la lumi\u00e8re pour cr\u00e9er une douce lueur chaleureuse.<\/p>\n","protected":false},"excerpt":{"rendered":"<p>Cr\u00e9ez une ambiance organique et chaleureuse dans votre espace avec le suspendu convertible Bekah. Fabriqu\u00e9 \u00e0 la main par des artisans \u00e0 l\u2019aide de techniques de tissage traditionnel et de mat\u00e9riaux naturels, chaque luminaire est unique. Son abat-jour en rotin et son diffuseur en verre opale filtrent la lumi\u00e8re pour cr\u00e9er une douce lueur chaleureuse.<\/p>\n","protected":false},"featured_media":39558,"template":"","meta":{"_acf_changed":false},"product_brand":[6049],"product_cat":[5841,5835,5839],"product_tag":[],"class_list":{"0":"post-38630","1":"product","2":"type-product","3":"status-publish","4":"has-post-thumbnail","6":"product_brand-kichler","7":"product_cat-semi-plafonniers","8":"product_cat-suspension","9":"product_cat-suspension-suspension","10":"pa_ampoules-incluses-non","11":"pa_diametre-2679","12":"pa_finis-rotin-naturel","13":"pa_formes-dampoules-a19","14":"pa_hauteur-48-25","15":"pa_nombre-dampoules-6417","16":"pa_types-dampoules-incandescente","17":"pa_watts-60-w","19":"first","20":"instock","21":"taxable","22":"shipping-taxable","23":"purchasable","24":"product-type-simple"},"acf":[],"yoast_head":"<!-- This site is optimized with the Yoast SEO plugin v27.4 - https:\/\/yoast.com\/product\/yoast-seo-wordpress\/ -->\n<title>SUSPENDU ROTIN NATUREL ET CHAMPAGNE- BEKAH 52729CPZ<\/title>\n<meta name=\"description\" content=\"SUSPENDU ROTIN NATUREL ET CHAMPAGNE- BEKAH 52729CPZ - Discover our collection of designer lighting \u2014 pendants, lamps, and ceiling lights \u2014 to brighten every space with style and elegance.\" \/>\n<meta name=\"robots\" content=\"index, follow, max-snippet:-1, max-image-preview:large, max-video-preview:-1\" \/>\n<link rel=\"canonical\" href=\"https:\/\/luminairesgregoire.com\/en\/product\/suspendu-rotin-naturel-et-champagne-bekah-52729cpz\/\" \/>\n<meta property=\"og:locale\" content=\"en_US\" \/>\n<meta property=\"og:type\" content=\"article\" \/>\n<meta property=\"og:title\" content=\"SUSPENDU ROTIN NATUREL ET CHAMPAGNE- BEKAH 52729CPZ\" \/>\n<meta property=\"og:description\" content=\"SUSPENDU ROTIN NATUREL ET CHAMPAGNE- BEKAH 52729CPZ - Discover our collection of designer lighting \u2014 pendants, lamps, and ceiling lights \u2014 to brighten every space with style and elegance.\" \/>\n<meta property=\"og:url\" content=\"https:\/\/luminairesgregoire.com\/en\/product\/suspendu-rotin-naturel-et-champagne-bekah-52729cpz\/\" \/>\n<meta property=\"og:site_name\" content=\"Luminaires Paul Gr\u00e9goire\" \/>\n<meta property=\"article:modified_time\" content=\"2026-05-07T09:04:52+00:00\" \/>\n<meta property=\"og:image\" content=\"https:\/\/luminairesgregoire.com\/wp-content\/uploads\/2026\/05\/Votre-texte-de-paragraphe-2026-05-06T153252.745.webp\" \/>\n\t<meta property=\"og:image:width\" content=\"850\" \/>\n\t<meta property=\"og:image:height\" content=\"850\" \/>\n\t<meta property=\"og:image:type\" content=\"image\/jpeg\" \/>\n<meta name=\"twitter:card\" content=\"summary_large_image\" \/>\n<meta name=\"twitter:label1\" content=\"Est. reading time\" \/>\n\t<meta name=\"twitter:data1\" content=\"1 minute\" \/>\n<script type=\"application\/ld+json\" class=\"yoast-schema-graph\">{\"@context\":\"https:\\\/\\\/schema.org\",\"@graph\":[{\"@type\":\"WebPage\",\"@id\":\"https:\\\/\\\/luminairesgregoire.com\\\/en\\\/product\\\/suspendu-rotin-naturel-et-champagne-bekah-52729cpz\\\/\",\"url\":\"https:\\\/\\\/luminairesgregoire.com\\\/en\\\/product\\\/suspendu-rotin-naturel-et-champagne-bekah-52729cpz\\\/\",\"name\":\"SUSPENDU ROTIN NATUREL ET CHAMPAGNE- BEKAH 52729CPZ\",\"isPartOf\":{\"@id\":\"https:\\\/\\\/luminairesgregoire.com\\\/en\\\/#website\"},\"primaryImageOfPage\":{\"@id\":\"https:\\\/\\\/luminairesgregoire.com\\\/en\\\/product\\\/suspendu-rotin-naturel-et-champagne-bekah-52729cpz\\\/#primaryimage\"},\"image\":{\"@id\":\"https:\\\/\\\/luminairesgregoire.com\\\/en\\\/product\\\/suspendu-rotin-naturel-et-champagne-bekah-52729cpz\\\/#primaryimage\"},\"thumbnailUrl\":\"https:\\\/\\\/luminairesgregoire.com\\\/wp-content\\\/uploads\\\/2026\\\/05\\\/Votre-texte-de-paragraphe-2026-05-06T153252.745.webp\",\"datePublished\":\"2026-04-22T06:35:08+00:00\",\"dateModified\":\"2026-05-07T09:04:52+00:00\",\"description\":\"SUSPENDU ROTIN NATUREL ET CHAMPAGNE- BEKAH 52729CPZ - Discover our collection of designer lighting \u2014 pendants, lamps, and ceiling lights \u2014 to brighten every space with style and elegance.\",\"breadcrumb\":{\"@id\":\"https:\\\/\\\/luminairesgregoire.com\\\/en\\\/product\\\/suspendu-rotin-naturel-et-champagne-bekah-52729cpz\\\/#breadcrumb\"},\"inLanguage\":\"en-US\",\"potentialAction\":[{\"@type\":\"ReadAction\",\"target\":[\"https:\\\/\\\/luminairesgregoire.com\\\/en\\\/product\\\/suspendu-rotin-naturel-et-champagne-bekah-52729cpz\\\/\"]}]},{\"@type\":\"ImageObject\",\"inLanguage\":\"en-US\",\"@id\":\"https:\\\/\\\/luminairesgregoire.com\\\/en\\\/product\\\/suspendu-rotin-naturel-et-champagne-bekah-52729cpz\\\/#primaryimage\",\"url\":\"https:\\\/\\\/luminairesgregoire.com\\\/wp-content\\\/uploads\\\/2026\\\/05\\\/Votre-texte-de-paragraphe-2026-05-06T153252.745.webp\",\"contentUrl\":\"https:\\\/\\\/luminairesgregoire.com\\\/wp-content\\\/uploads\\\/2026\\\/05\\\/Votre-texte-de-paragraphe-2026-05-06T153252.745.webp\",\"width\":850,\"height\":850,\"caption\":\"SUSPENDU ROTIN NATUREL ET CHAMPAGNE- BEKAH 52729CPZ\"},{\"@type\":\"BreadcrumbList\",\"@id\":\"https:\\\/\\\/luminairesgregoire.com\\\/en\\\/product\\\/suspendu-rotin-naturel-et-champagne-bekah-52729cpz\\\/#breadcrumb\",\"itemListElement\":[{\"@type\":\"ListItem\",\"position\":1,\"name\":\"Home\",\"item\":\"https:\\\/\\\/luminairesgregoire.com\\\/en\\\/\"},{\"@type\":\"ListItem\",\"position\":2,\"name\":\"Store\",\"item\":\"https:\\\/\\\/luminairesgregoire.com\\\/en\\\/products\\\/\"},{\"@type\":\"ListItem\",\"position\":3,\"name\":\"SUSPENDU ROTIN NATUREL ET CHAMPAGNE- BEKAH 52729CPZ\"}]},{\"@type\":\"WebSite\",\"@id\":\"https:\\\/\\\/luminairesgregoire.com\\\/en\\\/#website\",\"url\":\"https:\\\/\\\/luminairesgregoire.com\\\/en\\\/\",\"name\":\"Luminaires Paul Gr\u00e9goire\",\"description\":\"\",\"publisher\":{\"@id\":\"https:\\\/\\\/luminairesgregoire.com\\\/en\\\/#organization\"},\"potentialAction\":[{\"@type\":\"SearchAction\",\"target\":{\"@type\":\"EntryPoint\",\"urlTemplate\":\"https:\\\/\\\/luminairesgregoire.com\\\/en\\\/?s={search_term_string}\"},\"query-input\":{\"@type\":\"PropertyValueSpecification\",\"valueRequired\":true,\"valueName\":\"search_term_string\"}}],\"inLanguage\":\"en-US\"},{\"@type\":\"Organization\",\"@id\":\"https:\\\/\\\/luminairesgregoire.com\\\/en\\\/#organization\",\"name\":\"Luminaires Paul Gr\u00e9goire\",\"url\":\"https:\\\/\\\/luminairesgregoire.com\\\/en\\\/\",\"logo\":{\"@type\":\"ImageObject\",\"inLanguage\":\"en-US\",\"@id\":\"https:\\\/\\\/luminairesgregoire.com\\\/en\\\/#\\\/schema\\\/logo\\\/image\\\/\",\"url\":\"https:\\\/\\\/luminairesgregoire.com\\\/wp-content\\\/uploads\\\/2021\\\/05\\\/logo_CMYK-1-1.png\",\"contentUrl\":\"https:\\\/\\\/luminairesgregoire.com\\\/wp-content\\\/uploads\\\/2021\\\/05\\\/logo_CMYK-1-1.png\",\"width\":350,\"height\":164,\"caption\":\"Luminaires Paul Gr\u00e9goire\"},\"image\":{\"@id\":\"https:\\\/\\\/luminairesgregoire.com\\\/en\\\/#\\\/schema\\\/logo\\\/image\\\/\"}}]}<\/script>\n<!-- \/ Yoast SEO plugin. -->","yoast_head_json":{"title":"SUSPENDU ROTIN NATUREL ET CHAMPAGNE- BEKAH 52729CPZ","description":"SUSPENDU ROTIN NATUREL ET CHAMPAGNE- BEKAH 52729CPZ - Discover our collection of designer lighting \u2014 pendants, lamps, and ceiling lights \u2014 to brighten every space with style and elegance.","robots":{"index":"index","follow":"follow","max-snippet":"max-snippet:-1","max-image-preview":"max-image-preview:large","max-video-preview":"max-video-preview:-1"},"canonical":"https:\/\/luminairesgregoire.com\/en\/product\/suspendu-rotin-naturel-et-champagne-bekah-52729cpz\/","og_locale":"en_US","og_type":"article","og_title":"SUSPENDU ROTIN NATUREL ET CHAMPAGNE- BEKAH 52729CPZ","og_description":"SUSPENDU ROTIN NATUREL ET CHAMPAGNE- BEKAH 52729CPZ - Discover our collection of designer lighting \u2014 pendants, lamps, and ceiling lights \u2014 to brighten every space with style and elegance.","og_url":"https:\/\/luminairesgregoire.com\/en\/product\/suspendu-rotin-naturel-et-champagne-bekah-52729cpz\/","og_site_name":"Luminaires Paul Gr\u00e9goire","article_modified_time":"2026-05-07T09:04:52+00:00","og_image":[{"width":850,"height":850,"url":"https:\/\/luminairesgregoire.com\/wp-content\/uploads\/2026\/05\/Votre-texte-de-paragraphe-2026-05-06T153252.745.webp","type":"image\/jpeg"}],"twitter_card":"summary_large_image","twitter_misc":{"Est. reading time":"1 minute"},"schema":{"@context":"https:\/\/schema.org","@graph":[{"@type":"WebPage","@id":"https:\/\/luminairesgregoire.com\/en\/product\/suspendu-rotin-naturel-et-champagne-bekah-52729cpz\/","url":"https:\/\/luminairesgregoire.com\/en\/product\/suspendu-rotin-naturel-et-champagne-bekah-52729cpz\/","name":"SUSPENDU ROTIN NATUREL ET CHAMPAGNE- BEKAH 52729CPZ","isPartOf":{"@id":"https:\/\/luminairesgregoire.com\/en\/#website"},"primaryImageOfPage":{"@id":"https:\/\/luminairesgregoire.com\/en\/product\/suspendu-rotin-naturel-et-champagne-bekah-52729cpz\/#primaryimage"},"image":{"@id":"https:\/\/luminairesgregoire.com\/en\/product\/suspendu-rotin-naturel-et-champagne-bekah-52729cpz\/#primaryimage"},"thumbnailUrl":"https:\/\/luminairesgregoire.com\/wp-content\/uploads\/2026\/05\/Votre-texte-de-paragraphe-2026-05-06T153252.745.webp","datePublished":"2026-04-22T06:35:08+00:00","dateModified":"2026-05-07T09:04:52+00:00","description":"SUSPENDU ROTIN NATUREL ET CHAMPAGNE- BEKAH 52729CPZ - Discover our collection of designer lighting \u2014 pendants, lamps, and ceiling lights \u2014 to brighten every space with style and elegance.","breadcrumb":{"@id":"https:\/\/luminairesgregoire.com\/en\/product\/suspendu-rotin-naturel-et-champagne-bekah-52729cpz\/#breadcrumb"},"inLanguage":"en-US","potentialAction":[{"@type":"ReadAction","target":["https:\/\/luminairesgregoire.com\/en\/product\/suspendu-rotin-naturel-et-champagne-bekah-52729cpz\/"]}]},{"@type":"ImageObject","inLanguage":"en-US","@id":"https:\/\/luminairesgregoire.com\/en\/product\/suspendu-rotin-naturel-et-champagne-bekah-52729cpz\/#primaryimage","url":"https:\/\/luminairesgregoire.com\/wp-content\/uploads\/2026\/05\/Votre-texte-de-paragraphe-2026-05-06T153252.745.webp","contentUrl":"https:\/\/luminairesgregoire.com\/wp-content\/uploads\/2026\/05\/Votre-texte-de-paragraphe-2026-05-06T153252.745.webp","width":850,"height":850,"caption":"SUSPENDU ROTIN NATUREL ET CHAMPAGNE- BEKAH 52729CPZ"},{"@type":"BreadcrumbList","@id":"https:\/\/luminairesgregoire.com\/en\/product\/suspendu-rotin-naturel-et-champagne-bekah-52729cpz\/#breadcrumb","itemListElement":[{"@type":"ListItem","position":1,"name":"Home","item":"https:\/\/luminairesgregoire.com\/en\/"},{"@type":"ListItem","position":2,"name":"Store","item":"https:\/\/luminairesgregoire.com\/en\/products\/"},{"@type":"ListItem","position":3,"name":"SUSPENDU ROTIN NATUREL ET CHAMPAGNE- BEKAH 52729CPZ"}]},{"@type":"WebSite","@id":"https:\/\/luminairesgregoire.com\/en\/#website","url":"https:\/\/luminairesgregoire.com\/en\/","name":"Luminaires Paul Gr\u00e9goire","description":"","publisher":{"@id":"https:\/\/luminairesgregoire.com\/en\/#organization"},"potentialAction":[{"@type":"SearchAction","target":{"@type":"EntryPoint","urlTemplate":"https:\/\/luminairesgregoire.com\/en\/?s={search_term_string}"},"query-input":{"@type":"PropertyValueSpecification","valueRequired":true,"valueName":"search_term_string"}}],"inLanguage":"en-US"},{"@type":"Organization","@id":"https:\/\/luminairesgregoire.com\/en\/#organization","name":"Luminaires Paul Gr\u00e9goire","url":"https:\/\/luminairesgregoire.com\/en\/","logo":{"@type":"ImageObject","inLanguage":"en-US","@id":"https:\/\/luminairesgregoire.com\/en\/#\/schema\/logo\/image\/","url":"https:\/\/luminairesgregoire.com\/wp-content\/uploads\/2021\/05\/logo_CMYK-1-1.png","contentUrl":"https:\/\/luminairesgregoire.com\/wp-content\/uploads\/2021\/05\/logo_CMYK-1-1.png","width":350,"height":164,"caption":"Luminaires Paul Gr\u00e9goire"},"image":{"@id":"https:\/\/luminairesgregoire.com\/en\/#\/schema\/logo\/image\/"}}]}},"_links":{"self":[{"href":"https:\/\/luminairesgregoire.com\/en\/wp-json\/wp\/v2\/product\/38630","targetHints":{"allow":["GET"]}}],"collection":[{"href":"https:\/\/luminairesgregoire.com\/en\/wp-json\/wp\/v2\/product"}],"about":[{"href":"https:\/\/luminairesgregoire.com\/en\/wp-json\/wp\/v2\/types\/product"}],"wp:featuredmedia":[{"embeddable":true,"href":"https:\/\/luminairesgregoire.com\/en\/wp-json\/wp\/v2\/media\/39558"}],"wp:attachment":[{"href":"https:\/\/luminairesgregoire.com\/en\/wp-json\/wp\/v2\/media?parent=38630"}],"wp:term":[{"taxonomy":"product_brand","embeddable":true,"href":"https:\/\/luminairesgregoire.com\/en\/wp-json\/wp\/v2\/product_brand?post=38630"},{"taxonomy":"product_cat","embeddable":true,"href":"https:\/\/luminairesgregoire.com\/en\/wp-json\/wp\/v2\/product_cat?post=38630"},{"taxonomy":"product_tag","embeddable":true,"href":"https:\/\/luminairesgregoire.com\/en\/wp-json\/wp\/v2\/product_tag?post=38630"}],"curies":[{"name":"wp","href":"https:\/\/api.w.org\/{rel}","templated":true}]}}