{"id":38631,"date":"2026-04-22T02:35:15","date_gmt":"2026-04-22T06:35:15","guid":{"rendered":"https:\/\/luminairesgregoire.com\/?post_type=product&#038;p=38631"},"modified":"2026-05-13T05:26:24","modified_gmt":"2026-05-13T09:26:24","slug":"lampe-tableau-noir-et-champagne-caillier-52818bk","status":"publish","type":"product","link":"https:\/\/luminairesgregoire.com\/product\/lampe-tableau-noir-et-champagne-caillier-52818bk\/","title":{"rendered":"LAMPE TABLEAU NOIR ET CHAMPAGNE- CAILLIER 52818BK"},"content":{"rendered":"<p>Capturant la chaleur d\u2019un design intemporel et le r\u00e9inventant pour les espaces contemporains, l\u2019\u00e9clairage pour tableau Caillier marie le charme nostalgique \u00e0 une \u00e9l\u00e9gance moderne afin de cr\u00e9er un luminaire \u00e0 la fois naturel et soigneusement pens\u00e9.<\/p>\n","protected":false},"excerpt":{"rendered":"<p>Capturant la chaleur d\u2019un design intemporel et le r\u00e9inventant pour les espaces contemporains, l\u2019\u00e9clairage pour tableau Caillier marie le charme nostalgique \u00e0 une \u00e9l\u00e9gance moderne afin de cr\u00e9er un luminaire \u00e0 la fois naturel et soigneusement pens\u00e9.<\/p>\n","protected":false},"featured_media":39575,"template":"","meta":{"_acf_changed":false},"product_brand":[6049],"product_cat":[5852,6921],"product_tag":[],"class_list":{"0":"post-38631","1":"product","2":"type-product","3":"status-publish","4":"has-post-thumbnail","6":"product_brand-kichler","7":"product_cat-idee-cadeau","8":"product_cat-lampes-pour-tableau","9":"pa_finis-champagne","10":"pa_finis-noir","11":"pa_formes-dampoules-t10","12":"pa_garantie-1-an","13":"pa_hauteur-4-75","14":"pa_largeur-23-25","15":"pa_nombre-dampoules-6418","16":"pa_types-dampoules-incandescente","17":"pa_watts-13-w","19":"first","20":"instock","21":"taxable","22":"shipping-taxable","23":"purchasable","24":"product-type-simple"},"acf":[],"yoast_head":"<!-- This site is optimized with the Yoast SEO plugin v27.4 - https:\/\/yoast.com\/product\/yoast-seo-wordpress\/ -->\n<title>LAMPE TABLEAU NOIR ET CHAMPAGNE- CAILLIER 52818BK - Luminaires Paul Gr\u00e9goire<\/title>\n<meta name=\"description\" content=\"LAMPE TABLEAU NOIR ET CHAMPAGNE- CAILLIER 52818BK - Discover our collection of designer lighting \u2014 pendants, lamps, and ceiling lights \u2014 to brighten every space with style and elegance.\" \/>\n<meta name=\"robots\" content=\"index, follow, max-snippet:-1, max-image-preview:large, max-video-preview:-1\" \/>\n<link rel=\"canonical\" href=\"https:\/\/luminairesgregoire.com\/en\/product\/lampe-tableau-noir-et-champagne-caillier-52818bk\/\" \/>\n<meta property=\"og:locale\" content=\"en_US\" \/>\n<meta property=\"og:type\" content=\"article\" \/>\n<meta property=\"og:title\" content=\"LAMPE TABLEAU NOIR ET CHAMPAGNE- CAILLIER 52818BK - Luminaires Paul Gr\u00e9goire\" \/>\n<meta property=\"og:description\" content=\"LAMPE TABLEAU NOIR ET CHAMPAGNE- CAILLIER 52818BK - Discover our collection of designer lighting \u2014 pendants, lamps, and ceiling lights \u2014 to brighten every space with style and elegance.\" \/>\n<meta property=\"og:url\" content=\"https:\/\/luminairesgregoire.com\/product\/lampe-tableau-noir-et-champagne-caillier-52818bk\/\" \/>\n<meta property=\"og:site_name\" content=\"Luminaires Paul Gr\u00e9goire\" \/>\n<meta property=\"article:modified_time\" content=\"2026-05-13T09:26:24+00:00\" \/>\n<meta property=\"og:image\" content=\"https:\/\/luminairesgregoire.com\/wp-content\/uploads\/2026\/05\/Votre-texte-de-paragraphe-2026-05-06T161537.207.webp\" \/>\n\t<meta property=\"og:image:width\" content=\"850\" \/>\n\t<meta property=\"og:image:height\" content=\"850\" \/>\n\t<meta property=\"og:image:type\" content=\"image\/jpeg\" \/>\n<meta name=\"twitter:card\" content=\"summary_large_image\" \/>\n<meta name=\"twitter:label1\" content=\"Est. reading time\" \/>\n\t<meta name=\"twitter:data1\" content=\"1 minute\" \/>\n<script type=\"application\/ld+json\" class=\"yoast-schema-graph\">{\"@context\":\"https:\\\/\\\/schema.org\",\"@graph\":[{\"@type\":\"WebPage\",\"@id\":\"https:\\\/\\\/luminairesgregoire.com\\\/product\\\/lampe-tableau-noir-et-champagne-caillier-52818bk\\\/\",\"url\":\"https:\\\/\\\/luminairesgregoire.com\\\/product\\\/lampe-tableau-noir-et-champagne-caillier-52818bk\\\/\",\"name\":\"LAMPE TABLEAU NOIR ET CHAMPAGNE- CAILLIER 52818BK - Luminaires Paul Gr\u00e9goire\",\"isPartOf\":{\"@id\":\"https:\\\/\\\/luminairesgregoire.com\\\/en\\\/#website\"},\"primaryImageOfPage\":{\"@id\":\"https:\\\/\\\/luminairesgregoire.com\\\/product\\\/lampe-tableau-noir-et-champagne-caillier-52818bk\\\/#primaryimage\"},\"image\":{\"@id\":\"https:\\\/\\\/luminairesgregoire.com\\\/product\\\/lampe-tableau-noir-et-champagne-caillier-52818bk\\\/#primaryimage\"},\"thumbnailUrl\":\"https:\\\/\\\/luminairesgregoire.com\\\/wp-content\\\/uploads\\\/2026\\\/05\\\/Votre-texte-de-paragraphe-2026-05-06T161537.207.webp\",\"datePublished\":\"2026-04-22T06:35:15+00:00\",\"dateModified\":\"2026-05-13T09:26:24+00:00\",\"description\":\"LAMPE TABLEAU NOIR ET CHAMPAGNE- CAILLIER 52818BK - Discover our collection of designer lighting \u2014 pendants, lamps, and ceiling lights \u2014 to brighten every space with style and elegance.\",\"breadcrumb\":{\"@id\":\"https:\\\/\\\/luminairesgregoire.com\\\/product\\\/lampe-tableau-noir-et-champagne-caillier-52818bk\\\/#breadcrumb\"},\"inLanguage\":\"en-US\",\"potentialAction\":[{\"@type\":\"ReadAction\",\"target\":[\"https:\\\/\\\/luminairesgregoire.com\\\/product\\\/lampe-tableau-noir-et-champagne-caillier-52818bk\\\/\"]}]},{\"@type\":\"ImageObject\",\"inLanguage\":\"en-US\",\"@id\":\"https:\\\/\\\/luminairesgregoire.com\\\/product\\\/lampe-tableau-noir-et-champagne-caillier-52818bk\\\/#primaryimage\",\"url\":\"https:\\\/\\\/luminairesgregoire.com\\\/wp-content\\\/uploads\\\/2026\\\/05\\\/Votre-texte-de-paragraphe-2026-05-06T161537.207.webp\",\"contentUrl\":\"https:\\\/\\\/luminairesgregoire.com\\\/wp-content\\\/uploads\\\/2026\\\/05\\\/Votre-texte-de-paragraphe-2026-05-06T161537.207.webp\",\"width\":850,\"height\":850,\"caption\":\"LAMPE TABLEAU NOIR ET CHAMPAGNE- CAILLIER 52818BK\"},{\"@type\":\"BreadcrumbList\",\"@id\":\"https:\\\/\\\/luminairesgregoire.com\\\/product\\\/lampe-tableau-noir-et-champagne-caillier-52818bk\\\/#breadcrumb\",\"itemListElement\":[{\"@type\":\"ListItem\",\"position\":1,\"name\":\"Home\",\"item\":\"https:\\\/\\\/luminairesgregoire.com\\\/en\\\/\"},{\"@type\":\"ListItem\",\"position\":2,\"name\":\"Store\",\"item\":\"https:\\\/\\\/luminairesgregoire.com\\\/en\\\/products\\\/\"},{\"@type\":\"ListItem\",\"position\":3,\"name\":\"LAMPE TABLEAU NOIR ET CHAMPAGNE- CAILLIER 52818BK\"}]},{\"@type\":\"WebSite\",\"@id\":\"https:\\\/\\\/luminairesgregoire.com\\\/en\\\/#website\",\"url\":\"https:\\\/\\\/luminairesgregoire.com\\\/en\\\/\",\"name\":\"Luminaires Paul Gr\u00e9goire\",\"description\":\"\",\"publisher\":{\"@id\":\"https:\\\/\\\/luminairesgregoire.com\\\/en\\\/#organization\"},\"potentialAction\":[{\"@type\":\"SearchAction\",\"target\":{\"@type\":\"EntryPoint\",\"urlTemplate\":\"https:\\\/\\\/luminairesgregoire.com\\\/en\\\/?s={search_term_string}\"},\"query-input\":{\"@type\":\"PropertyValueSpecification\",\"valueRequired\":true,\"valueName\":\"search_term_string\"}}],\"inLanguage\":\"en-US\"},{\"@type\":\"Organization\",\"@id\":\"https:\\\/\\\/luminairesgregoire.com\\\/en\\\/#organization\",\"name\":\"Luminaires Paul Gr\u00e9goire\",\"url\":\"https:\\\/\\\/luminairesgregoire.com\\\/en\\\/\",\"logo\":{\"@type\":\"ImageObject\",\"inLanguage\":\"en-US\",\"@id\":\"https:\\\/\\\/luminairesgregoire.com\\\/en\\\/#\\\/schema\\\/logo\\\/image\\\/\",\"url\":\"https:\\\/\\\/luminairesgregoire.com\\\/wp-content\\\/uploads\\\/2021\\\/05\\\/logo_CMYK-1-1.png\",\"contentUrl\":\"https:\\\/\\\/luminairesgregoire.com\\\/wp-content\\\/uploads\\\/2021\\\/05\\\/logo_CMYK-1-1.png\",\"width\":350,\"height\":164,\"caption\":\"Luminaires Paul Gr\u00e9goire\"},\"image\":{\"@id\":\"https:\\\/\\\/luminairesgregoire.com\\\/en\\\/#\\\/schema\\\/logo\\\/image\\\/\"}}]}<\/script>\n<!-- \/ Yoast SEO plugin. -->","yoast_head_json":{"title":"LAMPE TABLEAU NOIR ET CHAMPAGNE- CAILLIER 52818BK - Luminaires Paul Gr\u00e9goire","description":"LAMPE TABLEAU NOIR ET CHAMPAGNE- CAILLIER 52818BK - Discover our collection of designer lighting \u2014 pendants, lamps, and ceiling lights \u2014 to brighten every space with style and elegance.","robots":{"index":"index","follow":"follow","max-snippet":"max-snippet:-1","max-image-preview":"max-image-preview:large","max-video-preview":"max-video-preview:-1"},"canonical":"https:\/\/luminairesgregoire.com\/en\/product\/lampe-tableau-noir-et-champagne-caillier-52818bk\/","og_locale":"en_US","og_type":"article","og_title":"LAMPE TABLEAU NOIR ET CHAMPAGNE- CAILLIER 52818BK - Luminaires Paul Gr\u00e9goire","og_description":"LAMPE TABLEAU NOIR ET CHAMPAGNE- CAILLIER 52818BK - Discover our collection of designer lighting \u2014 pendants, lamps, and ceiling lights \u2014 to brighten every space with style and elegance.","og_url":"https:\/\/luminairesgregoire.com\/product\/lampe-tableau-noir-et-champagne-caillier-52818bk\/","og_site_name":"Luminaires Paul Gr\u00e9goire","article_modified_time":"2026-05-13T09:26:24+00:00","og_image":[{"width":850,"height":850,"url":"https:\/\/luminairesgregoire.com\/wp-content\/uploads\/2026\/05\/Votre-texte-de-paragraphe-2026-05-06T161537.207.webp","type":"image\/jpeg"}],"twitter_card":"summary_large_image","twitter_misc":{"Est. reading time":"1 minute"},"schema":{"@context":"https:\/\/schema.org","@graph":[{"@type":"WebPage","@id":"https:\/\/luminairesgregoire.com\/product\/lampe-tableau-noir-et-champagne-caillier-52818bk\/","url":"https:\/\/luminairesgregoire.com\/product\/lampe-tableau-noir-et-champagne-caillier-52818bk\/","name":"LAMPE TABLEAU NOIR ET CHAMPAGNE- CAILLIER 52818BK - Luminaires Paul Gr\u00e9goire","isPartOf":{"@id":"https:\/\/luminairesgregoire.com\/en\/#website"},"primaryImageOfPage":{"@id":"https:\/\/luminairesgregoire.com\/product\/lampe-tableau-noir-et-champagne-caillier-52818bk\/#primaryimage"},"image":{"@id":"https:\/\/luminairesgregoire.com\/product\/lampe-tableau-noir-et-champagne-caillier-52818bk\/#primaryimage"},"thumbnailUrl":"https:\/\/luminairesgregoire.com\/wp-content\/uploads\/2026\/05\/Votre-texte-de-paragraphe-2026-05-06T161537.207.webp","datePublished":"2026-04-22T06:35:15+00:00","dateModified":"2026-05-13T09:26:24+00:00","description":"LAMPE TABLEAU NOIR ET CHAMPAGNE- CAILLIER 52818BK - Discover our collection of designer lighting \u2014 pendants, lamps, and ceiling lights \u2014 to brighten every space with style and elegance.","breadcrumb":{"@id":"https:\/\/luminairesgregoire.com\/product\/lampe-tableau-noir-et-champagne-caillier-52818bk\/#breadcrumb"},"inLanguage":"en-US","potentialAction":[{"@type":"ReadAction","target":["https:\/\/luminairesgregoire.com\/product\/lampe-tableau-noir-et-champagne-caillier-52818bk\/"]}]},{"@type":"ImageObject","inLanguage":"en-US","@id":"https:\/\/luminairesgregoire.com\/product\/lampe-tableau-noir-et-champagne-caillier-52818bk\/#primaryimage","url":"https:\/\/luminairesgregoire.com\/wp-content\/uploads\/2026\/05\/Votre-texte-de-paragraphe-2026-05-06T161537.207.webp","contentUrl":"https:\/\/luminairesgregoire.com\/wp-content\/uploads\/2026\/05\/Votre-texte-de-paragraphe-2026-05-06T161537.207.webp","width":850,"height":850,"caption":"LAMPE TABLEAU NOIR ET CHAMPAGNE- CAILLIER 52818BK"},{"@type":"BreadcrumbList","@id":"https:\/\/luminairesgregoire.com\/product\/lampe-tableau-noir-et-champagne-caillier-52818bk\/#breadcrumb","itemListElement":[{"@type":"ListItem","position":1,"name":"Home","item":"https:\/\/luminairesgregoire.com\/en\/"},{"@type":"ListItem","position":2,"name":"Store","item":"https:\/\/luminairesgregoire.com\/en\/products\/"},{"@type":"ListItem","position":3,"name":"LAMPE TABLEAU NOIR ET CHAMPAGNE- CAILLIER 52818BK"}]},{"@type":"WebSite","@id":"https:\/\/luminairesgregoire.com\/en\/#website","url":"https:\/\/luminairesgregoire.com\/en\/","name":"Luminaires Paul Gr\u00e9goire","description":"","publisher":{"@id":"https:\/\/luminairesgregoire.com\/en\/#organization"},"potentialAction":[{"@type":"SearchAction","target":{"@type":"EntryPoint","urlTemplate":"https:\/\/luminairesgregoire.com\/en\/?s={search_term_string}"},"query-input":{"@type":"PropertyValueSpecification","valueRequired":true,"valueName":"search_term_string"}}],"inLanguage":"en-US"},{"@type":"Organization","@id":"https:\/\/luminairesgregoire.com\/en\/#organization","name":"Luminaires Paul Gr\u00e9goire","url":"https:\/\/luminairesgregoire.com\/en\/","logo":{"@type":"ImageObject","inLanguage":"en-US","@id":"https:\/\/luminairesgregoire.com\/en\/#\/schema\/logo\/image\/","url":"https:\/\/luminairesgregoire.com\/wp-content\/uploads\/2021\/05\/logo_CMYK-1-1.png","contentUrl":"https:\/\/luminairesgregoire.com\/wp-content\/uploads\/2021\/05\/logo_CMYK-1-1.png","width":350,"height":164,"caption":"Luminaires Paul Gr\u00e9goire"},"image":{"@id":"https:\/\/luminairesgregoire.com\/en\/#\/schema\/logo\/image\/"}}]}},"_links":{"self":[{"href":"https:\/\/luminairesgregoire.com\/en\/wp-json\/wp\/v2\/product\/38631","targetHints":{"allow":["GET"]}}],"collection":[{"href":"https:\/\/luminairesgregoire.com\/en\/wp-json\/wp\/v2\/product"}],"about":[{"href":"https:\/\/luminairesgregoire.com\/en\/wp-json\/wp\/v2\/types\/product"}],"wp:featuredmedia":[{"embeddable":true,"href":"https:\/\/luminairesgregoire.com\/en\/wp-json\/wp\/v2\/media\/39575"}],"wp:attachment":[{"href":"https:\/\/luminairesgregoire.com\/en\/wp-json\/wp\/v2\/media?parent=38631"}],"wp:term":[{"taxonomy":"product_brand","embeddable":true,"href":"https:\/\/luminairesgregoire.com\/en\/wp-json\/wp\/v2\/product_brand?post=38631"},{"taxonomy":"product_cat","embeddable":true,"href":"https:\/\/luminairesgregoire.com\/en\/wp-json\/wp\/v2\/product_cat?post=38631"},{"taxonomy":"product_tag","embeddable":true,"href":"https:\/\/luminairesgregoire.com\/en\/wp-json\/wp\/v2\/product_tag?post=38631"}],"curies":[{"name":"wp","href":"https:\/\/api.w.org\/{rel}","templated":true}]}}