{"id":38644,"date":"2026-04-22T02:53:35","date_gmt":"2026-04-22T06:53:35","guid":{"rendered":"https:\/\/luminairesgregoire.com\/?post_type=product&#038;p=38644"},"modified":"2026-05-11T12:22:16","modified_gmt":"2026-05-11T16:22:16","slug":"suspendu-5-l-laiton-sacramento-f8163-pbr-ssd","status":"publish","type":"product","link":"https:\/\/luminairesgregoire.com\/en\/product\/suspendu-5-l-laiton-sacramento-f8163-pbr-ssd\/","title":{"rendered":"SUSPENDU 5-L LAITON- SACRAMENTO F8163-PBR-SSD"},"content":{"rendered":"<p>La collection Sacramento affirme son caract\u00e8re avec audace tout en conservant une silhouette \u00e9pur\u00e9e. De simples abat-jours m\u00e9talliques sont install\u00e9s au bout de longs bras \u00e9lanc\u00e9s, cr\u00e9ant un design \u00e0 la fois \u00e9l\u00e9gant et a\u00e9rien, sans encombrer l\u2019espace. Ouverts aux deux extr\u00e9mit\u00e9s, les abat-jours permettent \u00e0 la lumi\u00e8re de se diffuser librement vers le haut gr\u00e2ce \u00e0 une ouverture plus large, tandis que l\u2019ouverture plus \u00e9troite au bas dirige un \u00e9clairage plus pr\u00e9cis vers le bas. Le fini laiton patin\u00e9, combin\u00e9 \u00e0 un fini noir doux ou sable doux, conf\u00e8re au luminaire une beaut\u00e9 naturelle et raffin\u00e9e.<\/p>\n","protected":false},"excerpt":{"rendered":"<p>La collection Sacramento affirme son caract\u00e8re avec audace tout en conservant une silhouette \u00e9pur\u00e9e. De simples abat-jours m\u00e9talliques sont install\u00e9s au bout de longs bras \u00e9lanc\u00e9s, cr\u00e9ant un design \u00e0 la fois \u00e9l\u00e9gant et a\u00e9rien, sans encombrer l\u2019espace. Ouverts aux deux extr\u00e9mit\u00e9s, les abat-jours permettent \u00e0 la lumi\u00e8re de se diffuser librement vers le haut [&hellip;]<\/p>\n","protected":false},"featured_media":39751,"template":"","meta":{"_acf_changed":false},"product_brand":[8314,9550],"product_cat":[5835,5839],"product_tag":[],"class_list":{"0":"post-38644","1":"product","2":"type-product","3":"status-publish","4":"has-post-thumbnail","6":"product_brand-hudson-valley","7":"product_brand-troy","8":"product_cat-suspension","9":"product_cat-suspension-suspension","10":"pa_ampoules-incluses-non","11":"pa_couleur-verre-blanc-opalin","12":"pa_diametre-9548","13":"pa_finis-laiton","14":"pa_formes-dampoules-a19","15":"pa_garantie-1-an","16":"pa_hauteur-7816","17":"pa_nombre-dampoules-6421","18":"pa_types-dampoules-incandescente","19":"pa_watts-60-w","21":"first","22":"instock","23":"taxable","24":"shipping-taxable","25":"purchasable","26":"product-type-simple"},"acf":[],"yoast_head":"<!-- This site is optimized with the Yoast SEO plugin v27.4 - https:\/\/yoast.com\/product\/yoast-seo-wordpress\/ -->\n<title>SUSPENDU 5-L LAITON- SACRAMENTO F8163-PBR-SSD - Luminaires Paul Gr\u00e9goire<\/title>\n<meta name=\"description\" content=\"SUSPENDU 5-L LAITON- SACRAMENTO F8163-PBR-SSD - Discover our collection of designer lighting \u2014 pendants, lamps, and ceiling lights \u2014 to brighten every space with style and elegance.\" \/>\n<meta name=\"robots\" content=\"index, follow, max-snippet:-1, max-image-preview:large, max-video-preview:-1\" \/>\n<link rel=\"canonical\" href=\"https:\/\/luminairesgregoire.com\/en\/product\/suspendu-5-l-laiton-sacramento-f8163-pbr-ssd\/\" \/>\n<meta property=\"og:locale\" content=\"en_US\" \/>\n<meta property=\"og:type\" content=\"article\" \/>\n<meta property=\"og:title\" content=\"SUSPENDU 5-L LAITON- SACRAMENTO F8163-PBR-SSD - Luminaires Paul Gr\u00e9goire\" \/>\n<meta property=\"og:description\" content=\"SUSPENDU 5-L LAITON- SACRAMENTO F8163-PBR-SSD - Discover our collection of designer lighting \u2014 pendants, lamps, and ceiling lights \u2014 to brighten every space with style and elegance.\" \/>\n<meta property=\"og:url\" content=\"https:\/\/luminairesgregoire.com\/en\/product\/suspendu-5-l-laiton-sacramento-f8163-pbr-ssd\/\" \/>\n<meta property=\"og:site_name\" content=\"Luminaires Paul Gr\u00e9goire\" \/>\n<meta property=\"article:modified_time\" content=\"2026-05-11T16:22:16+00:00\" \/>\n<meta property=\"og:image\" content=\"https:\/\/luminairesgregoire.com\/wp-content\/uploads\/2026\/05\/Votre-texte-de-paragraphe-2026-05-11T112444.361.webp\" \/>\n\t<meta property=\"og:image:width\" content=\"850\" \/>\n\t<meta property=\"og:image:height\" content=\"850\" \/>\n\t<meta property=\"og:image:type\" content=\"image\/jpeg\" \/>\n<meta name=\"twitter:card\" content=\"summary_large_image\" \/>\n<meta name=\"twitter:label1\" content=\"Est. reading time\" \/>\n\t<meta name=\"twitter:data1\" content=\"1 minute\" \/>\n<script type=\"application\/ld+json\" class=\"yoast-schema-graph\">{\"@context\":\"https:\\\/\\\/schema.org\",\"@graph\":[{\"@type\":\"WebPage\",\"@id\":\"https:\\\/\\\/luminairesgregoire.com\\\/en\\\/product\\\/suspendu-5-l-laiton-sacramento-f8163-pbr-ssd\\\/\",\"url\":\"https:\\\/\\\/luminairesgregoire.com\\\/en\\\/product\\\/suspendu-5-l-laiton-sacramento-f8163-pbr-ssd\\\/\",\"name\":\"SUSPENDU 5-L LAITON- SACRAMENTO F8163-PBR-SSD - Luminaires Paul Gr\u00e9goire\",\"isPartOf\":{\"@id\":\"https:\\\/\\\/luminairesgregoire.com\\\/en\\\/#website\"},\"primaryImageOfPage\":{\"@id\":\"https:\\\/\\\/luminairesgregoire.com\\\/en\\\/product\\\/suspendu-5-l-laiton-sacramento-f8163-pbr-ssd\\\/#primaryimage\"},\"image\":{\"@id\":\"https:\\\/\\\/luminairesgregoire.com\\\/en\\\/product\\\/suspendu-5-l-laiton-sacramento-f8163-pbr-ssd\\\/#primaryimage\"},\"thumbnailUrl\":\"https:\\\/\\\/luminairesgregoire.com\\\/wp-content\\\/uploads\\\/2026\\\/05\\\/Votre-texte-de-paragraphe-2026-05-11T112444.361.webp\",\"datePublished\":\"2026-04-22T06:53:35+00:00\",\"dateModified\":\"2026-05-11T16:22:16+00:00\",\"description\":\"SUSPENDU 5-L LAITON- SACRAMENTO F8163-PBR-SSD - Discover our collection of designer lighting \u2014 pendants, lamps, and ceiling lights \u2014 to brighten every space with style and elegance.\",\"breadcrumb\":{\"@id\":\"https:\\\/\\\/luminairesgregoire.com\\\/en\\\/product\\\/suspendu-5-l-laiton-sacramento-f8163-pbr-ssd\\\/#breadcrumb\"},\"inLanguage\":\"en-US\",\"potentialAction\":[{\"@type\":\"ReadAction\",\"target\":[\"https:\\\/\\\/luminairesgregoire.com\\\/en\\\/product\\\/suspendu-5-l-laiton-sacramento-f8163-pbr-ssd\\\/\"]}]},{\"@type\":\"ImageObject\",\"inLanguage\":\"en-US\",\"@id\":\"https:\\\/\\\/luminairesgregoire.com\\\/en\\\/product\\\/suspendu-5-l-laiton-sacramento-f8163-pbr-ssd\\\/#primaryimage\",\"url\":\"https:\\\/\\\/luminairesgregoire.com\\\/wp-content\\\/uploads\\\/2026\\\/05\\\/Votre-texte-de-paragraphe-2026-05-11T112444.361.webp\",\"contentUrl\":\"https:\\\/\\\/luminairesgregoire.com\\\/wp-content\\\/uploads\\\/2026\\\/05\\\/Votre-texte-de-paragraphe-2026-05-11T112444.361.webp\",\"width\":850,\"height\":850,\"caption\":\"SUSPENDU 5-L LAITON- SACRAMENTO F8163-PBR-SSD\"},{\"@type\":\"BreadcrumbList\",\"@id\":\"https:\\\/\\\/luminairesgregoire.com\\\/en\\\/product\\\/suspendu-5-l-laiton-sacramento-f8163-pbr-ssd\\\/#breadcrumb\",\"itemListElement\":[{\"@type\":\"ListItem\",\"position\":1,\"name\":\"Home\",\"item\":\"https:\\\/\\\/luminairesgregoire.com\\\/en\\\/\"},{\"@type\":\"ListItem\",\"position\":2,\"name\":\"Store\",\"item\":\"https:\\\/\\\/luminairesgregoire.com\\\/en\\\/products\\\/\"},{\"@type\":\"ListItem\",\"position\":3,\"name\":\"SUSPENDU 5-L LAITON- SACRAMENTO F8163-PBR-SSD\"}]},{\"@type\":\"WebSite\",\"@id\":\"https:\\\/\\\/luminairesgregoire.com\\\/en\\\/#website\",\"url\":\"https:\\\/\\\/luminairesgregoire.com\\\/en\\\/\",\"name\":\"Luminaires Paul Gr\u00e9goire\",\"description\":\"\",\"publisher\":{\"@id\":\"https:\\\/\\\/luminairesgregoire.com\\\/en\\\/#organization\"},\"potentialAction\":[{\"@type\":\"SearchAction\",\"target\":{\"@type\":\"EntryPoint\",\"urlTemplate\":\"https:\\\/\\\/luminairesgregoire.com\\\/en\\\/?s={search_term_string}\"},\"query-input\":{\"@type\":\"PropertyValueSpecification\",\"valueRequired\":true,\"valueName\":\"search_term_string\"}}],\"inLanguage\":\"en-US\"},{\"@type\":\"Organization\",\"@id\":\"https:\\\/\\\/luminairesgregoire.com\\\/en\\\/#organization\",\"name\":\"Luminaires Paul Gr\u00e9goire\",\"url\":\"https:\\\/\\\/luminairesgregoire.com\\\/en\\\/\",\"logo\":{\"@type\":\"ImageObject\",\"inLanguage\":\"en-US\",\"@id\":\"https:\\\/\\\/luminairesgregoire.com\\\/en\\\/#\\\/schema\\\/logo\\\/image\\\/\",\"url\":\"https:\\\/\\\/luminairesgregoire.com\\\/wp-content\\\/uploads\\\/2021\\\/05\\\/logo_CMYK-1-1.png\",\"contentUrl\":\"https:\\\/\\\/luminairesgregoire.com\\\/wp-content\\\/uploads\\\/2021\\\/05\\\/logo_CMYK-1-1.png\",\"width\":350,\"height\":164,\"caption\":\"Luminaires Paul Gr\u00e9goire\"},\"image\":{\"@id\":\"https:\\\/\\\/luminairesgregoire.com\\\/en\\\/#\\\/schema\\\/logo\\\/image\\\/\"}}]}<\/script>\n<!-- \/ Yoast SEO plugin. -->","yoast_head_json":{"title":"SUSPENDU 5-L LAITON- SACRAMENTO F8163-PBR-SSD - Luminaires Paul Gr\u00e9goire","description":"SUSPENDU 5-L LAITON- SACRAMENTO F8163-PBR-SSD - Discover our collection of designer lighting \u2014 pendants, lamps, and ceiling lights \u2014 to brighten every space with style and elegance.","robots":{"index":"index","follow":"follow","max-snippet":"max-snippet:-1","max-image-preview":"max-image-preview:large","max-video-preview":"max-video-preview:-1"},"canonical":"https:\/\/luminairesgregoire.com\/en\/product\/suspendu-5-l-laiton-sacramento-f8163-pbr-ssd\/","og_locale":"en_US","og_type":"article","og_title":"SUSPENDU 5-L LAITON- SACRAMENTO F8163-PBR-SSD - Luminaires Paul Gr\u00e9goire","og_description":"SUSPENDU 5-L LAITON- SACRAMENTO F8163-PBR-SSD - Discover our collection of designer lighting \u2014 pendants, lamps, and ceiling lights \u2014 to brighten every space with style and elegance.","og_url":"https:\/\/luminairesgregoire.com\/en\/product\/suspendu-5-l-laiton-sacramento-f8163-pbr-ssd\/","og_site_name":"Luminaires Paul Gr\u00e9goire","article_modified_time":"2026-05-11T16:22:16+00:00","og_image":[{"width":850,"height":850,"url":"https:\/\/luminairesgregoire.com\/wp-content\/uploads\/2026\/05\/Votre-texte-de-paragraphe-2026-05-11T112444.361.webp","type":"image\/jpeg"}],"twitter_card":"summary_large_image","twitter_misc":{"Est. reading time":"1 minute"},"schema":{"@context":"https:\/\/schema.org","@graph":[{"@type":"WebPage","@id":"https:\/\/luminairesgregoire.com\/en\/product\/suspendu-5-l-laiton-sacramento-f8163-pbr-ssd\/","url":"https:\/\/luminairesgregoire.com\/en\/product\/suspendu-5-l-laiton-sacramento-f8163-pbr-ssd\/","name":"SUSPENDU 5-L LAITON- SACRAMENTO F8163-PBR-SSD - Luminaires Paul Gr\u00e9goire","isPartOf":{"@id":"https:\/\/luminairesgregoire.com\/en\/#website"},"primaryImageOfPage":{"@id":"https:\/\/luminairesgregoire.com\/en\/product\/suspendu-5-l-laiton-sacramento-f8163-pbr-ssd\/#primaryimage"},"image":{"@id":"https:\/\/luminairesgregoire.com\/en\/product\/suspendu-5-l-laiton-sacramento-f8163-pbr-ssd\/#primaryimage"},"thumbnailUrl":"https:\/\/luminairesgregoire.com\/wp-content\/uploads\/2026\/05\/Votre-texte-de-paragraphe-2026-05-11T112444.361.webp","datePublished":"2026-04-22T06:53:35+00:00","dateModified":"2026-05-11T16:22:16+00:00","description":"SUSPENDU 5-L LAITON- SACRAMENTO F8163-PBR-SSD - Discover our collection of designer lighting \u2014 pendants, lamps, and ceiling lights \u2014 to brighten every space with style and elegance.","breadcrumb":{"@id":"https:\/\/luminairesgregoire.com\/en\/product\/suspendu-5-l-laiton-sacramento-f8163-pbr-ssd\/#breadcrumb"},"inLanguage":"en-US","potentialAction":[{"@type":"ReadAction","target":["https:\/\/luminairesgregoire.com\/en\/product\/suspendu-5-l-laiton-sacramento-f8163-pbr-ssd\/"]}]},{"@type":"ImageObject","inLanguage":"en-US","@id":"https:\/\/luminairesgregoire.com\/en\/product\/suspendu-5-l-laiton-sacramento-f8163-pbr-ssd\/#primaryimage","url":"https:\/\/luminairesgregoire.com\/wp-content\/uploads\/2026\/05\/Votre-texte-de-paragraphe-2026-05-11T112444.361.webp","contentUrl":"https:\/\/luminairesgregoire.com\/wp-content\/uploads\/2026\/05\/Votre-texte-de-paragraphe-2026-05-11T112444.361.webp","width":850,"height":850,"caption":"SUSPENDU 5-L LAITON- SACRAMENTO F8163-PBR-SSD"},{"@type":"BreadcrumbList","@id":"https:\/\/luminairesgregoire.com\/en\/product\/suspendu-5-l-laiton-sacramento-f8163-pbr-ssd\/#breadcrumb","itemListElement":[{"@type":"ListItem","position":1,"name":"Home","item":"https:\/\/luminairesgregoire.com\/en\/"},{"@type":"ListItem","position":2,"name":"Store","item":"https:\/\/luminairesgregoire.com\/en\/products\/"},{"@type":"ListItem","position":3,"name":"SUSPENDU 5-L LAITON- SACRAMENTO F8163-PBR-SSD"}]},{"@type":"WebSite","@id":"https:\/\/luminairesgregoire.com\/en\/#website","url":"https:\/\/luminairesgregoire.com\/en\/","name":"Luminaires Paul Gr\u00e9goire","description":"","publisher":{"@id":"https:\/\/luminairesgregoire.com\/en\/#organization"},"potentialAction":[{"@type":"SearchAction","target":{"@type":"EntryPoint","urlTemplate":"https:\/\/luminairesgregoire.com\/en\/?s={search_term_string}"},"query-input":{"@type":"PropertyValueSpecification","valueRequired":true,"valueName":"search_term_string"}}],"inLanguage":"en-US"},{"@type":"Organization","@id":"https:\/\/luminairesgregoire.com\/en\/#organization","name":"Luminaires Paul Gr\u00e9goire","url":"https:\/\/luminairesgregoire.com\/en\/","logo":{"@type":"ImageObject","inLanguage":"en-US","@id":"https:\/\/luminairesgregoire.com\/en\/#\/schema\/logo\/image\/","url":"https:\/\/luminairesgregoire.com\/wp-content\/uploads\/2021\/05\/logo_CMYK-1-1.png","contentUrl":"https:\/\/luminairesgregoire.com\/wp-content\/uploads\/2021\/05\/logo_CMYK-1-1.png","width":350,"height":164,"caption":"Luminaires Paul Gr\u00e9goire"},"image":{"@id":"https:\/\/luminairesgregoire.com\/en\/#\/schema\/logo\/image\/"}}]}},"_links":{"self":[{"href":"https:\/\/luminairesgregoire.com\/en\/wp-json\/wp\/v2\/product\/38644","targetHints":{"allow":["GET"]}}],"collection":[{"href":"https:\/\/luminairesgregoire.com\/en\/wp-json\/wp\/v2\/product"}],"about":[{"href":"https:\/\/luminairesgregoire.com\/en\/wp-json\/wp\/v2\/types\/product"}],"wp:featuredmedia":[{"embeddable":true,"href":"https:\/\/luminairesgregoire.com\/en\/wp-json\/wp\/v2\/media\/39751"}],"wp:attachment":[{"href":"https:\/\/luminairesgregoire.com\/en\/wp-json\/wp\/v2\/media?parent=38644"}],"wp:term":[{"taxonomy":"product_brand","embeddable":true,"href":"https:\/\/luminairesgregoire.com\/en\/wp-json\/wp\/v2\/product_brand?post=38644"},{"taxonomy":"product_cat","embeddable":true,"href":"https:\/\/luminairesgregoire.com\/en\/wp-json\/wp\/v2\/product_cat?post=38644"},{"taxonomy":"product_tag","embeddable":true,"href":"https:\/\/luminairesgregoire.com\/en\/wp-json\/wp\/v2\/product_tag?post=38644"}],"curies":[{"name":"wp","href":"https:\/\/api.w.org\/{rel}","templated":true}]}}