{"id":38689,"date":"2026-04-22T15:57:15","date_gmt":"2026-04-22T19:57:15","guid":{"rendered":"https:\/\/luminairesgregoire.com\/?post_type=product&#038;p=38689"},"modified":"2026-04-23T17:08:47","modified_gmt":"2026-04-23T21:08:47","slug":"murale-exterieur-blanc-classico-ac8091wh","status":"publish","type":"product","link":"https:\/\/luminairesgregoire.com\/en\/product\/murale-exterieur-blanc-classico-ac8091wh\/","title":{"rendered":"MURALE EXTERIEUR BLANC- CLASSICO AC8091WH"},"content":{"rendered":"<p data-start=\"140\" data-end=\"430\">nspir\u00e9e du style europ\u00e9en classique, cette applique murale ext\u00e9rieure de la collection Classico pr\u00e9sente un design lanterne orient\u00e9 vers le bas, \u00e9l\u00e9gant et intemporel. Son verre clair met en valeur l\u2019ampoule et assure une diffusion lumineuse efficace pour les entr\u00e9es, galeries ou fa\u00e7ades.<\/p>\n<p data-start=\"432\" data-end=\"565\">Sa finition blanche apporte une touche lumineuse et raffin\u00e9e, id\u00e9ale pour compl\u00e9ter un d\u00e9cor ext\u00e9rieur traditionnel ou transitionnel.<\/p>\n","protected":false},"excerpt":{"rendered":"<p>nspir\u00e9e du style europ\u00e9en classique, cette applique murale ext\u00e9rieure de la collection Classico pr\u00e9sente un design lanterne orient\u00e9 vers le bas, \u00e9l\u00e9gant et intemporel. Son verre clair met en valeur l\u2019ampoule et assure une diffusion lumineuse efficace pour les entr\u00e9es, galeries ou fa\u00e7ades. Sa finition blanche apporte une touche lumineuse et raffin\u00e9e, id\u00e9ale pour compl\u00e9ter [&hellip;]<\/p>\n","protected":false},"featured_media":38690,"template":"","meta":{"_acf_changed":false},"product_brand":[6014],"product_cat":[5837,5849],"product_tag":[],"class_list":{"0":"post-38689","1":"product","2":"type-product","3":"status-publish","4":"has-post-thumbnail","6":"product_brand-artcraft","7":"product_cat-eclairages-exterieurs","8":"product_cat-murales-exterieurs","9":"pa_finis-blanc","10":"pa_garantie-garantie-de-5-ans-contre-lusure-prematuree-ou-lecaillage-25-ans-moulage-et-structure","11":"pa_hauteur-17-5","12":"pa_largeur-6-25","14":"first","15":"instock","16":"taxable","17":"shipping-taxable","18":"purchasable","19":"product-type-simple"},"acf":[],"yoast_head":"<!-- This site is optimized with the Yoast SEO plugin v27.4 - https:\/\/yoast.com\/product\/yoast-seo-wordpress\/ -->\n<title>MURALE EXTERIEUR BLANC- CLASSICO AC8091WH - Luminaires Paul Gr\u00e9goire<\/title>\n<meta name=\"description\" content=\"MURALE EXTERIEUR BLANC- CLASSICO AC8091WH - Discover our collection of designer lighting \u2014 pendants, lamps, and ceiling lights \u2014 to brighten every space with style and elegance.\" \/>\n<meta name=\"robots\" content=\"index, follow, max-snippet:-1, max-image-preview:large, max-video-preview:-1\" \/>\n<link rel=\"canonical\" href=\"https:\/\/luminairesgregoire.com\/en\/product\/murale-exterieur-blanc-classico-ac8091wh\/\" \/>\n<meta property=\"og:locale\" content=\"en_US\" \/>\n<meta property=\"og:type\" content=\"article\" \/>\n<meta property=\"og:title\" content=\"MURALE EXTERIEUR BLANC- CLASSICO AC8091WH - Luminaires Paul Gr\u00e9goire\" \/>\n<meta property=\"og:description\" content=\"MURALE EXTERIEUR BLANC- CLASSICO AC8091WH - Discover our collection of designer lighting \u2014 pendants, lamps, and ceiling lights \u2014 to brighten every space with style and elegance.\" \/>\n<meta property=\"og:url\" content=\"https:\/\/luminairesgregoire.com\/en\/product\/murale-exterieur-blanc-classico-ac8091wh\/\" \/>\n<meta property=\"og:site_name\" content=\"Luminaires Paul Gr\u00e9goire\" \/>\n<meta property=\"article:modified_time\" content=\"2026-04-23T21:08:47+00:00\" \/>\n<meta property=\"og:image\" content=\"https:\/\/luminairesgregoire.com\/wp-content\/uploads\/2026\/04\/Votre-texte-de-paragraphe-2026-04-22T155108.275.webp\" \/>\n\t<meta property=\"og:image:width\" content=\"850\" \/>\n\t<meta property=\"og:image:height\" content=\"850\" \/>\n\t<meta property=\"og:image:type\" content=\"image\/jpeg\" \/>\n<meta name=\"twitter:card\" content=\"summary_large_image\" \/>\n<meta name=\"twitter:label1\" content=\"Est. reading time\" \/>\n\t<meta name=\"twitter:data1\" content=\"1 minute\" \/>\n<script type=\"application\/ld+json\" class=\"yoast-schema-graph\">{\"@context\":\"https:\\\/\\\/schema.org\",\"@graph\":[{\"@type\":\"WebPage\",\"@id\":\"https:\\\/\\\/luminairesgregoire.com\\\/en\\\/product\\\/murale-exterieur-blanc-classico-ac8091wh\\\/\",\"url\":\"https:\\\/\\\/luminairesgregoire.com\\\/en\\\/product\\\/murale-exterieur-blanc-classico-ac8091wh\\\/\",\"name\":\"MURALE EXTERIEUR BLANC- CLASSICO AC8091WH - Luminaires Paul Gr\u00e9goire\",\"isPartOf\":{\"@id\":\"https:\\\/\\\/luminairesgregoire.com\\\/en\\\/#website\"},\"primaryImageOfPage\":{\"@id\":\"https:\\\/\\\/luminairesgregoire.com\\\/en\\\/product\\\/murale-exterieur-blanc-classico-ac8091wh\\\/#primaryimage\"},\"image\":{\"@id\":\"https:\\\/\\\/luminairesgregoire.com\\\/en\\\/product\\\/murale-exterieur-blanc-classico-ac8091wh\\\/#primaryimage\"},\"thumbnailUrl\":\"https:\\\/\\\/luminairesgregoire.com\\\/wp-content\\\/uploads\\\/2026\\\/04\\\/Votre-texte-de-paragraphe-2026-04-22T155108.275.webp\",\"datePublished\":\"2026-04-22T19:57:15+00:00\",\"dateModified\":\"2026-04-23T21:08:47+00:00\",\"description\":\"MURALE EXTERIEUR BLANC- CLASSICO AC8091WH - Discover our collection of designer lighting \u2014 pendants, lamps, and ceiling lights \u2014 to brighten every space with style and elegance.\",\"breadcrumb\":{\"@id\":\"https:\\\/\\\/luminairesgregoire.com\\\/en\\\/product\\\/murale-exterieur-blanc-classico-ac8091wh\\\/#breadcrumb\"},\"inLanguage\":\"en-US\",\"potentialAction\":[{\"@type\":\"ReadAction\",\"target\":[\"https:\\\/\\\/luminairesgregoire.com\\\/en\\\/product\\\/murale-exterieur-blanc-classico-ac8091wh\\\/\"]}]},{\"@type\":\"ImageObject\",\"inLanguage\":\"en-US\",\"@id\":\"https:\\\/\\\/luminairesgregoire.com\\\/en\\\/product\\\/murale-exterieur-blanc-classico-ac8091wh\\\/#primaryimage\",\"url\":\"https:\\\/\\\/luminairesgregoire.com\\\/wp-content\\\/uploads\\\/2026\\\/04\\\/Votre-texte-de-paragraphe-2026-04-22T155108.275.webp\",\"contentUrl\":\"https:\\\/\\\/luminairesgregoire.com\\\/wp-content\\\/uploads\\\/2026\\\/04\\\/Votre-texte-de-paragraphe-2026-04-22T155108.275.webp\",\"width\":850,\"height\":850,\"caption\":\"MURALE EXTERIEUR BLANC- CLASSICO AC8091WH\"},{\"@type\":\"BreadcrumbList\",\"@id\":\"https:\\\/\\\/luminairesgregoire.com\\\/en\\\/product\\\/murale-exterieur-blanc-classico-ac8091wh\\\/#breadcrumb\",\"itemListElement\":[{\"@type\":\"ListItem\",\"position\":1,\"name\":\"Home\",\"item\":\"https:\\\/\\\/luminairesgregoire.com\\\/en\\\/\"},{\"@type\":\"ListItem\",\"position\":2,\"name\":\"Store\",\"item\":\"https:\\\/\\\/luminairesgregoire.com\\\/en\\\/products\\\/\"},{\"@type\":\"ListItem\",\"position\":3,\"name\":\"MURALE EXTERIEUR BLANC- CLASSICO AC8091WH\"}]},{\"@type\":\"WebSite\",\"@id\":\"https:\\\/\\\/luminairesgregoire.com\\\/en\\\/#website\",\"url\":\"https:\\\/\\\/luminairesgregoire.com\\\/en\\\/\",\"name\":\"Luminaires Paul Gr\u00e9goire\",\"description\":\"\",\"publisher\":{\"@id\":\"https:\\\/\\\/luminairesgregoire.com\\\/en\\\/#organization\"},\"potentialAction\":[{\"@type\":\"SearchAction\",\"target\":{\"@type\":\"EntryPoint\",\"urlTemplate\":\"https:\\\/\\\/luminairesgregoire.com\\\/en\\\/?s={search_term_string}\"},\"query-input\":{\"@type\":\"PropertyValueSpecification\",\"valueRequired\":true,\"valueName\":\"search_term_string\"}}],\"inLanguage\":\"en-US\"},{\"@type\":\"Organization\",\"@id\":\"https:\\\/\\\/luminairesgregoire.com\\\/en\\\/#organization\",\"name\":\"Luminaires Paul Gr\u00e9goire\",\"url\":\"https:\\\/\\\/luminairesgregoire.com\\\/en\\\/\",\"logo\":{\"@type\":\"ImageObject\",\"inLanguage\":\"en-US\",\"@id\":\"https:\\\/\\\/luminairesgregoire.com\\\/en\\\/#\\\/schema\\\/logo\\\/image\\\/\",\"url\":\"https:\\\/\\\/luminairesgregoire.com\\\/wp-content\\\/uploads\\\/2021\\\/05\\\/logo_CMYK-1-1.png\",\"contentUrl\":\"https:\\\/\\\/luminairesgregoire.com\\\/wp-content\\\/uploads\\\/2021\\\/05\\\/logo_CMYK-1-1.png\",\"width\":350,\"height\":164,\"caption\":\"Luminaires Paul Gr\u00e9goire\"},\"image\":{\"@id\":\"https:\\\/\\\/luminairesgregoire.com\\\/en\\\/#\\\/schema\\\/logo\\\/image\\\/\"}}]}<\/script>\n<!-- \/ Yoast SEO plugin. -->","yoast_head_json":{"title":"MURALE EXTERIEUR BLANC- CLASSICO AC8091WH - Luminaires Paul Gr\u00e9goire","description":"MURALE EXTERIEUR BLANC- CLASSICO AC8091WH - Discover our collection of designer lighting \u2014 pendants, lamps, and ceiling lights \u2014 to brighten every space with style and elegance.","robots":{"index":"index","follow":"follow","max-snippet":"max-snippet:-1","max-image-preview":"max-image-preview:large","max-video-preview":"max-video-preview:-1"},"canonical":"https:\/\/luminairesgregoire.com\/en\/product\/murale-exterieur-blanc-classico-ac8091wh\/","og_locale":"en_US","og_type":"article","og_title":"MURALE EXTERIEUR BLANC- CLASSICO AC8091WH - Luminaires Paul Gr\u00e9goire","og_description":"MURALE EXTERIEUR BLANC- CLASSICO AC8091WH - Discover our collection of designer lighting \u2014 pendants, lamps, and ceiling lights \u2014 to brighten every space with style and elegance.","og_url":"https:\/\/luminairesgregoire.com\/en\/product\/murale-exterieur-blanc-classico-ac8091wh\/","og_site_name":"Luminaires Paul Gr\u00e9goire","article_modified_time":"2026-04-23T21:08:47+00:00","og_image":[{"width":850,"height":850,"url":"https:\/\/luminairesgregoire.com\/wp-content\/uploads\/2026\/04\/Votre-texte-de-paragraphe-2026-04-22T155108.275.webp","type":"image\/jpeg"}],"twitter_card":"summary_large_image","twitter_misc":{"Est. reading time":"1 minute"},"schema":{"@context":"https:\/\/schema.org","@graph":[{"@type":"WebPage","@id":"https:\/\/luminairesgregoire.com\/en\/product\/murale-exterieur-blanc-classico-ac8091wh\/","url":"https:\/\/luminairesgregoire.com\/en\/product\/murale-exterieur-blanc-classico-ac8091wh\/","name":"MURALE EXTERIEUR BLANC- CLASSICO AC8091WH - Luminaires Paul Gr\u00e9goire","isPartOf":{"@id":"https:\/\/luminairesgregoire.com\/en\/#website"},"primaryImageOfPage":{"@id":"https:\/\/luminairesgregoire.com\/en\/product\/murale-exterieur-blanc-classico-ac8091wh\/#primaryimage"},"image":{"@id":"https:\/\/luminairesgregoire.com\/en\/product\/murale-exterieur-blanc-classico-ac8091wh\/#primaryimage"},"thumbnailUrl":"https:\/\/luminairesgregoire.com\/wp-content\/uploads\/2026\/04\/Votre-texte-de-paragraphe-2026-04-22T155108.275.webp","datePublished":"2026-04-22T19:57:15+00:00","dateModified":"2026-04-23T21:08:47+00:00","description":"MURALE EXTERIEUR BLANC- CLASSICO AC8091WH - Discover our collection of designer lighting \u2014 pendants, lamps, and ceiling lights \u2014 to brighten every space with style and elegance.","breadcrumb":{"@id":"https:\/\/luminairesgregoire.com\/en\/product\/murale-exterieur-blanc-classico-ac8091wh\/#breadcrumb"},"inLanguage":"en-US","potentialAction":[{"@type":"ReadAction","target":["https:\/\/luminairesgregoire.com\/en\/product\/murale-exterieur-blanc-classico-ac8091wh\/"]}]},{"@type":"ImageObject","inLanguage":"en-US","@id":"https:\/\/luminairesgregoire.com\/en\/product\/murale-exterieur-blanc-classico-ac8091wh\/#primaryimage","url":"https:\/\/luminairesgregoire.com\/wp-content\/uploads\/2026\/04\/Votre-texte-de-paragraphe-2026-04-22T155108.275.webp","contentUrl":"https:\/\/luminairesgregoire.com\/wp-content\/uploads\/2026\/04\/Votre-texte-de-paragraphe-2026-04-22T155108.275.webp","width":850,"height":850,"caption":"MURALE EXTERIEUR BLANC- CLASSICO AC8091WH"},{"@type":"BreadcrumbList","@id":"https:\/\/luminairesgregoire.com\/en\/product\/murale-exterieur-blanc-classico-ac8091wh\/#breadcrumb","itemListElement":[{"@type":"ListItem","position":1,"name":"Home","item":"https:\/\/luminairesgregoire.com\/en\/"},{"@type":"ListItem","position":2,"name":"Store","item":"https:\/\/luminairesgregoire.com\/en\/products\/"},{"@type":"ListItem","position":3,"name":"MURALE EXTERIEUR BLANC- CLASSICO AC8091WH"}]},{"@type":"WebSite","@id":"https:\/\/luminairesgregoire.com\/en\/#website","url":"https:\/\/luminairesgregoire.com\/en\/","name":"Luminaires Paul Gr\u00e9goire","description":"","publisher":{"@id":"https:\/\/luminairesgregoire.com\/en\/#organization"},"potentialAction":[{"@type":"SearchAction","target":{"@type":"EntryPoint","urlTemplate":"https:\/\/luminairesgregoire.com\/en\/?s={search_term_string}"},"query-input":{"@type":"PropertyValueSpecification","valueRequired":true,"valueName":"search_term_string"}}],"inLanguage":"en-US"},{"@type":"Organization","@id":"https:\/\/luminairesgregoire.com\/en\/#organization","name":"Luminaires Paul Gr\u00e9goire","url":"https:\/\/luminairesgregoire.com\/en\/","logo":{"@type":"ImageObject","inLanguage":"en-US","@id":"https:\/\/luminairesgregoire.com\/en\/#\/schema\/logo\/image\/","url":"https:\/\/luminairesgregoire.com\/wp-content\/uploads\/2021\/05\/logo_CMYK-1-1.png","contentUrl":"https:\/\/luminairesgregoire.com\/wp-content\/uploads\/2021\/05\/logo_CMYK-1-1.png","width":350,"height":164,"caption":"Luminaires Paul Gr\u00e9goire"},"image":{"@id":"https:\/\/luminairesgregoire.com\/en\/#\/schema\/logo\/image\/"}}]}},"_links":{"self":[{"href":"https:\/\/luminairesgregoire.com\/en\/wp-json\/wp\/v2\/product\/38689","targetHints":{"allow":["GET"]}}],"collection":[{"href":"https:\/\/luminairesgregoire.com\/en\/wp-json\/wp\/v2\/product"}],"about":[{"href":"https:\/\/luminairesgregoire.com\/en\/wp-json\/wp\/v2\/types\/product"}],"wp:featuredmedia":[{"embeddable":true,"href":"https:\/\/luminairesgregoire.com\/en\/wp-json\/wp\/v2\/media\/38690"}],"wp:attachment":[{"href":"https:\/\/luminairesgregoire.com\/en\/wp-json\/wp\/v2\/media?parent=38689"}],"wp:term":[{"taxonomy":"product_brand","embeddable":true,"href":"https:\/\/luminairesgregoire.com\/en\/wp-json\/wp\/v2\/product_brand?post=38689"},{"taxonomy":"product_cat","embeddable":true,"href":"https:\/\/luminairesgregoire.com\/en\/wp-json\/wp\/v2\/product_cat?post=38689"},{"taxonomy":"product_tag","embeddable":true,"href":"https:\/\/luminairesgregoire.com\/en\/wp-json\/wp\/v2\/product_tag?post=38689"}],"curies":[{"name":"wp","href":"https:\/\/api.w.org\/{rel}","templated":true}]}}