{"id":39037,"date":"2026-04-29T02:21:19","date_gmt":"2026-04-29T06:21:19","guid":{"rendered":"https:\/\/luminairesgregoire.com\/?post_type=product&#038;p=39037"},"modified":"2026-05-14T17:36:55","modified_gmt":"2026-05-14T21:36:55","slug":"murale-exterieur-del-noir-terra-dvp30871bk","status":"publish","type":"product","link":"https:\/\/luminairesgregoire.com\/en\/product\/murale-exterieur-del-noir-terra-dvp30871bk\/","title":{"rendered":"MURALE EXT\u00c9RIEUR DEL NOIR- TERRA DVP30871BK"},"content":{"rendered":"<p>Applique murale ext\u00e9rieure DEL au design compact et moderne. La collection Terra offre un \u00e9clairage dirig\u00e9 vers le bas, id\u00e9al pour les entr\u00e9es, fa\u00e7ades, balcons ou espaces ext\u00e9rieurs contemporains. Avec son format carr\u00e9 de 4,75 po et son DEL int\u00e9gr\u00e9 de 3000K, elle procure une lumi\u00e8re chaude et efficace tout en conservant une allure \u00e9pur\u00e9e.<\/p>\n","protected":false},"excerpt":{"rendered":"<p>Applique murale ext\u00e9rieure DEL au design compact et moderne. La collection Terra offre un \u00e9clairage dirig\u00e9 vers le bas, id\u00e9al pour les entr\u00e9es, fa\u00e7ades, balcons ou espaces ext\u00e9rieurs contemporains. Avec son format carr\u00e9 de 4,75 po et son DEL int\u00e9gr\u00e9 de 3000K, elle procure une lumi\u00e8re chaude et efficace tout en conservant une allure \u00e9pur\u00e9e.<\/p>\n","protected":false},"featured_media":40019,"template":"","meta":{"_acf_changed":false},"product_brand":[6013],"product_cat":[5837,5849],"product_tag":[],"class_list":{"0":"post-39037","1":"product","2":"type-product","3":"status-publish","4":"has-post-thumbnail","6":"product_brand-dvi-lighting","7":"product_cat-eclairages-exterieurs","8":"product_cat-murales-exterieurs","9":"pa_ampoules-incluses-oui","10":"pa_extension-4-3-4","11":"pa_finis-noir","12":"pa_garantie-5-ans","13":"pa_hauteur-4-75","14":"pa_largeur-4-75","15":"pa_nombre-dampoules-6417","16":"pa_types-dampoules-del-integre","17":"pa_watts-20-w","19":"first","20":"instock","21":"taxable","22":"shipping-taxable","23":"purchasable","24":"product-type-simple"},"acf":[],"yoast_head":"<!-- This site is optimized with the Yoast SEO plugin v27.4 - https:\/\/yoast.com\/product\/yoast-seo-wordpress\/ -->\n<title>MURALE EXT\u00c9RIEUR DEL NOIR- TERRA DVP30871BK - Luminaires Paul Gr\u00e9goire<\/title>\n<meta name=\"description\" content=\"MURALE EXT\u00c9RIEUR DEL NOIR- TERRA DVP30871BK - Discover our collection of designer lighting \u2014 pendants, lamps, and ceiling lights \u2014 to brighten every space with style and elegance.\" \/>\n<meta name=\"robots\" content=\"index, follow, max-snippet:-1, max-image-preview:large, max-video-preview:-1\" \/>\n<link rel=\"canonical\" href=\"https:\/\/luminairesgregoire.com\/en\/product\/murale-exterieur-del-noir-terra-dvp30871bk\/\" \/>\n<meta property=\"og:locale\" content=\"en_US\" \/>\n<meta property=\"og:type\" content=\"article\" \/>\n<meta property=\"og:title\" content=\"MURALE EXT\u00c9RIEUR DEL NOIR- TERRA DVP30871BK - Luminaires Paul Gr\u00e9goire\" \/>\n<meta property=\"og:description\" content=\"MURALE EXT\u00c9RIEUR DEL NOIR- TERRA DVP30871BK - Discover our collection of designer lighting \u2014 pendants, lamps, and ceiling lights \u2014 to brighten every space with style and elegance.\" \/>\n<meta property=\"og:url\" content=\"https:\/\/luminairesgregoire.com\/en\/product\/murale-exterieur-del-noir-terra-dvp30871bk\/\" \/>\n<meta property=\"og:site_name\" content=\"Luminaires Paul Gr\u00e9goire\" \/>\n<meta property=\"article:modified_time\" content=\"2026-05-14T21:36:55+00:00\" \/>\n<meta property=\"og:image\" content=\"https:\/\/luminairesgregoire.com\/wp-content\/uploads\/2026\/05\/Votre-texte-de-paragraphe-2026-05-14T172950.511.webp\" \/>\n\t<meta property=\"og:image:width\" content=\"850\" \/>\n\t<meta property=\"og:image:height\" content=\"850\" \/>\n\t<meta property=\"og:image:type\" content=\"image\/jpeg\" \/>\n<meta name=\"twitter:card\" content=\"summary_large_image\" \/>\n<meta name=\"twitter:label1\" content=\"Est. reading time\" \/>\n\t<meta name=\"twitter:data1\" content=\"1 minute\" \/>\n<script type=\"application\/ld+json\" class=\"yoast-schema-graph\">{\"@context\":\"https:\\\/\\\/schema.org\",\"@graph\":[{\"@type\":\"WebPage\",\"@id\":\"https:\\\/\\\/luminairesgregoire.com\\\/en\\\/product\\\/murale-exterieur-del-noir-terra-dvp30871bk\\\/\",\"url\":\"https:\\\/\\\/luminairesgregoire.com\\\/en\\\/product\\\/murale-exterieur-del-noir-terra-dvp30871bk\\\/\",\"name\":\"MURALE EXT\u00c9RIEUR DEL NOIR- TERRA DVP30871BK - Luminaires Paul Gr\u00e9goire\",\"isPartOf\":{\"@id\":\"https:\\\/\\\/luminairesgregoire.com\\\/en\\\/#website\"},\"primaryImageOfPage\":{\"@id\":\"https:\\\/\\\/luminairesgregoire.com\\\/en\\\/product\\\/murale-exterieur-del-noir-terra-dvp30871bk\\\/#primaryimage\"},\"image\":{\"@id\":\"https:\\\/\\\/luminairesgregoire.com\\\/en\\\/product\\\/murale-exterieur-del-noir-terra-dvp30871bk\\\/#primaryimage\"},\"thumbnailUrl\":\"https:\\\/\\\/luminairesgregoire.com\\\/wp-content\\\/uploads\\\/2026\\\/05\\\/Votre-texte-de-paragraphe-2026-05-14T172950.511.webp\",\"datePublished\":\"2026-04-29T06:21:19+00:00\",\"dateModified\":\"2026-05-14T21:36:55+00:00\",\"description\":\"MURALE EXT\u00c9RIEUR DEL NOIR- TERRA DVP30871BK - Discover our collection of designer lighting \u2014 pendants, lamps, and ceiling lights \u2014 to brighten every space with style and elegance.\",\"breadcrumb\":{\"@id\":\"https:\\\/\\\/luminairesgregoire.com\\\/en\\\/product\\\/murale-exterieur-del-noir-terra-dvp30871bk\\\/#breadcrumb\"},\"inLanguage\":\"en-US\",\"potentialAction\":[{\"@type\":\"ReadAction\",\"target\":[\"https:\\\/\\\/luminairesgregoire.com\\\/en\\\/product\\\/murale-exterieur-del-noir-terra-dvp30871bk\\\/\"]}]},{\"@type\":\"ImageObject\",\"inLanguage\":\"en-US\",\"@id\":\"https:\\\/\\\/luminairesgregoire.com\\\/en\\\/product\\\/murale-exterieur-del-noir-terra-dvp30871bk\\\/#primaryimage\",\"url\":\"https:\\\/\\\/luminairesgregoire.com\\\/wp-content\\\/uploads\\\/2026\\\/05\\\/Votre-texte-de-paragraphe-2026-05-14T172950.511.webp\",\"contentUrl\":\"https:\\\/\\\/luminairesgregoire.com\\\/wp-content\\\/uploads\\\/2026\\\/05\\\/Votre-texte-de-paragraphe-2026-05-14T172950.511.webp\",\"width\":850,\"height\":850,\"caption\":\"MURALE EXT\u00c9RIEUR DEL NOIR- TERRA DVP30871BK\"},{\"@type\":\"BreadcrumbList\",\"@id\":\"https:\\\/\\\/luminairesgregoire.com\\\/en\\\/product\\\/murale-exterieur-del-noir-terra-dvp30871bk\\\/#breadcrumb\",\"itemListElement\":[{\"@type\":\"ListItem\",\"position\":1,\"name\":\"Home\",\"item\":\"https:\\\/\\\/luminairesgregoire.com\\\/en\\\/\"},{\"@type\":\"ListItem\",\"position\":2,\"name\":\"Store\",\"item\":\"https:\\\/\\\/luminairesgregoire.com\\\/en\\\/products\\\/\"},{\"@type\":\"ListItem\",\"position\":3,\"name\":\"MURALE EXT\u00c9RIEUR DEL NOIR- TERRA DVP30871BK\"}]},{\"@type\":\"WebSite\",\"@id\":\"https:\\\/\\\/luminairesgregoire.com\\\/en\\\/#website\",\"url\":\"https:\\\/\\\/luminairesgregoire.com\\\/en\\\/\",\"name\":\"Luminaires Paul Gr\u00e9goire\",\"description\":\"\",\"publisher\":{\"@id\":\"https:\\\/\\\/luminairesgregoire.com\\\/en\\\/#organization\"},\"potentialAction\":[{\"@type\":\"SearchAction\",\"target\":{\"@type\":\"EntryPoint\",\"urlTemplate\":\"https:\\\/\\\/luminairesgregoire.com\\\/en\\\/?s={search_term_string}\"},\"query-input\":{\"@type\":\"PropertyValueSpecification\",\"valueRequired\":true,\"valueName\":\"search_term_string\"}}],\"inLanguage\":\"en-US\"},{\"@type\":\"Organization\",\"@id\":\"https:\\\/\\\/luminairesgregoire.com\\\/en\\\/#organization\",\"name\":\"Luminaires Paul Gr\u00e9goire\",\"url\":\"https:\\\/\\\/luminairesgregoire.com\\\/en\\\/\",\"logo\":{\"@type\":\"ImageObject\",\"inLanguage\":\"en-US\",\"@id\":\"https:\\\/\\\/luminairesgregoire.com\\\/en\\\/#\\\/schema\\\/logo\\\/image\\\/\",\"url\":\"https:\\\/\\\/luminairesgregoire.com\\\/wp-content\\\/uploads\\\/2021\\\/05\\\/logo_CMYK-1-1.png\",\"contentUrl\":\"https:\\\/\\\/luminairesgregoire.com\\\/wp-content\\\/uploads\\\/2021\\\/05\\\/logo_CMYK-1-1.png\",\"width\":350,\"height\":164,\"caption\":\"Luminaires Paul Gr\u00e9goire\"},\"image\":{\"@id\":\"https:\\\/\\\/luminairesgregoire.com\\\/en\\\/#\\\/schema\\\/logo\\\/image\\\/\"}}]}<\/script>\n<!-- \/ Yoast SEO plugin. -->","yoast_head_json":{"title":"MURALE EXT\u00c9RIEUR DEL NOIR- TERRA DVP30871BK - Luminaires Paul Gr\u00e9goire","description":"MURALE EXT\u00c9RIEUR DEL NOIR- TERRA DVP30871BK - Discover our collection of designer lighting \u2014 pendants, lamps, and ceiling lights \u2014 to brighten every space with style and elegance.","robots":{"index":"index","follow":"follow","max-snippet":"max-snippet:-1","max-image-preview":"max-image-preview:large","max-video-preview":"max-video-preview:-1"},"canonical":"https:\/\/luminairesgregoire.com\/en\/product\/murale-exterieur-del-noir-terra-dvp30871bk\/","og_locale":"en_US","og_type":"article","og_title":"MURALE EXT\u00c9RIEUR DEL NOIR- TERRA DVP30871BK - Luminaires Paul Gr\u00e9goire","og_description":"MURALE EXT\u00c9RIEUR DEL NOIR- TERRA DVP30871BK - Discover our collection of designer lighting \u2014 pendants, lamps, and ceiling lights \u2014 to brighten every space with style and elegance.","og_url":"https:\/\/luminairesgregoire.com\/en\/product\/murale-exterieur-del-noir-terra-dvp30871bk\/","og_site_name":"Luminaires Paul Gr\u00e9goire","article_modified_time":"2026-05-14T21:36:55+00:00","og_image":[{"width":850,"height":850,"url":"https:\/\/luminairesgregoire.com\/wp-content\/uploads\/2026\/05\/Votre-texte-de-paragraphe-2026-05-14T172950.511.webp","type":"image\/jpeg"}],"twitter_card":"summary_large_image","twitter_misc":{"Est. reading time":"1 minute"},"schema":{"@context":"https:\/\/schema.org","@graph":[{"@type":"WebPage","@id":"https:\/\/luminairesgregoire.com\/en\/product\/murale-exterieur-del-noir-terra-dvp30871bk\/","url":"https:\/\/luminairesgregoire.com\/en\/product\/murale-exterieur-del-noir-terra-dvp30871bk\/","name":"MURALE EXT\u00c9RIEUR DEL NOIR- TERRA DVP30871BK - Luminaires Paul Gr\u00e9goire","isPartOf":{"@id":"https:\/\/luminairesgregoire.com\/en\/#website"},"primaryImageOfPage":{"@id":"https:\/\/luminairesgregoire.com\/en\/product\/murale-exterieur-del-noir-terra-dvp30871bk\/#primaryimage"},"image":{"@id":"https:\/\/luminairesgregoire.com\/en\/product\/murale-exterieur-del-noir-terra-dvp30871bk\/#primaryimage"},"thumbnailUrl":"https:\/\/luminairesgregoire.com\/wp-content\/uploads\/2026\/05\/Votre-texte-de-paragraphe-2026-05-14T172950.511.webp","datePublished":"2026-04-29T06:21:19+00:00","dateModified":"2026-05-14T21:36:55+00:00","description":"MURALE EXT\u00c9RIEUR DEL NOIR- TERRA DVP30871BK - Discover our collection of designer lighting \u2014 pendants, lamps, and ceiling lights \u2014 to brighten every space with style and elegance.","breadcrumb":{"@id":"https:\/\/luminairesgregoire.com\/en\/product\/murale-exterieur-del-noir-terra-dvp30871bk\/#breadcrumb"},"inLanguage":"en-US","potentialAction":[{"@type":"ReadAction","target":["https:\/\/luminairesgregoire.com\/en\/product\/murale-exterieur-del-noir-terra-dvp30871bk\/"]}]},{"@type":"ImageObject","inLanguage":"en-US","@id":"https:\/\/luminairesgregoire.com\/en\/product\/murale-exterieur-del-noir-terra-dvp30871bk\/#primaryimage","url":"https:\/\/luminairesgregoire.com\/wp-content\/uploads\/2026\/05\/Votre-texte-de-paragraphe-2026-05-14T172950.511.webp","contentUrl":"https:\/\/luminairesgregoire.com\/wp-content\/uploads\/2026\/05\/Votre-texte-de-paragraphe-2026-05-14T172950.511.webp","width":850,"height":850,"caption":"MURALE EXT\u00c9RIEUR DEL NOIR- TERRA DVP30871BK"},{"@type":"BreadcrumbList","@id":"https:\/\/luminairesgregoire.com\/en\/product\/murale-exterieur-del-noir-terra-dvp30871bk\/#breadcrumb","itemListElement":[{"@type":"ListItem","position":1,"name":"Home","item":"https:\/\/luminairesgregoire.com\/en\/"},{"@type":"ListItem","position":2,"name":"Store","item":"https:\/\/luminairesgregoire.com\/en\/products\/"},{"@type":"ListItem","position":3,"name":"MURALE EXT\u00c9RIEUR DEL NOIR- TERRA DVP30871BK"}]},{"@type":"WebSite","@id":"https:\/\/luminairesgregoire.com\/en\/#website","url":"https:\/\/luminairesgregoire.com\/en\/","name":"Luminaires Paul Gr\u00e9goire","description":"","publisher":{"@id":"https:\/\/luminairesgregoire.com\/en\/#organization"},"potentialAction":[{"@type":"SearchAction","target":{"@type":"EntryPoint","urlTemplate":"https:\/\/luminairesgregoire.com\/en\/?s={search_term_string}"},"query-input":{"@type":"PropertyValueSpecification","valueRequired":true,"valueName":"search_term_string"}}],"inLanguage":"en-US"},{"@type":"Organization","@id":"https:\/\/luminairesgregoire.com\/en\/#organization","name":"Luminaires Paul Gr\u00e9goire","url":"https:\/\/luminairesgregoire.com\/en\/","logo":{"@type":"ImageObject","inLanguage":"en-US","@id":"https:\/\/luminairesgregoire.com\/en\/#\/schema\/logo\/image\/","url":"https:\/\/luminairesgregoire.com\/wp-content\/uploads\/2021\/05\/logo_CMYK-1-1.png","contentUrl":"https:\/\/luminairesgregoire.com\/wp-content\/uploads\/2021\/05\/logo_CMYK-1-1.png","width":350,"height":164,"caption":"Luminaires Paul Gr\u00e9goire"},"image":{"@id":"https:\/\/luminairesgregoire.com\/en\/#\/schema\/logo\/image\/"}}]}},"_links":{"self":[{"href":"https:\/\/luminairesgregoire.com\/en\/wp-json\/wp\/v2\/product\/39037","targetHints":{"allow":["GET"]}}],"collection":[{"href":"https:\/\/luminairesgregoire.com\/en\/wp-json\/wp\/v2\/product"}],"about":[{"href":"https:\/\/luminairesgregoire.com\/en\/wp-json\/wp\/v2\/types\/product"}],"wp:featuredmedia":[{"embeddable":true,"href":"https:\/\/luminairesgregoire.com\/en\/wp-json\/wp\/v2\/media\/40019"}],"wp:attachment":[{"href":"https:\/\/luminairesgregoire.com\/en\/wp-json\/wp\/v2\/media?parent=39037"}],"wp:term":[{"taxonomy":"product_brand","embeddable":true,"href":"https:\/\/luminairesgregoire.com\/en\/wp-json\/wp\/v2\/product_brand?post=39037"},{"taxonomy":"product_cat","embeddable":true,"href":"https:\/\/luminairesgregoire.com\/en\/wp-json\/wp\/v2\/product_cat?post=39037"},{"taxonomy":"product_tag","embeddable":true,"href":"https:\/\/luminairesgregoire.com\/en\/wp-json\/wp\/v2\/product_tag?post=39037"}],"curies":[{"name":"wp","href":"https:\/\/api.w.org\/{rel}","templated":true}]}}