{"id":39038,"date":"2026-04-29T02:43:51","date_gmt":"2026-04-29T06:43:51","guid":{"rendered":"https:\/\/luminairesgregoire.com\/?post_type=product&#038;p=39038"},"modified":"2026-05-14T19:08:10","modified_gmt":"2026-05-14T23:08:10","slug":"encastre-multi-spots-del-blanc-pinpoint-msl4-cc-awh","status":"publish","type":"product","link":"https:\/\/luminairesgregoire.com\/en\/product\/encastre-multi-spots-del-blanc-pinpoint-msl4-cc-awh\/","title":{"rendered":"ENCASTR\u00c9 MULTI SPOTS DEL BLANC- PINPOINT MSL4-CC-AWH"},"content":{"rendered":"<p>Offrant un style contemporain et fonctionnel \u00e0 n\u2019importe quel espace, la s\u00e9rie encastr\u00e9e MSL est disponible dans diff\u00e9rents styles et fonctionnalit\u00e9s. Encadr\u00e9s par une finition enduite de poudre, ces luminaires \u00e0 haut rendement offrent une \u00e9mission nette et peu \u00e9blouissante. Disponible avec une optique multidirectionnelle pivotante ou un downlight fixe traditionnel.<\/p>\n","protected":false},"excerpt":{"rendered":"<p>Offrant un style contemporain et fonctionnel \u00e0 n\u2019importe quel espace, la s\u00e9rie encastr\u00e9e MSL est disponible dans diff\u00e9rents styles et fonctionnalit\u00e9s. Encadr\u00e9s par une finition enduite de poudre, ces luminaires \u00e0 haut rendement offrent une \u00e9mission nette et peu \u00e9blouissante. Disponible avec une optique multidirectionnelle pivotante ou un downlight fixe traditionnel.<\/p>\n","protected":false},"featured_media":40023,"template":"","meta":{"_acf_changed":false},"product_brand":[6019],"product_cat":[5883],"product_tag":[],"class_list":{"0":"post-39038","1":"product","2":"type-product","3":"status-publish","4":"has-post-thumbnail","6":"product_brand-dals","7":"product_cat-encastre","8":"pa_ampoules-incluses-oui","9":"pa_finis-blanc","10":"pa_kelvin-5cct-2700k-3000k-3500k-4000k-5000k","11":"pa_largeur-3-1-8","12":"pa_lumens-600-lm","13":"pa_profondeur-2-3-8","14":"pa_types-dampoules-del-integre","15":"pa_watts-12-w","17":"first","18":"instock","19":"taxable","20":"shipping-taxable","21":"purchasable","22":"product-type-simple"},"acf":[],"yoast_head":"<!-- This site is optimized with the Yoast SEO plugin v27.4 - https:\/\/yoast.com\/product\/yoast-seo-wordpress\/ -->\n<title>ENCASTR\u00c9 MULTI SPOTS DEL BLANC- PINPOINT MSL4-CC-AWH<\/title>\n<meta name=\"description\" content=\"ENCASTR\u00c9 MULTI SPOTS DEL BLANC- PINPOINT MSL4-CC-AWH - Discover our collection of designer lighting \u2014 pendants, lamps, and ceiling lights \u2014 to brighten every space with style and elegance.\" \/>\n<meta name=\"robots\" content=\"index, follow, max-snippet:-1, max-image-preview:large, max-video-preview:-1\" \/>\n<link rel=\"canonical\" href=\"https:\/\/luminairesgregoire.com\/en\/product\/encastre-multi-spots-del-blanc-pinpoint-msl4-cc-awh\/\" \/>\n<meta property=\"og:locale\" content=\"en_US\" \/>\n<meta property=\"og:type\" content=\"article\" \/>\n<meta property=\"og:title\" content=\"ENCASTR\u00c9 MULTI SPOTS DEL BLANC- PINPOINT MSL4-CC-AWH\" \/>\n<meta property=\"og:description\" content=\"ENCASTR\u00c9 MULTI SPOTS DEL BLANC- PINPOINT MSL4-CC-AWH - Discover our collection of designer lighting \u2014 pendants, lamps, and ceiling lights \u2014 to brighten every space with style and elegance.\" \/>\n<meta property=\"og:url\" content=\"https:\/\/luminairesgregoire.com\/en\/product\/encastre-multi-spots-del-blanc-pinpoint-msl4-cc-awh\/\" \/>\n<meta property=\"og:site_name\" content=\"Luminaires Paul Gr\u00e9goire\" \/>\n<meta property=\"article:modified_time\" content=\"2026-05-14T23:08:10+00:00\" \/>\n<meta property=\"og:image\" content=\"https:\/\/luminairesgregoire.com\/wp-content\/uploads\/2026\/05\/Votre-texte-de-paragraphe-2026-05-14T174315.021.webp\" \/>\n\t<meta property=\"og:image:width\" content=\"850\" \/>\n\t<meta property=\"og:image:height\" content=\"850\" \/>\n\t<meta property=\"og:image:type\" content=\"image\/jpeg\" \/>\n<meta name=\"twitter:card\" content=\"summary_large_image\" \/>\n<meta name=\"twitter:label1\" content=\"Est. reading time\" \/>\n\t<meta name=\"twitter:data1\" content=\"1 minute\" \/>\n<script type=\"application\/ld+json\" class=\"yoast-schema-graph\">{\"@context\":\"https:\\\/\\\/schema.org\",\"@graph\":[{\"@type\":\"WebPage\",\"@id\":\"https:\\\/\\\/luminairesgregoire.com\\\/en\\\/product\\\/encastre-multi-spots-del-blanc-pinpoint-msl4-cc-awh\\\/\",\"url\":\"https:\\\/\\\/luminairesgregoire.com\\\/en\\\/product\\\/encastre-multi-spots-del-blanc-pinpoint-msl4-cc-awh\\\/\",\"name\":\"ENCASTR\u00c9 MULTI SPOTS DEL BLANC- PINPOINT MSL4-CC-AWH\",\"isPartOf\":{\"@id\":\"https:\\\/\\\/luminairesgregoire.com\\\/en\\\/#website\"},\"primaryImageOfPage\":{\"@id\":\"https:\\\/\\\/luminairesgregoire.com\\\/en\\\/product\\\/encastre-multi-spots-del-blanc-pinpoint-msl4-cc-awh\\\/#primaryimage\"},\"image\":{\"@id\":\"https:\\\/\\\/luminairesgregoire.com\\\/en\\\/product\\\/encastre-multi-spots-del-blanc-pinpoint-msl4-cc-awh\\\/#primaryimage\"},\"thumbnailUrl\":\"https:\\\/\\\/luminairesgregoire.com\\\/wp-content\\\/uploads\\\/2026\\\/05\\\/Votre-texte-de-paragraphe-2026-05-14T174315.021.webp\",\"datePublished\":\"2026-04-29T06:43:51+00:00\",\"dateModified\":\"2026-05-14T23:08:10+00:00\",\"description\":\"ENCASTR\u00c9 MULTI SPOTS DEL BLANC- PINPOINT MSL4-CC-AWH - Discover our collection of designer lighting \u2014 pendants, lamps, and ceiling lights \u2014 to brighten every space with style and elegance.\",\"breadcrumb\":{\"@id\":\"https:\\\/\\\/luminairesgregoire.com\\\/en\\\/product\\\/encastre-multi-spots-del-blanc-pinpoint-msl4-cc-awh\\\/#breadcrumb\"},\"inLanguage\":\"en-US\",\"potentialAction\":[{\"@type\":\"ReadAction\",\"target\":[\"https:\\\/\\\/luminairesgregoire.com\\\/en\\\/product\\\/encastre-multi-spots-del-blanc-pinpoint-msl4-cc-awh\\\/\"]}]},{\"@type\":\"ImageObject\",\"inLanguage\":\"en-US\",\"@id\":\"https:\\\/\\\/luminairesgregoire.com\\\/en\\\/product\\\/encastre-multi-spots-del-blanc-pinpoint-msl4-cc-awh\\\/#primaryimage\",\"url\":\"https:\\\/\\\/luminairesgregoire.com\\\/wp-content\\\/uploads\\\/2026\\\/05\\\/Votre-texte-de-paragraphe-2026-05-14T174315.021.webp\",\"contentUrl\":\"https:\\\/\\\/luminairesgregoire.com\\\/wp-content\\\/uploads\\\/2026\\\/05\\\/Votre-texte-de-paragraphe-2026-05-14T174315.021.webp\",\"width\":850,\"height\":850,\"caption\":\"ENCASTR\u00c9 MULTI SPOTS DEL BLANC- PINPOINT MSL4-CC-AWH\"},{\"@type\":\"BreadcrumbList\",\"@id\":\"https:\\\/\\\/luminairesgregoire.com\\\/en\\\/product\\\/encastre-multi-spots-del-blanc-pinpoint-msl4-cc-awh\\\/#breadcrumb\",\"itemListElement\":[{\"@type\":\"ListItem\",\"position\":1,\"name\":\"Home\",\"item\":\"https:\\\/\\\/luminairesgregoire.com\\\/en\\\/\"},{\"@type\":\"ListItem\",\"position\":2,\"name\":\"Store\",\"item\":\"https:\\\/\\\/luminairesgregoire.com\\\/en\\\/products\\\/\"},{\"@type\":\"ListItem\",\"position\":3,\"name\":\"ENCASTR\u00c9 MULTI SPOTS DEL BLANC- PINPOINT MSL4-CC-AWH\"}]},{\"@type\":\"WebSite\",\"@id\":\"https:\\\/\\\/luminairesgregoire.com\\\/en\\\/#website\",\"url\":\"https:\\\/\\\/luminairesgregoire.com\\\/en\\\/\",\"name\":\"Luminaires Paul Gr\u00e9goire\",\"description\":\"\",\"publisher\":{\"@id\":\"https:\\\/\\\/luminairesgregoire.com\\\/en\\\/#organization\"},\"potentialAction\":[{\"@type\":\"SearchAction\",\"target\":{\"@type\":\"EntryPoint\",\"urlTemplate\":\"https:\\\/\\\/luminairesgregoire.com\\\/en\\\/?s={search_term_string}\"},\"query-input\":{\"@type\":\"PropertyValueSpecification\",\"valueRequired\":true,\"valueName\":\"search_term_string\"}}],\"inLanguage\":\"en-US\"},{\"@type\":\"Organization\",\"@id\":\"https:\\\/\\\/luminairesgregoire.com\\\/en\\\/#organization\",\"name\":\"Luminaires Paul Gr\u00e9goire\",\"url\":\"https:\\\/\\\/luminairesgregoire.com\\\/en\\\/\",\"logo\":{\"@type\":\"ImageObject\",\"inLanguage\":\"en-US\",\"@id\":\"https:\\\/\\\/luminairesgregoire.com\\\/en\\\/#\\\/schema\\\/logo\\\/image\\\/\",\"url\":\"https:\\\/\\\/luminairesgregoire.com\\\/wp-content\\\/uploads\\\/2021\\\/05\\\/logo_CMYK-1-1.png\",\"contentUrl\":\"https:\\\/\\\/luminairesgregoire.com\\\/wp-content\\\/uploads\\\/2021\\\/05\\\/logo_CMYK-1-1.png\",\"width\":350,\"height\":164,\"caption\":\"Luminaires Paul Gr\u00e9goire\"},\"image\":{\"@id\":\"https:\\\/\\\/luminairesgregoire.com\\\/en\\\/#\\\/schema\\\/logo\\\/image\\\/\"}}]}<\/script>\n<!-- \/ Yoast SEO plugin. -->","yoast_head_json":{"title":"ENCASTR\u00c9 MULTI SPOTS DEL BLANC- PINPOINT MSL4-CC-AWH","description":"ENCASTR\u00c9 MULTI SPOTS DEL BLANC- PINPOINT MSL4-CC-AWH - Discover our collection of designer lighting \u2014 pendants, lamps, and ceiling lights \u2014 to brighten every space with style and elegance.","robots":{"index":"index","follow":"follow","max-snippet":"max-snippet:-1","max-image-preview":"max-image-preview:large","max-video-preview":"max-video-preview:-1"},"canonical":"https:\/\/luminairesgregoire.com\/en\/product\/encastre-multi-spots-del-blanc-pinpoint-msl4-cc-awh\/","og_locale":"en_US","og_type":"article","og_title":"ENCASTR\u00c9 MULTI SPOTS DEL BLANC- PINPOINT MSL4-CC-AWH","og_description":"ENCASTR\u00c9 MULTI SPOTS DEL BLANC- PINPOINT MSL4-CC-AWH - Discover our collection of designer lighting \u2014 pendants, lamps, and ceiling lights \u2014 to brighten every space with style and elegance.","og_url":"https:\/\/luminairesgregoire.com\/en\/product\/encastre-multi-spots-del-blanc-pinpoint-msl4-cc-awh\/","og_site_name":"Luminaires Paul Gr\u00e9goire","article_modified_time":"2026-05-14T23:08:10+00:00","og_image":[{"width":850,"height":850,"url":"https:\/\/luminairesgregoire.com\/wp-content\/uploads\/2026\/05\/Votre-texte-de-paragraphe-2026-05-14T174315.021.webp","type":"image\/jpeg"}],"twitter_card":"summary_large_image","twitter_misc":{"Est. reading time":"1 minute"},"schema":{"@context":"https:\/\/schema.org","@graph":[{"@type":"WebPage","@id":"https:\/\/luminairesgregoire.com\/en\/product\/encastre-multi-spots-del-blanc-pinpoint-msl4-cc-awh\/","url":"https:\/\/luminairesgregoire.com\/en\/product\/encastre-multi-spots-del-blanc-pinpoint-msl4-cc-awh\/","name":"ENCASTR\u00c9 MULTI SPOTS DEL BLANC- PINPOINT MSL4-CC-AWH","isPartOf":{"@id":"https:\/\/luminairesgregoire.com\/en\/#website"},"primaryImageOfPage":{"@id":"https:\/\/luminairesgregoire.com\/en\/product\/encastre-multi-spots-del-blanc-pinpoint-msl4-cc-awh\/#primaryimage"},"image":{"@id":"https:\/\/luminairesgregoire.com\/en\/product\/encastre-multi-spots-del-blanc-pinpoint-msl4-cc-awh\/#primaryimage"},"thumbnailUrl":"https:\/\/luminairesgregoire.com\/wp-content\/uploads\/2026\/05\/Votre-texte-de-paragraphe-2026-05-14T174315.021.webp","datePublished":"2026-04-29T06:43:51+00:00","dateModified":"2026-05-14T23:08:10+00:00","description":"ENCASTR\u00c9 MULTI SPOTS DEL BLANC- PINPOINT MSL4-CC-AWH - Discover our collection of designer lighting \u2014 pendants, lamps, and ceiling lights \u2014 to brighten every space with style and elegance.","breadcrumb":{"@id":"https:\/\/luminairesgregoire.com\/en\/product\/encastre-multi-spots-del-blanc-pinpoint-msl4-cc-awh\/#breadcrumb"},"inLanguage":"en-US","potentialAction":[{"@type":"ReadAction","target":["https:\/\/luminairesgregoire.com\/en\/product\/encastre-multi-spots-del-blanc-pinpoint-msl4-cc-awh\/"]}]},{"@type":"ImageObject","inLanguage":"en-US","@id":"https:\/\/luminairesgregoire.com\/en\/product\/encastre-multi-spots-del-blanc-pinpoint-msl4-cc-awh\/#primaryimage","url":"https:\/\/luminairesgregoire.com\/wp-content\/uploads\/2026\/05\/Votre-texte-de-paragraphe-2026-05-14T174315.021.webp","contentUrl":"https:\/\/luminairesgregoire.com\/wp-content\/uploads\/2026\/05\/Votre-texte-de-paragraphe-2026-05-14T174315.021.webp","width":850,"height":850,"caption":"ENCASTR\u00c9 MULTI SPOTS DEL BLANC- PINPOINT MSL4-CC-AWH"},{"@type":"BreadcrumbList","@id":"https:\/\/luminairesgregoire.com\/en\/product\/encastre-multi-spots-del-blanc-pinpoint-msl4-cc-awh\/#breadcrumb","itemListElement":[{"@type":"ListItem","position":1,"name":"Home","item":"https:\/\/luminairesgregoire.com\/en\/"},{"@type":"ListItem","position":2,"name":"Store","item":"https:\/\/luminairesgregoire.com\/en\/products\/"},{"@type":"ListItem","position":3,"name":"ENCASTR\u00c9 MULTI SPOTS DEL BLANC- PINPOINT MSL4-CC-AWH"}]},{"@type":"WebSite","@id":"https:\/\/luminairesgregoire.com\/en\/#website","url":"https:\/\/luminairesgregoire.com\/en\/","name":"Luminaires Paul Gr\u00e9goire","description":"","publisher":{"@id":"https:\/\/luminairesgregoire.com\/en\/#organization"},"potentialAction":[{"@type":"SearchAction","target":{"@type":"EntryPoint","urlTemplate":"https:\/\/luminairesgregoire.com\/en\/?s={search_term_string}"},"query-input":{"@type":"PropertyValueSpecification","valueRequired":true,"valueName":"search_term_string"}}],"inLanguage":"en-US"},{"@type":"Organization","@id":"https:\/\/luminairesgregoire.com\/en\/#organization","name":"Luminaires Paul Gr\u00e9goire","url":"https:\/\/luminairesgregoire.com\/en\/","logo":{"@type":"ImageObject","inLanguage":"en-US","@id":"https:\/\/luminairesgregoire.com\/en\/#\/schema\/logo\/image\/","url":"https:\/\/luminairesgregoire.com\/wp-content\/uploads\/2021\/05\/logo_CMYK-1-1.png","contentUrl":"https:\/\/luminairesgregoire.com\/wp-content\/uploads\/2021\/05\/logo_CMYK-1-1.png","width":350,"height":164,"caption":"Luminaires Paul Gr\u00e9goire"},"image":{"@id":"https:\/\/luminairesgregoire.com\/en\/#\/schema\/logo\/image\/"}}]}},"_links":{"self":[{"href":"https:\/\/luminairesgregoire.com\/en\/wp-json\/wp\/v2\/product\/39038","targetHints":{"allow":["GET"]}}],"collection":[{"href":"https:\/\/luminairesgregoire.com\/en\/wp-json\/wp\/v2\/product"}],"about":[{"href":"https:\/\/luminairesgregoire.com\/en\/wp-json\/wp\/v2\/types\/product"}],"wp:featuredmedia":[{"embeddable":true,"href":"https:\/\/luminairesgregoire.com\/en\/wp-json\/wp\/v2\/media\/40023"}],"wp:attachment":[{"href":"https:\/\/luminairesgregoire.com\/en\/wp-json\/wp\/v2\/media?parent=39038"}],"wp:term":[{"taxonomy":"product_brand","embeddable":true,"href":"https:\/\/luminairesgregoire.com\/en\/wp-json\/wp\/v2\/product_brand?post=39038"},{"taxonomy":"product_cat","embeddable":true,"href":"https:\/\/luminairesgregoire.com\/en\/wp-json\/wp\/v2\/product_cat?post=39038"},{"taxonomy":"product_tag","embeddable":true,"href":"https:\/\/luminairesgregoire.com\/en\/wp-json\/wp\/v2\/product_tag?post=39038"}],"curies":[{"name":"wp","href":"https:\/\/api.w.org\/{rel}","templated":true}]}}